{"id":2022,"date":"2017-05-07T07:27:10","date_gmt":"2017-05-07T06:27:10","guid":{"rendered":"http:\/\/revistaeco.cepcordoba.es\/?page_id=2022"},"modified":"2018-05-07T06:09:56","modified_gmt":"2018-05-07T05:09:56","slug":"numero-extraordinario-formacion-del-profesorado-abril-2012","status":"publish","type":"page","link":"http:\/\/revistaeco.cepcordoba.es\/index.php\/numero-extraordinario-formacion-del-profesorado-abril-2012\/","title":{"rendered":"N\u00famero Extraordinario. \u00abFormaci\u00f3n del profesorado\u00bb\u00a0(Abril, 2012)"},"content":{"rendered":"<p><span style=\"font-size: 12pt; color: #800000;\"><strong>EDITORIAL<\/strong><\/span><\/p>\n<ul>\n<li><span style=\"font-size: 12pt;\"><a href=\"http:\/\/wp.me\/p8j08t-7n\" target=\"_blank\" rel=\"noopener noreferrer\">Una formaci\u00f3n para tiempos de crisis<\/a><\/span><\/li>\n<\/ul>\n<p>&nbsp;<\/p>\n<p><span style=\"font-size: 12pt; color: #800000;\"><strong>PRESENTACI\u00d3N DEL MONOGR\u00c1FICO<\/strong><\/span><\/p>\n<ul>\n<li style=\"text-align: justify;\"><span style=\"font-size: 12pt;\"><a href=\"http:\/\/wp.me\/p8j08t-7o\" target=\"_blank\" rel=\"noopener noreferrer\">Transformar la Formaci\u00f3n del Profesorado.<\/a>\u00a0<strong>Calvillo Jurado, Miguel. Lucena Rubio, Manuel. Moraga Campos, Jos\u00e9<\/strong><\/span><\/li>\n<\/ul>\n<p>&nbsp;<\/p>\n<p><span style=\"font-size: 12pt; color: #800000;\"><strong>Primera parte: Problem\u00e1tica general de la formaci\u00f3n del profesorado<\/strong><\/span><\/p>\n<ul>\n<li><span style=\"font-size: 12pt;\"><a href=\"http:\/\/revistaeco.cepcordoba.es\/index.php\/2012\/03\/29\/el-futuro-de-la-formacion-del-profesorado\/\">El futuro de la formaci\u00f3n del profesorado<\/a>. <strong>Bol\u00edvar Bot\u00eda, Antonio.<\/strong><\/span><\/li>\n<li>\n<p style=\"text-align: justify;\"><span style=\"font-size: 12pt;\"><a href=\"http:\/\/revistaeco.cepcordoba.es\/index.php\/2012\/03\/29\/la-formacion-del-profesorado-entre-la-realidad-y-el-deseo\/\">La formaci\u00f3n del profesorado entre la realidad y el deseo<\/a>. <strong>Gonz\u00e1lez Manj\u00f3n, David<\/strong><\/span><\/p>\n<\/li>\n<li>\n<p style=\"text-align: justify;\"><span style=\"font-size: 12pt;\"><a href=\"http:\/\/revistaeco.cepcordoba.es\/index.php\/2012\/04\/17\/reflexiones-sobre-la-organizacion-y-gestion-de-los-centros-del-profesorado\/\">Reflexiones sobre la organizaci\u00f3n y gesti\u00f3n de los centros del profesorado<\/a>.<strong> Ruiz Serrano, Rafael<\/strong><\/span><\/p>\n<\/li>\n<li><span style=\"font-size: 12pt;\"><a href=\"http:\/\/revistaeco.cepcordoba.es\/index.php\/2012\/03\/13\/la-formacion-del-profesorado-la-innovacion-la-investigacion-y-la-practica-educativa\/\">La formaci\u00f3n del profesorado, la innovaci\u00f3n, la investigaci\u00f3n y la pr\u00e1ctica educativa<\/a>. <strong>Sol\u00eds Ram\u00edrez, Emilio<\/strong><\/span><\/li>\n<li>\n<p style=\"text-align: justify;\"><span style=\"font-size: 12pt;\"><a href=\"http:\/\/revistaeco.cepcordoba.es\/index.php\/2012\/04\/10\/formacion-inicial-del-profesorado-una-vision-desde-el-decanato-de-la-facultad-de-educacion\/\">Formaci\u00f3n inicial del profesorado. Una visi\u00f3n desde el decanato de la facultad de Ciencias de la Educaci\u00f3n<\/a>.<strong> Villamandos de la Torre, Francisco<\/strong><\/span><\/p>\n<p style=\"text-align: justify;\"><span style=\"font-size: 12pt;\">\u00a0<\/span><\/p>\n<\/li>\n<\/ul>\n<p><span style=\"font-size: 12pt; color: #800000;\"><strong>Segunda parte: Planteamientos formativos de algunas zonas dentro o fuera de Espa\u00f1a<\/strong><\/span><\/p>\n<ul>\n<li>\n<p style=\"text-align: justify;\"><span style=\"font-size: 12pt;\"><a href=\"http:\/\/revistaeco.cepcordoba.es\/index.php\/2012\/03\/29\/la-necesidad-de-crecer-como-profesional-la-formacion-del-profesorado-en-el-pais-vasco\/\">La necesidad de crecer como profesional: la formaci\u00f3n del profesorado en el Pa\u00eds Vasco<\/a>. <strong>Basterra Coss\u00edo, Ana<\/strong><\/span><\/p>\n<\/li>\n<li><span style=\"font-size: 12pt;\"><a href=\"http:\/\/revistaeco.cepcordoba.es\/index.php\/2012\/02\/28\/formacion-inicial-docente-en-chile\/\">Formaci\u00f3n inicial en Chile.<\/a>\u00a0<strong>Gonz\u00e1lez Brito, Adolfo Ignacio. Calvo Rost, Eduardo Arturo<\/strong><\/span><\/li>\n<li><span style=\"font-size: 12pt;\"><a href=\"http:\/\/revistaeco.cepcordoba.es\/index.php\/2012\/03\/13\/sistema-de-formacion-inicial-en-finlandia\/\">Sistema de formaci\u00f3n inicial en Finlandia.<\/a>\u00a0<strong>Merino Serrano, Dolores<\/strong><\/span><\/li>\n<li><span style=\"font-size: 12pt;\"><a href=\"http:\/\/revistaeco.cepcordoba.es\/index.php\/2012\/04\/10\/formacion-permanente-del-docente-en-extremadura\/\">Formaci\u00f3n permanente del docente en Extremadura<\/a>.<strong> Rodr\u00edguez Rold\u00e1n,\u00a0Mar\u00eda del Pilar<\/strong><\/span><\/li>\n<\/ul>\n<p>&nbsp;<\/p>\n<p><span style=\"font-size: 12pt; color: #800000;\"><strong>Tercera parte: Problem\u00e1tica de formaci\u00f3n en \u00e1mbitos especializados<\/strong><\/span><\/p>\n<ul>\n<li><span style=\"font-size: 12pt;\"><a href=\"http:\/\/revistaeco.cepcordoba.es\/index.php\/2012\/04\/03\/en-tres-vistas-la-formacion-del-profesorado-bibliotecario-escolar\/\">La formaci\u00f3n del profesorado bibliotecario escolar<\/a>. <strong>Escorsa, Montserrat. Santorum, Gracia. Calvillo, Miguel<\/strong><\/span><\/li>\n<li><span style=\"font-size: 12pt;\"><a href=\"http:\/\/revistaeco.cepcordoba.es\/index.php\/2012\/04\/10\/formar-a-los-que-forman-como-alfabetizar-a-los-que-alfabetizan-en-un-mundo-digital\/\">Formar a los que forman. C\u00f3mo alfabetizar a los que alfabetizan en un mundo digital<\/a>.\u00a0<strong>Lara, T\u00edscar<\/strong><\/span><\/li>\n<li>\n<p style=\"text-align: justify;\"><span style=\"font-size: 12pt;\"><a href=\"http:\/\/revistaeco.cepcordoba.es\/index.php\/2012\/03\/29\/la-formacion-de-maestros-y-maestras-de-educacion-infantil\/\">La formaci\u00f3n de maestros y maestras de educaci\u00f3n infantil<\/a>. <strong>M\u00e9rida Serrano, Rosario. Romera Mor\u00f3n, Mar. S\u00e1nchez Utrillas, Nuria<br \/>\n<\/strong><\/span><\/p>\n<\/li>\n<li><span style=\"font-size: 12pt;\"><a href=\"http:\/\/revistaeco.cepcordoba.es\/index.php\/2012\/03\/13\/formacion-docente-en-el-ambito-artistico-deportivo\/\">Formaci\u00f3n del docente en el \u00e1mbito art\u00edstico-deportivo<\/a>. <strong>Narganes Robas, Jos\u00e9 Claudio<\/strong><\/span><\/li>\n<li><span style=\"font-size: 12pt;\">F<a href=\"http:\/\/revistaeco.cepcordoba.es\/index.php\/2012\/03\/29\/formacion-en-el-ambito-lingueistico\/\">ormaci\u00f3n del profesorado en el \u00e1mbito ling\u00fc\u00edstico<\/a>.\u00a0<strong>P\u00e9rez G\u00f3mez, Mar\u00eda del Mar. Gonz\u00e1lez Mendiz\u00e1bal, Irene. Fern\u00e1ndez Campos, Adela<\/strong><\/span><\/li>\n<li><span style=\"font-size: 12pt;\"><a href=\"http:\/\/revistaeco.cepcordoba.es\/index.php\/2012\/04\/10\/la-formacion-del-profesorado-en-convivencia\/\">La formaci\u00f3n del profesorado en convivencia<\/a>.\u00a0<strong>Uru\u00f1uela N\u00e1jera, Pedro<\/strong><\/span>\n<p style=\"text-align: justify;\"><span style=\"font-size: 12pt;\">\u00a0<\/span><\/p>\n<\/li>\n<\/ul>\n","protected":false},"excerpt":{"rendered":"<p>EDITORIAL Una formaci\u00f3n para tiempos de crisis &nbsp; PRESENTACI\u00d3N DEL MONOGR\u00c1FICO Transformar la Formaci\u00f3n del Profesorado.\u00a0Calvillo Jurado, Miguel. Lucena Rubio, Manuel. Moraga Campos, Jos\u00e9 &nbsp; Primera parte: Problem\u00e1tica general de la formaci\u00f3n del profesorado El futuro de la formaci\u00f3n del profesorado. Bol\u00edvar Bot\u00eda, Antonio. La formaci\u00f3n del profesorado entre la realidad y el deseo. Gonz\u00e1lez &hellip; <\/p>\n<p><a class=\"more-link btn\" href=\"http:\/\/revistaeco.cepcordoba.es\/index.php\/numero-extraordinario-formacion-del-profesorado-abril-2012\/\">Seguir leyendo<\/a><\/p>\n","protected":false},"author":2,"featured_media":0,"parent":0,"menu_order":0,"comment_status":"closed","ping_status":"closed","template":"template-twocolumnsleft.php","meta":{"jetpack_post_was_ever_published":false,"footnotes":""},"class_list":["post-2022","page","type-page","status-publish","hentry","nodate","item-wrap"],"jetpack_sharing_enabled":true,"jetpack_shortlink":"https:\/\/wp.me\/P8j08t-wC","_links":{"self":[{"href":"http:\/\/revistaeco.cepcordoba.es\/index.php\/wp-json\/wp\/v2\/pages\/2022","targetHints":{"allow":["GET"]}}],"collection":[{"href":"http:\/\/revistaeco.cepcordoba.es\/index.php\/wp-json\/wp\/v2\/pages"}],"about":[{"href":"http:\/\/revistaeco.cepcordoba.es\/index.php\/wp-json\/wp\/v2\/types\/page"}],"author":[{"embeddable":true,"href":"http:\/\/revistaeco.cepcordoba.es\/index.php\/wp-json\/wp\/v2\/users\/2"}],"replies":[{"embeddable":true,"href":"http:\/\/revistaeco.cepcordoba.es\/index.php\/wp-json\/wp\/v2\/comments?post=2022"}],"version-history":[{"count":5,"href":"http:\/\/revistaeco.cepcordoba.es\/index.php\/wp-json\/wp\/v2\/pages\/2022\/revisions"}],"predecessor-version":[{"id":2832,"href":"http:\/\/revistaeco.cepcordoba.es\/index.php\/wp-json\/wp\/v2\/pages\/2022\/revisions\/2832"}],"wp:attachment":[{"href":"http:\/\/revistaeco.cepcordoba.es\/index.php\/wp-json\/wp\/v2\/media?parent=2022"}],"curies":[{"name":"wp","href":"https:\/\/api.w.org\/{rel}","templated":true}]}}