{"id":3666,"date":"2019-05-20T09:12:37","date_gmt":"2019-05-20T08:12:37","guid":{"rendered":"http:\/\/revistaeco.cepcordoba.es\/?page_id=3666"},"modified":"2026-02-03T10:00:09","modified_gmt":"2026-02-03T09:00:09","slug":"contactos","status":"publish","type":"page","link":"http:\/\/revistaeco.cepcordoba.es\/index.php\/contactos\/","title":{"rendered":"Contactos"},"content":{"rendered":"\n<h4 data-tadv-p=\"keep\"><em>Revista e-CO<\/em><\/h4>\n<h4 data-tadv-p=\"keep\"><em>Revista Digital de Educaci\u00f3n y formaci\u00f3n del Profesorado<\/em><\/h4>\n<h2>\u00a0<\/h2>\n<h3><strong>Contacto<\/strong><\/h3>\n<p><strong>Jos\u00e9 Moraga Campos<\/strong>, Centro del profesorado de C\u00f3rdoba<\/p>\n<p>Correo electr\u00f3nico:\u00a0 secretaria_revistaeco@cepcordoba.org<\/p>\n<p><span style=\"font-size: inherit;\">Tel\u00e9fono: 671567349<\/span><\/p>\n<p>\u00a0<\/p>\n<p><strong>Centro del Profesorado de C\u00f3rdoba<\/strong><\/p>\n<p>Calle Do\u00f1a Berenguela, n\u00ba 2. 14006 C\u00f3rdoba.<\/p>\n<p>Tel\u00e9fono: 957352481\/Fax: 957352511<\/p>\n<p>\u00a0<\/p>\n<h3 data-tadv-p=\"keep\"><strong>Contacto de asistencia<\/strong><\/h3>\n<p><strong>Alfonso G\u00f3mez Barbudo<\/strong>, Centro del profesorado de C\u00f3rdoba<\/p>\n<p>Correo electr\u00f3nico: alfonso@cepcordoba.org \u00a0<\/p>\n<p>\u00a0<\/p>\n<p>\u00a0<\/p>\n<p><strong>Revista e-CO ISSN 1697-9745 | Dep\u00f3sito Legal: CO-1139\/2009<\/strong><\/p>\n","protected":false},"excerpt":{"rendered":"<p>Revista e-CO Revista Digital de Educaci\u00f3n y formaci\u00f3n del Profesorado \u00a0 Contacto Jos\u00e9 Moraga Campos, Centro del profesorado de C\u00f3rdoba Correo electr\u00f3nico:\u00a0 secretaria_revistaeco@cepcordoba.org Tel\u00e9fono: 671567349 \u00a0 Centro del Profesorado de C\u00f3rdoba Calle Do\u00f1a Berenguela, n\u00ba 2. 14006 C\u00f3rdoba. Tel\u00e9fono: 957352481\/Fax: 957352511 \u00a0 Contacto de asistencia Alfonso G\u00f3mez Barbudo, Centro del profesorado de C\u00f3rdoba Correo electr\u00f3nico: &hellip; <\/p>\n<p><a class=\"more-link btn\" href=\"http:\/\/revistaeco.cepcordoba.es\/index.php\/contactos\/\">Seguir leyendo<\/a><\/p>\n","protected":false},"author":1,"featured_media":0,"parent":0,"menu_order":0,"comment_status":"closed","ping_status":"closed","template":"","meta":{"jetpack_post_was_ever_published":false,"footnotes":""},"class_list":["post-3666","page","type-page","status-publish","hentry","nodate","item-wrap"],"jetpack_sharing_enabled":true,"jetpack_shortlink":"https:\/\/wp.me\/P8j08t-X8","_links":{"self":[{"href":"http:\/\/revistaeco.cepcordoba.es\/index.php\/wp-json\/wp\/v2\/pages\/3666","targetHints":{"allow":["GET"]}}],"collection":[{"href":"http:\/\/revistaeco.cepcordoba.es\/index.php\/wp-json\/wp\/v2\/pages"}],"about":[{"href":"http:\/\/revistaeco.cepcordoba.es\/index.php\/wp-json\/wp\/v2\/types\/page"}],"author":[{"embeddable":true,"href":"http:\/\/revistaeco.cepcordoba.es\/index.php\/wp-json\/wp\/v2\/users\/1"}],"replies":[{"embeddable":true,"href":"http:\/\/revistaeco.cepcordoba.es\/index.php\/wp-json\/wp\/v2\/comments?post=3666"}],"version-history":[{"count":21,"href":"http:\/\/revistaeco.cepcordoba.es\/index.php\/wp-json\/wp\/v2\/pages\/3666\/revisions"}],"predecessor-version":[{"id":6044,"href":"http:\/\/revistaeco.cepcordoba.es\/index.php\/wp-json\/wp\/v2\/pages\/3666\/revisions\/6044"}],"wp:attachment":[{"href":"http:\/\/revistaeco.cepcordoba.es\/index.php\/wp-json\/wp\/v2\/media?parent=3666"}],"curies":[{"name":"wp","href":"https:\/\/api.w.org\/{rel}","templated":true}]}}