{"id":3692,"date":"2019-05-21T10:34:43","date_gmt":"2019-05-21T09:34:43","guid":{"rendered":"http:\/\/revistaeco.cepcordoba.es\/?page_id=3692"},"modified":"2019-06-07T19:10:34","modified_gmt":"2019-06-07T18:10:34","slug":"organigrama","status":"publish","type":"page","link":"http:\/\/revistaeco.cepcordoba.es\/index.php\/organigrama\/","title":{"rendered":"Organigrama ant."},"content":{"rendered":"\n<h1>\u00bfQui\u00e9nes trabajamos en e-CO?<\/h1>\n<h3>\u00a0<\/h3>\n<h3>Director<\/h3>\n<table style=\"border-collapse: collapse; width: 100%;\">\n<tbody>\n<tr>\n<td style=\"width: 50%;\">Jos\u00e9 Moraga Campos, Centro del Profesorado de C\u00f3rdoba.<\/td>\n<td style=\"width: 50%;\"><img loading=\"lazy\" decoding=\"async\" class=\"alignleft size-full wp-image-3902\" src=\"http:\/\/revistaeco.cepcordoba.es\/wp-content\/uploads\/2019\/06\/moraga.png\" alt=\"\" width=\"202\" height=\"18\" \/><\/td>\n<\/tr>\n<\/tbody>\n<\/table>\n<p><span style=\"color: #23282d; font-size: 1.4em; font-weight: 600;\">Jefe de redacci\u00f3n<\/span><\/p>\n<table style=\"border-collapse: collapse; width: 100%;\">\n<tbody>\n<tr>\n<td style=\"width: 50.2778%;\">Miguel Calvillo Jurado, Centro del Profesorado de C\u00f3rdoba.<\/td>\n<td style=\"width: 49.7222%;\"><img loading=\"lazy\" decoding=\"async\" class=\"alignleft size-full wp-image-3906\" src=\"http:\/\/revistaeco.cepcordoba.es\/wp-content\/uploads\/2019\/06\/calvillo.png\" alt=\"\" width=\"207\" height=\"18\" \/><\/td>\n<\/tr>\n<\/tbody>\n<\/table>\n<h3>Consejo de redacci\u00f3n<\/h3>\n<table style=\"border-collapse: collapse; border-style: none;\" border=\"0\">\n<tbody>\n<tr>\n<td style=\"width: 50%;\">Mercedes Arias Gonz\u00e1lez, Centro del Profesorado de C\u00f3rdoba.<\/td>\n<td style=\"width: 50%;\"><img loading=\"lazy\" decoding=\"async\" class=\"alignleft size-full wp-image-3895\" src=\"http:\/\/revistaeco.cepcordoba.es\/wp-content\/uploads\/2019\/06\/mercedes2-1.png\" alt=\"\" width=\"223\" height=\"18\" \/><\/td>\n<\/tr>\n<tr>\n<td style=\"width: 50%;\">Trinidad Jerez Montoya, Centro del Profesorado de C\u00f3rdoba.<\/td>\n<td style=\"width: 50%;\">trinidadjerez@cepcordoba.org<\/td>\n<\/tr>\n<tr>\n<td style=\"width: 50%;\">Manuel \u00c1ngel Jim\u00e9nez G\u00f3mez, Centro del Profesorado de C\u00f3rdoba.<\/td>\n<td style=\"width: 50%;\">mjimenez@cepcordoba.org<\/td>\n<\/tr>\n<tr>\n<td style=\"width: 50%;\">Ana L\u00f3pez Parra, Centro del Profesorado de C\u00f3rdoba.<\/td>\n<td style=\"width: 50%;\">analop@cepcordoba.org<\/td>\n<\/tr>\n<tr>\n<td style=\"width: 50%;\">Beatriz Mart\u00ednez Serrano, Centro del Profesorado de C\u00f3rdoba.<\/td>\n<td style=\"width: 50%;\">bemase@cepcordoba.org<\/td>\n<\/tr>\n<tr>\n<td style=\"width: 50%;\">Rosa Mar\u00eda Solano Fern\u00e1ndez, Centro del Profesorado de C\u00f3rdoba.<\/td>\n<td style=\"width: 50%;\">igualdad@cepcordoba.org<\/td>\n<\/tr>\n<\/tbody>\n<\/table>\n<h3>\u00a0<\/h3>\n<h3>Comit\u00e9 cient\u00edfico<\/h3>\n<p>Pablo \u00c1lvarez Dom\u00ednguez, Universidad de Sevilla<\/p>\n<p>Azahara Ar\u00e9valo Gal\u00e1n, Colegio de Educaci\u00f3n Infantil y Primaria \u00a0Duque de Rivas (C\u00f3rdoba)<\/p>\n<p>Rafael Bracho L\u00f3pez, Universidad de C\u00f3rdoba<\/p>\n<p>Linda Johanna Casta\u00f1eda Quintero, Universidad de Murcia<\/p>\n<p>Beatriz Corpas Mart\u00edn, Colegio de Educaci\u00f3n Infantil y Primaria \u00a0Araceli Bujalance Arcos (Encinarejo, C\u00f3rdoba)<\/p>\n<p>Alberto D\u00edaz-Villase\u00f1or Cabrero, Centro del Profesorado de Pe\u00f1arroya-Pueblonuevo (C\u00f3rdoba)<\/p>\n<p>Beatriz Garrido Ramos,\u00a0Universidad Nacional de Educaci\u00f3n a Distancia (UNED).<\/p>\n<p>Leonor Mart\u00ednez Serrano, Centro del Profesorado de Priego-Montilla (C\u00f3rdoba)<\/p>\n<p>Joaqu\u00edn Mesa S\u00e1nchez, Instituto de Educaci\u00f3n Secundaria Gran Capit\u00e1n (C\u00f3rdoba)<\/p>\n<p>V\u00edctor Pablo Pardo Arquero, Colegio de Educaci\u00f3n Infantil y Primaria Antonio Machado (Lucena, C\u00f3rdoba)<\/p>\n<p>Jos\u00e9 Ram\u00f3n Pedraza Serrano, Instituto de Educaci\u00f3n Secundaria Averroes (C\u00f3rdoba)<\/p>\n<p>\u00c1ngel Manuel Ramos Zamora, Centro del Profesorado de Villamart\u00edn (C\u00e1diz)<\/p>\n<p>Jos\u00e9 Mar\u00eda Ruiz Palomo, Instituto de Educaci\u00f3n Secundaria Cartima (Estaci\u00f3n de C\u00e1rtama, M\u00e1laga)<\/p>\n<p>Jos\u00e9 Carlos Ruiz S\u00e1nchez, Universidad de C\u00f3rdoba<\/p>\n<p>Emilio Sol\u00eds Ram\u00edrez, Universidad de Sevilla<\/p>\n<p>Fernando Trujillo S\u00e1ez, Universidad de Granada<\/p>\n<p>Margarita Vald\u00e9s D\u00edaz, Centro del Profesorado y de Recursos\u00a0 de Avil\u00e9s-Occidente (Asturias)<\/p>\n<p>Pilar V\u00e1zquez Fern\u00e1ndez, Equipo de Orientaci\u00f3n Educativa de Palma del R\u00edo (C\u00f3rdoba)<\/p>\n<h3><br \/>\u00c1rea de dise\u00f1o y publicaci\u00f3n<\/h3>\n<h4>Jefe de dise\u00f1o y publicaci\u00f3n<\/h4>\n<p>Alfonso G\u00f3mez Barbudo, Centro del Profesorado de C\u00f3rdoba.<\/p>\n<h4>Redes sociales y difusi\u00f3n<\/h4>\n<p>Manuel \u00c1ngel Jim\u00e9nez G\u00f3mez, Centro del Profesorado de C\u00f3rdoba.<\/p>\n<h4>Mantenimiento y soporte t\u00e9cnico<\/h4>\n<p>Francisco Espa\u00f1a P\u00e9rez, Centro del Profesorado de C\u00f3rdoba.<\/p>\n<p>\u00a0<\/p>\n<h3>\u00c1rea de administraci\u00f3n y gesti\u00f3n<\/h3>\n<p>Carlos Manuel Tapia Agredano, Centro del Profesorado de C\u00f3rdoba.<\/p>\n<p>\u00a0<\/p>\n<h3>Secretar\u00eda<\/h3>\n<p>Francisco Carmona Carmona, Centro del Profesorado de C\u00f3rdoba<\/p>\n<p>\u00a0<\/p>\n<h3>Coordinaci\u00f3n de monogr\u00e1ficos<\/h3>\n<p>os\u00e9 Moraga Campos (Ciencias Sociales, septiembre 2009)<\/p>\n<p>Rosario Rold\u00e1n Ruiz (Coeducaci\u00f3n, abril 2010)<\/p>\n<p>Miguel Calvillo Jurado (Bibliotecas Escolares, octubre 2010)<\/p>\n<p>Pilar Torres Ca\u00f1o (Pluriling\u00fcismo, junio 2011)<\/p>\n<p>Juan Carlos Collantes Est\u00e9vez (Ciencias experimentales, enero 2012)<\/p>\n<p>Carmen Lara Poveda (Educaci\u00f3n infantil, abril 2013)<\/p>\n<p>Francisco Bl\u00e1zquez Ruiz (Programas europeos, abril 2014)<\/p>\n<p>Mercedes Arias Gonz\u00e1lez (Competencia cultural y art\u00edstica. La Educaci\u00f3n Musical, abril de 2015)<\/p>\n<p>Miguel Calvillo Jurado (Educaci\u00f3n permanente de personas adultas, abril de 2016)<\/p>\n<p>Jos\u00e9 Moraga Campos (La educaci\u00f3n en perspectiva hist\u00f3rica. Abril de 2017)<\/p>\n<p>Miguel Calvillo Jurado y Jos\u00e9 Moraga Campos (Asesoramiento educativo, Abril de 2018)<\/p>\n<p>Miguel Calvillo Jurado, Ra\u00fal Landa Navarro y Jos\u00e9 Moraga Campos (Evaluaci\u00f3n. Abril 2019)<\/p>\n<p>\u00a0<\/p>\n<h3>Pr\u00f3ximos monogr\u00e1ficos<\/h3>\n<p>Miguel Calvillo Jurado (Escuelas oficiales de Idiomas)<\/p>\n<p>M\u00aa Dolores Jim\u00e9nez Valiente (Ense\u00f1anzas de R\u00e9gimen Especial)<\/p>\n<p>Ra\u00fal Landa Navarro (Educaci\u00f3n F\u00edsica)<\/p>\n<p>\u00a0<\/p>\n<h3>Coordinaci\u00f3n de n\u00fameros extraordinarios<\/h3>\n<p>Jos\u00e9 Moraga, Miguel Calvillo y Manuel Lucena (Formaci\u00f3n del profesorado, abril 2012).<\/p>\n<p>Beatriz Corpas Mart\u00edn, Miguel Calvillo Jurado y Mar\u00eda Dolores Jim\u00e9nez Valiente (Flamenco en el aula, enero, 2017)<\/p>\n<p>\u00a0<\/p>\n<h3>Asesor\u00edas colaboradoras<\/h3>\n<p>Miguel G\u00f3mez Mu\u00f1oz, Centro del Profesorado de C\u00f3rdoba.<\/p>\n<p>Mar\u00eda Dolores Jim\u00e9nez Valiente, Centro del Profesorado de C\u00f3rdoba.<\/p>\n<p>Ra\u00fal Landa Navarro, Centro del Profesorado de C\u00f3rdoba.<\/p>\n<p>Manuel Lucena Rubio, Centro del Profesorado de C\u00f3rdoba.<\/p>\n<p>Jorge M. Pardo Ramos, Centro del Profesorado de C\u00f3rdoba.<\/p>\n<p>Margarita Tejederas Dorado, Centro del Profesorado de C\u00f3rdoba.<\/p>\n<p>\u00a0<\/p>\n<h3>Directora general<\/h3>\n<p>Elisa Hidalgo Ruiz, Centro del Profesorado de C\u00f3rdoba.<\/p>\n","protected":false},"excerpt":{"rendered":"<p>\u00bfQui\u00e9nes trabajamos en e-CO? \u00a0 Director Jos\u00e9 Moraga Campos, Centro del Profesorado de C\u00f3rdoba. Jefe de redacci\u00f3n Miguel Calvillo Jurado, Centro del Profesorado de C\u00f3rdoba. Consejo de redacci\u00f3n Mercedes Arias Gonz\u00e1lez, Centro del Profesorado de C\u00f3rdoba. Trinidad Jerez Montoya, Centro del Profesorado de C\u00f3rdoba. trinidadjerez@cepcordoba.org Manuel \u00c1ngel Jim\u00e9nez G\u00f3mez, Centro del Profesorado de C\u00f3rdoba. mjimenez@cepcordoba.org &hellip; <\/p>\n<p><a class=\"more-link btn\" href=\"http:\/\/revistaeco.cepcordoba.es\/index.php\/organigrama\/\">Seguir leyendo<\/a><\/p>\n","protected":false},"author":2,"featured_media":0,"parent":0,"menu_order":0,"comment_status":"closed","ping_status":"closed","template":"","meta":{"jetpack_post_was_ever_published":false,"footnotes":""},"class_list":["post-3692","page","type-page","status-publish","hentry","nodate","item-wrap"],"jetpack_sharing_enabled":true,"jetpack_shortlink":"https:\/\/wp.me\/P8j08t-Xy","_links":{"self":[{"href":"http:\/\/revistaeco.cepcordoba.es\/index.php\/wp-json\/wp\/v2\/pages\/3692","targetHints":{"allow":["GET"]}}],"collection":[{"href":"http:\/\/revistaeco.cepcordoba.es\/index.php\/wp-json\/wp\/v2\/pages"}],"about":[{"href":"http:\/\/revistaeco.cepcordoba.es\/index.php\/wp-json\/wp\/v2\/types\/page"}],"author":[{"embeddable":true,"href":"http:\/\/revistaeco.cepcordoba.es\/index.php\/wp-json\/wp\/v2\/users\/2"}],"replies":[{"embeddable":true,"href":"http:\/\/revistaeco.cepcordoba.es\/index.php\/wp-json\/wp\/v2\/comments?post=3692"}],"version-history":[{"count":61,"href":"http:\/\/revistaeco.cepcordoba.es\/index.php\/wp-json\/wp\/v2\/pages\/3692\/revisions"}],"predecessor-version":[{"id":4042,"href":"http:\/\/revistaeco.cepcordoba.es\/index.php\/wp-json\/wp\/v2\/pages\/3692\/revisions\/4042"}],"wp:attachment":[{"href":"http:\/\/revistaeco.cepcordoba.es\/index.php\/wp-json\/wp\/v2\/media?parent=3692"}],"curies":[{"name":"wp","href":"https:\/\/api.w.org\/{rel}","templated":true}]}}