{"id":4826,"date":"2021-03-28T12:08:44","date_gmt":"2021-03-28T11:08:44","guid":{"rendered":"http:\/\/revistaeco.cepcordoba.es\/?page_id=4826"},"modified":"2024-06-26T10:56:50","modified_gmt":"2024-06-26T09:56:50","slug":"sumario-revista-eco-na-18","status":"publish","type":"page","link":"http:\/\/revistaeco.cepcordoba.es\/index.php\/sumario-revista-eco-na-18\/","title":{"rendered":"Sumario Revista eCO N\u00ba 18"},"content":{"rendered":"\n<h3 class=\"rich-text editor-rich-text__editable block-editor-rich-text__editable is-selected\" role=\"textbox\" contenteditable=\"true\" aria-multiline=\"true\" aria-label=\"Escribe el encabezado\u2026\"><strong data-rich-text-format-boundary=\"true\">EDITORIAL<\/strong><\/h3>\n<div class=\"alert alert-success\" role=\"alert\"><p class=\"printonly\"><strong>Important!<\/strong><\/p><\/p>\n<ul>\n<li><b><a href=\"http:\/\/revistaeco.cepcordoba.es\/index.php\/2021\/04\/04\/editorial-10\/\" target=\"_blank\" rel=\"noopener\">e-CO n\u00ba 18: La educaci\u00f3n frente al espejo: la transformaci\u00f3n digital educativa<\/a>. Miguel Calvillo Jurado<\/b><\/li>\n<\/ul>\n<p class=\"first-p\"><\/div>\n<h2 class=\"rich-text editor-rich-text__editable block-editor-rich-text__editable is-selected\" role=\"textbox\" contenteditable=\"true\" aria-multiline=\"true\" aria-label=\"Escribe el encabezado\u2026\"><strong data-rich-text-format-boundary=\"true\">ART\u00cdCULOS<\/strong><\/h2>\n<div class=\"alert alert-warning\" role=\"alert\"><p class=\"printonly\"><strong>Warning!<\/strong><\/p><\/p>\n<ul>\n<li><strong><a href=\"http:\/\/revistaeco.cepcordoba.es\/index.php\/2021\/03\/28\/posmodernidad-relatos-y-narrativas-en-tiempos-de-pandemia\/\" target=\"_blank\" rel=\"noopener\">Posmodernidad, relatos y narrativas en tiempos de pandemia<\/a>. Eduardo Corrales Moreno<\/strong><\/li>\n<li><strong><a href=\"http:\/\/revistaeco.cepcordoba.es\/index.php\/2021\/03\/28\/pantallas-y-educacion-sexual-en-adolescentes\/\" target=\"_blank\" rel=\"noopener\">Pantallas y educaci\u00f3n sexual en adolescentes<\/a>. Alberto del Egido Moreno<\/strong><\/li>\n<li><a href=\"http:\/\/revistaeco.cepcordoba.es\/index.php\/2021\/03\/28\/teleeducacion-en-tiempos-de-coronavirus-mito-y-realidad-de-la-educacion-en-valores\/\" target=\"_blank\" rel=\"noopener\"><strong>Teleeducaci\u00f3n en tiempos de coronavirus: mito y realidad de la educaci\u00f3n en valores<\/strong><\/a>. <strong style=\"font-size: inherit;\">Roberto Guijarro L\u00f3pez<\/strong><\/li>\n<li><a href=\"http:\/\/revistaeco.cepcordoba.es\/index.php\/2021\/03\/28\/competencias-docentes-en-la-aplicacion-de-estrategias-de-intervencion-de-aula-durante-el-proceso-de-ensenanza-aprendizaje-para-una-educacion-inclusiva-y-con-calidad-resultados-preliminares\/\" target=\"_blank\" rel=\"noopener\"><strong>Competencias docentes en la aplicaci\u00f3n de estrategias de intervenci\u00f3n de aula durante el proceso de ense\u00f1anza-aprendizaje para una educaci\u00f3n inclusiva y con calidad: Resultados preliminares<\/strong><\/a>. <strong>Vilma Jones Soutt<\/strong><\/li>\n<li><a href=\"http:\/\/revistaeco.cepcordoba.es\/index.php\/2021\/03\/28\/entender-y-aplicar-las-teorias-del-aprendizaje\/\" target=\"_blank\" rel=\"noopener\"><strong>Entender y aplicar las teor\u00edas del aprendizaje<\/strong><\/a>. <strong><strong>Laura Moreno Delgado &#8211; <\/strong><\/strong><strong style=\"font-size: inherit;\">Manuel Solaguren-Beascoa Fern\u00e1ndez<\/strong><\/li>\n<li><strong><a href=\"http:\/\/revistaeco.cepcordoba.es\/index.php\/2021\/03\/28\/no-deje-de-escribirme-largo-y-tendido-testimonio-de-dos-exiliados-cordobeses-homenaje-a-manuel-garcia-jaen-quito1941-2020\/\" target=\"_blank\" rel=\"noopener\">\u00a1No deje de escribirme largo y tendido! Testimonio de dos exiliados cordobeses. Homenaje a Manuel Garc\u00eda-Ja\u00e9n (Quito,1941-2020)<\/a>. Manuel Toribio Garc\u00eda<\/strong><\/li>\n<\/ul>\n<p class=\"first-p\"><\/div>\n<h2><strong data-rich-text-format-boundary=\"true\">EXPERIENCIAS EDUCATIVAS<\/strong><\/h2>\n<div class=\"alert alert-warning\" role=\"alert\"><p class=\"printonly\"><strong>Warning!<\/strong><\/p><\/p>\n<ul>\n<li><a href=\"http:\/\/revistaeco.cepcordoba.es\/index.php\/2021\/03\/28\/aventuras-y-desventuras-didacticas-en-ciencias-sociales-de-1o-eso-de-los-rudimentos-basicos-al-teletrabajo\/\" target=\"_blank\" rel=\"noopener\"><strong>Aventuras y desventuras did\u00e1cticas en Ciencias Sociales de 1\u00ba ESO: de los rudimentos b\u00e1sicos al teletrabajo<\/strong><\/a>. <strong><strong>Josefa Cobos Maroto, Jos\u00e9 Ram\u00f3n Pedraza Serrano y <\/strong><\/strong><strong style=\"font-size: inherit;\">Rafael Pila Mart\u00ednez<\/strong><\/li>\n<li><strong><strong><a href=\"http:\/\/revistaeco.cepcordoba.es\/index.php\/2021\/03\/28\/educacion-para-la-ciudadania-aportando-herramientas-conceptuales-politicas-una-experiencia-en-el-aula\/\" target=\"_blank\" rel=\"noopener\">Educaci\u00f3n para la Ciudadan\u00eda. Aportando herramientas conceptuales pol\u00edticas: una experiencia en el aula<\/a>. <\/strong><\/strong><strong style=\"font-size: inherit;\">C\u00e9sar Fern\u00e1ndez Le Gal<\/strong><\/li>\n<li><a href=\"http:\/\/revistaeco.cepcordoba.es\/index.php\/2021\/03\/28\/las-ensenanzas-musicales-de-conservatorio-aplicadas-al-bienestar-social\/\" target=\"_blank\" rel=\"noopener\"><strong>Las ense\u00f1anzas musicales de conservatorio aplicadas al bienestar social<\/strong><\/a>. <strong style=\"font-size: inherit;\">Ana Mar\u00eda Guti\u00e9rrez Mart\u00ednez<\/strong><\/li>\n<li><a href=\"http:\/\/revistaeco.cepcordoba.es\/index.php\/2021\/04\/12\/theatron-un-debate-online-sobre-la-repercusion-del-teatro-griego-antiguo-en-nuestros-dias\/\" target=\"_blank\" rel=\"noopener\"><strong><em>Theatron<\/em>: un debate online sobre la repercusi\u00f3n del teatro griego antiguo en nuestros d\u00edas<\/strong><\/a>. <strong style=\"font-size: inherit;\"><strong style=\"font-size: inherit;\">Isabel Larios Porcel y <\/strong><\/strong><strong style=\"font-size: inherit;\">Alejandro Valverde Garc\u00eda<\/strong><\/li>\n<li><strong><strong><a href=\"http:\/\/revistaeco.cepcordoba.es\/index.php\/2021\/03\/28\/fomentando-investigaciones-creativas\/\" target=\"_blank\" rel=\"noopener\">Fomentando investigaciones creativas<\/a>. <\/strong><\/strong><strong style=\"font-size: inherit;\">V\u00edctor Pablo Pardo Arquero<\/strong><\/li>\n<li><strong><strong><a href=\"http:\/\/revistaeco.cepcordoba.es\/index.php\/2021\/03\/28\/nos-cambiamos-a-google-suite\/\" target=\"_blank\" rel=\"noopener\">\u00a1Nos cambiamos a Google Suite!<\/a>. <\/strong><\/strong><strong style=\"font-size: inherit;\">Concepci\u00f3n Quesada Padilla<\/strong><\/li>\n<\/ul>\n<p class=\"first-p\"><\/div>\n<h2><strong data-rich-text-format-boundary=\"true\">MONOGR\u00c1FICO: TRANSFORMACI\u00d3N<br \/>DIGITAL EDUCATIVA<\/strong><\/h2>\n<div class=\"alert alert-warning\" role=\"alert\"><p class=\"printonly\"><strong>Warning!<\/strong><\/p><\/p>\n<ul>\n<li><strong><strong><a href=\"http:\/\/revistaeco.cepcordoba.es\/index.php\/2021\/03\/28\/dame-un-rea-y-cambiare-el-mundo\/\" target=\"_blank\" rel=\"noopener\">Dame un REA y cambiar\u00e9 el mundo<\/a>. <\/strong><\/strong><strong style=\"font-size: inherit;\"><strong style=\"font-size: inherit;\">M\u00aa Dolores Alberdi Causse y <\/strong><\/strong><strong style=\"font-size: inherit;\">Cristina Valdera L\u00f3pez<\/strong><\/li>\n<li><strong><strong><a href=\"http:\/\/revistaeco.cepcordoba.es\/index.php\/2021\/03\/28\/digcomporg-marco-de-referencia-para-la-transformacion-digital-de-los-centros-educativos-andaluces\/\" target=\"_blank\" rel=\"noopener\">DigCompOrg: Marco de Referencia para la Transformaci\u00f3n Digital de los centros educativos andaluces<\/a>. <\/strong><\/strong><strong style=\"font-size: inherit;\">Julio Cabero Almenara, <\/strong><strong style=\"font-size: inherit;\">Raquel Barrag\u00e1n S\u00e1nchez y <\/strong><strong style=\"font-size: inherit;\">Antonio Palacios Rodr\u00edguez<\/strong><\/li>\n<li><strong><a href=\"http:\/\/revistaeco.cepcordoba.es\/index.php\/2021\/04\/15\/la-educacion-de-personas-adultas-ante-el-reto-digital\/\" target=\"_blank\" rel=\"noopener\">La educaci\u00f3n de personas adultas ante el reto digital<\/a>. Miguel Calvillo Jurado<\/strong><\/li>\n<li><a href=\"http:\/\/revistaeco.cepcordoba.es\/index.php\/2021\/03\/28\/transformacion-digital-educativa-en-andalucia\/\" target=\"_blank\" rel=\"noopener\"><strong>Transformaci\u00f3n digital educativa en Andaluc\u00eda<\/strong><\/a>. <strong style=\"font-size: inherit;\">Carmen Fern\u00e1ndez Romero y <\/strong><strong style=\"font-size: inherit;\">Rafael Vidal Rodr\u00edguez-Sabio<\/strong><\/li>\n<li><a href=\"http:\/\/revistaeco.cepcordoba.es\/index.php\/2021\/04\/07\/4933\/\" target=\"_blank\" rel=\"noopener\"><strong>Docencia en l\u00ednea en el aula virtual: una destreza docente b\u00e1sica en la era postcovid<\/strong><\/a>. <strong style=\"font-size: inherit;\">Alfonso G\u00f3mez Barbudo y <\/strong><strong style=\"font-size: inherit;\">Manuel \u00c1ngel Jim\u00e9nez G\u00f3mez<\/strong><\/li>\n<li><a href=\"http:\/\/revistaeco.cepcordoba.es\/index.php\/2021\/03\/28\/la-digitalizacion-educativa-en-educacion-infantil\/\" target=\"_blank\" rel=\"noopener\"><strong>La digitalizaci\u00f3n educativa en Educaci\u00f3n Infantil<\/strong><\/a>. <strong style=\"font-size: inherit;\">Patricia Huertas Mesa<\/strong><\/li>\n<li><a href=\"http:\/\/revistaeco.cepcordoba.es\/index.php\/2021\/03\/28\/etwinning-y-la-transformacion-digital-educativa\/\" target=\"_blank\" rel=\"noopener\"><strong>eTwinning y la transformaci\u00f3n digital educativa<\/strong><\/a>. <strong>Servicio Nacional de Apoyo eTwinning<\/strong><\/li>\n<li><strong><a href=\"http:\/\/revistaeco.cepcordoba.es\/index.php\/2021\/04\/22\/la-administracion-electronica-educativa-desafios-y-soluciones\/\" target=\"_blank\" rel=\"noopener\">La administraci\u00f3n electr\u00f3nica educativa. Desaf\u00edos y soluciones<\/a>. Francisco Silveira Garc\u00eda<\/strong><\/li>\n<li><a href=\"http:\/\/revistaeco.cepcordoba.es\/index.php\/2021\/03\/28\/transformacion-digital-de-un-centro-educativo-hacia-la-eficiencia-digital-en-el-ceip-san-jose\/\" target=\"_blank\" rel=\"noopener\"><strong>Transformaci\u00f3n digital de un centro educativo. Hacia la eficiencia digital en el Ceip San Jos\u00e9<\/strong><\/a>. <strong style=\"font-size: inherit;\"><strong style=\"font-size: inherit;\">Gustavo Vegas Haro y <\/strong><\/strong><strong style=\"font-size: inherit;\">David Pineda Claver\u00edas<\/strong><\/li>\n<\/ul>\n<p class=\"first-p\"><\/div>\n<h2><strong>ENTREVISTAS<\/strong><\/h2>\n<div class=\"alert alert-warning\" role=\"alert\"><p class=\"printonly\"><strong>Warning!<\/strong><\/p><\/p>\n<ul>\n<li><a href=\"http:\/\/revistaeco.cepcordoba.es\/index.php\/2021\/04\/15\/entrevista-a-miguel-calvillo-jurado\/\" target=\"_blank\" rel=\"noopener\"><b>Entrevista a Miguel Calvillo Jurado<\/b><\/a><\/li>\n<li><a href=\"http:\/\/revistaeco.cepcordoba.es\/index.php\/2021\/04\/15\/entrevista-a-manuel-lucena-rubio\/\" target=\"_blank\" rel=\"noopener\"><strong>Entrevista a Manuel Lucena Rubio<\/strong><\/a><\/li>\n<\/ul>\n<p class=\"first-p\"><\/div>\n<h2><strong>RESE\u00d1AS<\/strong><\/h2>\n<div class=\"alert alert-warning\" role=\"alert\"><p class=\"printonly\"><strong>Warning!<\/strong><\/p><\/p>\n<ul>\n<li><strong><a href=\"http:\/\/revistaeco.cepcordoba.es\/index.php\/2021\/04\/04\/resena-2\/\" target=\"_blank\" rel=\"noopener\"><em>So\u00f1ando personas. <\/em>Manu Velasco<\/a><em>.<\/em> Rese\u00f1a realizada por Beatriz Mart\u00ednez Serrano<\/strong><\/li>\n<\/ul>\n<p class=\"first-p\"><\/div>\n","protected":false},"excerpt":{"rendered":"<p>EDITORIAL ART\u00cdCULOS EXPERIENCIAS EDUCATIVAS MONOGR\u00c1FICO: TRANSFORMACI\u00d3NDIGITAL EDUCATIVA ENTREVISTAS RESE\u00d1AS<\/p>\n","protected":false},"author":1,"featured_media":0,"parent":0,"menu_order":0,"comment_status":"closed","ping_status":"closed","template":"template-twocolumnsleft.php","meta":{"jetpack_post_was_ever_published":false,"footnotes":""},"class_list":["post-4826","page","type-page","status-publish","hentry","nodate","item-wrap"],"jetpack_sharing_enabled":true,"jetpack_shortlink":"https:\/\/wp.me\/P8j08t-1fQ","_links":{"self":[{"href":"http:\/\/revistaeco.cepcordoba.es\/index.php\/wp-json\/wp\/v2\/pages\/4826","targetHints":{"allow":["GET"]}}],"collection":[{"href":"http:\/\/revistaeco.cepcordoba.es\/index.php\/wp-json\/wp\/v2\/pages"}],"about":[{"href":"http:\/\/revistaeco.cepcordoba.es\/index.php\/wp-json\/wp\/v2\/types\/page"}],"author":[{"embeddable":true,"href":"http:\/\/revistaeco.cepcordoba.es\/index.php\/wp-json\/wp\/v2\/users\/1"}],"replies":[{"embeddable":true,"href":"http:\/\/revistaeco.cepcordoba.es\/index.php\/wp-json\/wp\/v2\/comments?post=4826"}],"version-history":[{"count":26,"href":"http:\/\/revistaeco.cepcordoba.es\/index.php\/wp-json\/wp\/v2\/pages\/4826\/revisions"}],"predecessor-version":[{"id":5031,"href":"http:\/\/revistaeco.cepcordoba.es\/index.php\/wp-json\/wp\/v2\/pages\/4826\/revisions\/5031"}],"wp:attachment":[{"href":"http:\/\/revistaeco.cepcordoba.es\/index.php\/wp-json\/wp\/v2\/media?parent=4826"}],"curies":[{"name":"wp","href":"https:\/\/api.w.org\/{rel}","templated":true}]}}