{"id":1006,"date":"2016-10-13T11:16:45","date_gmt":"2016-10-13T11:16:45","guid":{"rendered":"http:\/\/revistaeco.cepcordoba.es\/?page_id=1006"},"modified":"2016-10-18T08:37:49","modified_gmt":"2016-10-18T08:37:49","slug":"que-es-e-co","status":"publish","type":"page","link":"https:\/\/revistaeco.cepcordoba.es\/index.php\/que-es-e-co\/","title":{"rendered":"Revista digital de educaci\u00f3n y formaci\u00f3n del profesorado"},"content":{"rendered":"<p style=\"text-align: left;\"><div id=\"metaslider-id-1016\" style=\"width: 100%; margin: 0 auto;\" class=\"ml-slider-3-107-0 metaslider metaslider-flex metaslider-1016 ml-slider ms-theme-default nav-hidden\" role=\"region\" aria-label=\"Flamenco\" data-height=\"150\" data-width=\"630\">\n    <div id=\"metaslider_container_1016\">\n        <div id=\"metaslider_1016\" class=\"flexslider\">\n            <ul class='slides'>\n                <li style=\"display: block; width: 100%;\" class=\"slide-1165 ms-image \" aria-roledescription=\"slide\" data-date=\"2017-01-13 10:32:36\" data-filename=\"flamenco10.jpg\" data-slide-type=\"image\"><img loading=\"lazy\" decoding=\"async\" width=\"176\" height=\"235\" src=\"https:\/\/revistaeco.cepcordoba.es\/wp-content\/uploads\/2017\/01\/flamenco10.jpg\" class=\"slider-1016 slide-1165 msDefaultImage\" alt=\"\" rel=\"\" title=\"\" style=\"margin: 0 auto; width: 17.831813576494%\" \/><\/li>\n                <li style=\"display: none; width: 100%;\" class=\"slide-1163 ms-image \" aria-roledescription=\"slide\" data-date=\"2017-01-13 10:32:35\" data-filename=\"flamenco8.jpg\" data-slide-type=\"image\"><img loading=\"lazy\" decoding=\"async\" width=\"235\" height=\"235\" src=\"https:\/\/revistaeco.cepcordoba.es\/wp-content\/uploads\/2017\/01\/flamenco8.jpg\" class=\"slider-1016 slide-1163 msDefaultImage\" alt=\"\" rel=\"\" title=\"\" style=\"margin: 0 auto; width: 23.809523809524%\" srcset=\"https:\/\/revistaeco.cepcordoba.es\/wp-content\/uploads\/2017\/01\/flamenco8.jpg 235w, https:\/\/revistaeco.cepcordoba.es\/wp-content\/uploads\/2017\/01\/flamenco8-150x150.jpg 150w\" sizes=\"auto, (max-width: 235px) 100vw, 235px\" \/><\/li>\n                <li style=\"display: none; width: 100%;\" class=\"slide-1164 ms-image \" aria-roledescription=\"slide\" data-date=\"2017-01-13 10:32:35\" data-filename=\"flamenco9.jpg\" data-slide-type=\"image\"><img loading=\"lazy\" decoding=\"async\" width=\"165\" height=\"235\" src=\"https:\/\/revistaeco.cepcordoba.es\/wp-content\/uploads\/2017\/01\/flamenco9.jpg\" class=\"slider-1016 slide-1164 msDefaultImage\" alt=\"\" rel=\"\" title=\"\" style=\"margin: 0 auto; width: 16.717325227964%\" \/><\/li>\n                <li style=\"display: none; width: 100%;\" class=\"slide-1161 ms-image \" aria-roledescription=\"slide\" data-date=\"2017-01-13 10:32:34\" data-filename=\"flamenco6.jpg\" data-slide-type=\"image\"><img loading=\"lazy\" decoding=\"async\" width=\"383\" height=\"235\" src=\"https:\/\/revistaeco.cepcordoba.es\/wp-content\/uploads\/2017\/01\/flamenco6.jpg\" class=\"slider-1016 slide-1161 msDefaultImage\" alt=\"\" rel=\"\" title=\"\" style=\"margin: 0 auto; width: 38.804457953394%\" srcset=\"https:\/\/revistaeco.cepcordoba.es\/wp-content\/uploads\/2017\/01\/flamenco6.jpg 383w, https:\/\/revistaeco.cepcordoba.es\/wp-content\/uploads\/2017\/01\/flamenco6-300x184.jpg 300w\" sizes=\"auto, (max-width: 383px) 100vw, 383px\" \/><\/li>\n                <li style=\"display: none; width: 100%;\" class=\"slide-1162 ms-image \" aria-roledescription=\"slide\" data-date=\"2017-01-13 10:32:34\" data-filename=\"flamenco7.jpg\" data-slide-type=\"image\"><img loading=\"lazy\" decoding=\"async\" width=\"353\" height=\"235\" src=\"https:\/\/revistaeco.cepcordoba.es\/wp-content\/uploads\/2017\/01\/flamenco7.jpg\" class=\"slider-1016 slide-1162 msDefaultImage\" alt=\"\" rel=\"\" title=\"\" style=\"margin: 0 auto; width: 35.764944275583%\" srcset=\"https:\/\/revistaeco.cepcordoba.es\/wp-content\/uploads\/2017\/01\/flamenco7.jpg 353w, https:\/\/revistaeco.cepcordoba.es\/wp-content\/uploads\/2017\/01\/flamenco7-300x200.jpg 300w\" sizes=\"auto, (max-width: 353px) 100vw, 353px\" \/><\/li>\n                <li style=\"display: none; width: 100%;\" class=\"slide-1160 ms-image \" aria-roledescription=\"slide\" data-date=\"2017-01-13 10:32:33\" data-filename=\"flamenco5.jpg\" data-slide-type=\"image\"><img loading=\"lazy\" decoding=\"async\" width=\"272\" height=\"235\" src=\"https:\/\/revistaeco.cepcordoba.es\/wp-content\/uploads\/2017\/01\/flamenco5.jpg\" class=\"slider-1016 slide-1160 msDefaultImage\" alt=\"\" rel=\"\" title=\"\" style=\"margin: 0 auto; width: 27.558257345491%\" \/><\/li>\n                <li style=\"display: none; width: 100%;\" class=\"slide-1159 ms-image \" aria-roledescription=\"slide\" data-date=\"2017-01-13 10:32:32\" data-filename=\"flamenco4.jpg\" data-slide-type=\"image\"><img loading=\"lazy\" decoding=\"async\" width=\"630\" height=\"1339\" src=\"https:\/\/revistaeco.cepcordoba.es\/wp-content\/uploads\/2017\/01\/flamenco4.jpg\" class=\"slider-1016 slide-1159 msDefaultImage\" alt=\"\" rel=\"\" title=\"\" style=\"margin: 0 auto; width: 11.202389843167%\" srcset=\"https:\/\/revistaeco.cepcordoba.es\/wp-content\/uploads\/2017\/01\/flamenco4.jpg 630w, https:\/\/revistaeco.cepcordoba.es\/wp-content\/uploads\/2017\/01\/flamenco4-141x300.jpg 141w, https:\/\/revistaeco.cepcordoba.es\/wp-content\/uploads\/2017\/01\/flamenco4-482x1024.jpg 482w\" sizes=\"auto, (max-width: 630px) 100vw, 630px\" \/><\/li>\n                <li style=\"display: none; width: 100%;\" class=\"slide-1158 ms-image \" aria-roledescription=\"slide\" data-date=\"2017-01-13 10:32:31\" data-filename=\"flamenco3.jpg\" data-slide-type=\"image\"><img loading=\"lazy\" decoding=\"async\" width=\"376\" height=\"235\" src=\"https:\/\/revistaeco.cepcordoba.es\/wp-content\/uploads\/2017\/01\/flamenco3.jpg\" class=\"slider-1016 slide-1158 msDefaultImage\" alt=\"\" rel=\"\" title=\"\" style=\"margin: 0 auto; width: 38.095238095238%\" srcset=\"https:\/\/revistaeco.cepcordoba.es\/wp-content\/uploads\/2017\/01\/flamenco3.jpg 376w, https:\/\/revistaeco.cepcordoba.es\/wp-content\/uploads\/2017\/01\/flamenco3-300x188.jpg 300w\" sizes=\"auto, (max-width: 376px) 100vw, 376px\" \/><\/li>\n                <li style=\"display: none; width: 100%;\" class=\"slide-1157 ms-image \" aria-roledescription=\"slide\" data-date=\"2017-01-13 10:32:31\" data-filename=\"flamenco2.jpg\" data-slide-type=\"image\"><img loading=\"lazy\" decoding=\"async\" width=\"376\" height=\"235\" src=\"https:\/\/revistaeco.cepcordoba.es\/wp-content\/uploads\/2017\/01\/flamenco2.jpg\" class=\"slider-1016 slide-1157 msDefaultImage\" alt=\"\" rel=\"\" title=\"\" style=\"margin: 0 auto; width: 38.095238095238%\" srcset=\"https:\/\/revistaeco.cepcordoba.es\/wp-content\/uploads\/2017\/01\/flamenco2.jpg 376w, https:\/\/revistaeco.cepcordoba.es\/wp-content\/uploads\/2017\/01\/flamenco2-300x188.jpg 300w\" sizes=\"auto, (max-width: 376px) 100vw, 376px\" \/><\/li>\n                <li style=\"display: none; width: 100%;\" class=\"slide-1156 ms-image \" aria-roledescription=\"slide\" data-date=\"2017-01-13 10:32:29\" data-filename=\"flamenco1.jpg\" data-slide-type=\"image\"><img loading=\"lazy\" decoding=\"async\" width=\"157\" height=\"235\" src=\"https:\/\/revistaeco.cepcordoba.es\/wp-content\/uploads\/2017\/01\/flamenco1.jpg\" class=\"slider-1016 slide-1156 msDefaultImage\" alt=\"\" rel=\"\" title=\"\" style=\"margin: 0 auto; width: 15.906788247214%\" \/><\/li>\n            <\/ul>\n        <\/div>\n        \n    <\/div>\n<\/div><\/p>\n<p style=\"text-align: left;\">.<\/p>\n<h1 style=\"text-align: left;\"><span style=\"color: #1e5403;\"><b>\u00bfQu\u00e9 es e-CO?<\/b><\/span><\/h1>\n<p style=\"text-align: justify;\">La revista e-CO es una revista de car\u00e1cter t\u00e9cnico-profesional que publica textos relacionados con la educaci\u00f3n en todas las \u00e1reas y \u00e1mbitos desde una perspectiva te\u00f3rica o pr\u00e1ctica y que tiene por objetivos visibilizar experiencias relevantes, crear opini\u00f3n y debate as\u00ed como en general contribuir a la formaci\u00f3n del profesorado y su actualizaci\u00f3n cient\u00edfica y profesional.<\/p>\n<p style=\"text-align: justify;\">Se \u00a0publican textos originales de los autores o autoras e in\u00e9ditos en cualquier formato p\u00fablico intentando respetar las orientaciones b\u00e1sicas de lenguaje no sexista y cumplir con las normas de estilo \u00a0que m\u00e1s adelante se detallan propias de una publicaci\u00f3n de este tipo.<\/p>\n<p style=\"text-align: justify;\">e-CO es una revista digital sobre educaci\u00f3n y formaci\u00f3n del profesorado que edita el Centro del Profesorado de C\u00f3rdoba desde enero de 2005. Desde el 2008 tiene una periodicidad anual.<\/p>\n<h1 style=\"text-align: justify;\"><span style=\"color: #1e5403;\"><b>\u00bfPor qu\u00e9 e-CO?<\/b><\/span><\/h1>\n<p style=\"text-align: justify;\"><b>e-<\/b>: indica red, intercambio, transferencia, encuentro virtual.<\/p>\n<p style=\"text-align: justify;\"><b>CO<\/b>: Prefijo, equivalente a con, que indica uni\u00f3n y compa\u00f1\u00eda en igualdad.<br \/>\nCon esta\u00a0\u00a0s\u00edlaba queremos aludir a palabras bellas y hermosas como coexistencia, coeducaci\u00f3n, convivencia, comunicaci\u00f3n, compromiso, colaboraci\u00f3n, compa\u00f1erismo, cooperaci\u00f3n, compensar, construir, compartir, complementar, confianza, concentrar, conocer, concordancia, convencer, contribuir, corresponder\u2026, palabras, conceptos, que expresan algunos de los valores en que como docentes, queremos educar y que como ciudadanos del mundo, queremos compartir.<\/p>\n<p style=\"text-align: justify;\">Tambi\u00e9n <b>CO<\/b> por ser las iniciales de todos nuestros Grupos de Trabajo y nuestros Proyectos de Formaci\u00f3n.<\/p>\n<p style=\"text-align: justify;\">Y, por \u00faltimo, porque es ap\u00f3cope de nuestra ciudad, C\u00f3rdoba, tan querida.<\/p>\n<p style=\"text-align: justify;\"><b>e-CO<\/b>: El nombre completo de la revista expresa el deseo de dar y de recibir de o\u00edr y ser o\u00eddos, con el prop\u00f3sito de avanzar en el camino de la mejora de la formaci\u00f3n para la mejora de la educaci\u00f3n.<\/p>\n<hr \/>\n<p>&nbsp;<\/p>\n","protected":false},"excerpt":{"rendered":"<p>. \u00bfQu\u00e9 es e-CO? La revista e-CO es una revista de car\u00e1cter t\u00e9cnico-profesional que publica textos relacionados con la educaci\u00f3n en todas las \u00e1reas y \u00e1mbitos desde una perspectiva te\u00f3rica o pr\u00e1ctica y que tiene por objetivos visibilizar experiencias relevantes, crear opini\u00f3n y debate as\u00ed como en general contribuir a la formaci\u00f3n del profesorado y &hellip; <\/p>\n<p><a class=\"more-link btn\" href=\"https:\/\/revistaeco.cepcordoba.es\/index.php\/que-es-e-co\/\">Seguir leyendo<\/a><\/p>\n","protected":false},"author":1,"featured_media":0,"parent":0,"menu_order":0,"comment_status":"closed","ping_status":"closed","template":"","meta":{"jetpack_post_was_ever_published":false,"footnotes":""},"class_list":["post-1006","page","type-page","status-publish","hentry","nodate","item-wrap"],"jetpack_sharing_enabled":true,"jetpack_shortlink":"https:\/\/wp.me\/P8j08t-ge","_links":{"self":[{"href":"https:\/\/revistaeco.cepcordoba.es\/index.php\/wp-json\/wp\/v2\/pages\/1006","targetHints":{"allow":["GET"]}}],"collection":[{"href":"https:\/\/revistaeco.cepcordoba.es\/index.php\/wp-json\/wp\/v2\/pages"}],"about":[{"href":"https:\/\/revistaeco.cepcordoba.es\/index.php\/wp-json\/wp\/v2\/types\/page"}],"author":[{"embeddable":true,"href":"https:\/\/revistaeco.cepcordoba.es\/index.php\/wp-json\/wp\/v2\/users\/1"}],"replies":[{"embeddable":true,"href":"https:\/\/revistaeco.cepcordoba.es\/index.php\/wp-json\/wp\/v2\/comments?post=1006"}],"version-history":[{"count":23,"href":"https:\/\/revistaeco.cepcordoba.es\/index.php\/wp-json\/wp\/v2\/pages\/1006\/revisions"}],"predecessor-version":[{"id":1060,"href":"https:\/\/revistaeco.cepcordoba.es\/index.php\/wp-json\/wp\/v2\/pages\/1006\/revisions\/1060"}],"wp:attachment":[{"href":"https:\/\/revistaeco.cepcordoba.es\/index.php\/wp-json\/wp\/v2\/media?parent=1006"}],"curies":[{"name":"wp","href":"https:\/\/api.w.org\/{rel}","templated":true}]}}