{"id":1166,"date":"2017-01-17T11:43:45","date_gmt":"2017-01-17T10:43:45","guid":{"rendered":"http:\/\/revistaeco.cepcordoba.es\/?page_id=1166"},"modified":"2017-05-04T03:48:53","modified_gmt":"2017-05-04T02:48:53","slug":"tabla-de-contenidos","status":"publish","type":"page","link":"https:\/\/revistaeco.cepcordoba.es\/index.php\/tabla-de-contenidos\/","title":{"rendered":"N\u00famero Extraordinario. \u00abFlamenco en el Aula\u00bb\u00a0(Enero 2017)"},"content":{"rendered":"<p class=\"sum-articles-title\"><span style=\"font-size: 12pt;\"><strong><span style=\"color: #800000;\"><a style=\"color: #800000;\" href=\"http:\/\/revistaeco.cepcordoba.es\/?p=1175&amp;preview=true\">E<\/a>DITORIAL<\/span><\/strong><\/span><\/p>\n<ul>\n<li class=\"sum-articles-title\"><span style=\"font-size: 12pt; color: #000000;\"><a style=\"color: #000000;\" href=\"http:\/\/revistaeco.cepcordoba.es\/?p=1175&amp;preview=true\">Flamenco en el aula<\/a><\/span><\/li>\n<\/ul>\n<p>&nbsp;<\/p>\n<div id=\"itemsSumario\">\n<h2><span style=\"font-size: 12pt; color: #800000; font-family: arial, helvetica, sans-serif;\"><strong>ART\u00cdCULOS<\/strong><\/span><\/h2>\n<div class=\"item\">\n<ul>\n<li><span style=\"font-size: 12pt;\"><a class=\"enlace\" href=\"http:\/\/revistaeco.cepcordoba.es\/?p=1072&amp;preview=true\">Acercamiento al flamenco y aplicaci\u00f3n desde el aula de lenguaje musical en las ense\u00f1anza b\u00e1sicas de m\u00fasica<\/a>.\u00a0<strong>Mar\u00eda Concepci\u00f3n \u00c1lvarez,\u00a0Elena Castillo Garc\u00eda y Nuria Velasco Cabello<\/strong><\/span><\/li>\n<\/ul>\n<\/div>\n<div class=\"item\">\n<ul>\n<li><span style=\"font-size: 12pt; font-family: arial, helvetica, sans-serif;\"><a class=\"enlace\" href=\"http:\/\/revistaeco.cepcordoba.es\/?p=1074&amp;preview=true\">Las palmas flamencas como herramienta pedag\u00f3gica para la formaci\u00f3n del profesorado<\/a>.\u00a0<\/span><span style=\"font-size: 12pt;\"><strong>Ana Mar\u00eda Guti\u00e9rrez Mart\u00ednez y\u00a0Daniel Morales Mart\u00ednez<\/strong><\/span><\/li>\n<\/ul>\n<\/div>\n<div class=\"item\">\n<ul>\n<li><span style=\"font-size: 12pt;\"><a class=\"enlace\" href=\"http:\/\/revistaeco.cepcordoba.es\/?p=1077&amp;preview=true\">El flamenco en el aula no es algo novedoso<\/a>.\u00a0<strong>Mar\u00eda Dolores Jim\u00e9nez Valiente<\/strong><\/span><\/li>\n<\/ul>\n<\/div>\n<div class=\"item\">\n<ul>\n<li><span style=\"font-size: 12pt;\"><a class=\"enlace\" href=\"http:\/\/revistaeco.cepcordoba.es\/?p=1079&amp;preview=true\">Flamenco en el aula: Experiencia de aplicaci\u00f3n<\/a>.\u00a0<strong>Juan P\u00e9rez Cubillo<\/strong><\/span><\/li>\n<\/ul>\n<\/div>\n<div class=\"item\">\n<h3><span style=\"font-size: 12pt;\">\u00a0<\/span><\/h3>\n<\/div>\n<h2><span style=\"color: #800000; font-size: 12pt; font-family: arial, helvetica, sans-serif;\"><strong>EXPERIENCIAS EDUCATIVAS<\/strong><\/span><\/h2>\n<div class=\"item\">\n<ul>\n<li><span style=\"font-size: 12pt;\"><a class=\"enlace\" href=\"http:\/\/revistaeco.cepcordoba.es\/?p=1084&amp;preview=true\">Mi escuela flamenca<\/a>.\u00a0<strong>Mar\u00eda Jes\u00fas Cort\u00e9s Espejo<\/strong><\/span><\/li>\n<\/ul>\n<\/div>\n<div class=\"item\">\n<div class=\"item\">\n<ul>\n<li><span style=\"font-size: 12pt;\"><a class=\"enlace\" href=\"http:\/\/revistaeco.cepcordoba.es\/index.php\/2017\/01\/17\/el-flamenco-en-la-seccion-de-educacion-permanente-de-montoro\/\">El flamenco en la Secci\u00f3n de Educaci\u00f3n Permanente de Montoro<\/a>.\u00a0<strong>Pedro Luis Criado Criado y\u00a0Ana Mar\u00eda Ruiz Ruiz<\/strong><\/span><\/li>\n<\/ul>\n<\/div>\n<div class=\"item\">\n<div class=\"item\">\n<ul>\n<li><span style=\"font-size: 12pt;\"><a class=\"enlace\" href=\"http:\/\/revistaeco.cepcordoba.es\/?p=1091&amp;preview=true\">Introducci\u00f3n del flamenco en la escuela de personas adultas<\/a>.\u00a0<strong><span class=\"txt-article-content\">Mar\u00eda Jes\u00fas Garc\u00eda S\u00e1nchez<\/span><\/strong><\/span><\/li>\n<\/ul>\n<\/div>\n<div class=\"item\">\n<div class=\"item\">\n<ul>\n<li><span style=\"font-size: 12pt;\"><a class=\"enlace\" href=\"http:\/\/revistaeco.cepcordoba.es\/?p=1093&amp;preview=true\">Actividades de flamenco en el aula y efem\u00e9rides<\/a>.\u00a0<strong><span class=\"txt-article-content\">\u00c1ngela L\u00f3pez Camacho<\/span><\/strong><\/span><\/li>\n<\/ul>\n<\/div>\n<div class=\"item\">\n<div class=\"item\">\n<ul>\n<li><span style=\"font-size: 12pt;\"><a class=\"enlace\" href=\"http:\/\/revistaeco.cepcordoba.es\/?p=1095&amp;preview=true\">El flamenco en la Secci\u00f3n de Educaci\u00f3n Permanente \u00abJuanita la Larga\u00bb<\/a>.\u00a0<strong><span class=\"txt-article-content\">Juliana Moreno Polo<\/span><\/strong><\/span><\/li>\n<\/ul>\n<\/div>\n<div class=\"item\">\n<div class=\"item\">\n<ul>\n<li><span style=\"font-size: 12pt;\"><a class=\"enlace\" href=\"http:\/\/revistaeco.cepcordoba.es\/?p=1097&amp;preview=true\">Relatos de experiencias. Flamenco en las aulas<\/a>.\u00a0<strong><span class=\"txt-article-content\">Beatriz Nieto Gavil\u00e1n<\/span><\/strong><\/span><\/li>\n<\/ul>\n<\/div>\n<h3 class=\"item\"><span style=\"font-size: 12pt;\">\u00a0<\/span><\/h3>\n<\/div>\n<\/div>\n<\/div>\n<\/div>\n<\/div>\n<h2><span style=\"color: #800000; font-size: 12pt; font-family: arial, helvetica, sans-serif;\"><strong>ENTREVISTAS<\/strong><\/span><\/h2>\n<div class=\"item\">\n<ul>\n<li><span style=\"font-size: 12pt;\"><a class=\"enlace\" href=\"http:\/\/revistaeco.cepcordoba.es\/?p=1081&amp;preview=true\">Flamenco con todas sus letras.\u00a0Entrevista a V\u00edctor V\u00e1zquez<\/a>.\u00a0<strong><span class=\"txt-article-content\"><span class=\"autor\">Miguel Calvillo Jurado<\/span><\/span><\/strong><\/span><\/li>\n<\/ul>\n<h3><span style=\"font-size: 12pt;\">\u00a0<\/span><\/h3>\n<\/div>\n<div class=\"item\">\n<p><span style=\"color: #800000; font-size: 12pt;\"><strong>RESE\u00d1AS<\/strong><\/span><\/p>\n<ul>\n<li><span style=\"font-size: 12pt;\"><a class=\"enlace\" href=\"http:\/\/revistaeco.cepcordoba.es\/?p=1099&amp;preview=true\">Rese\u00f1a del documental \u201cSin Ruido\u201d<\/a>.\u00a0<strong><span class=\"txt-article-content\"><span class=\"autor\">Beatriz Corpas Mart\u00edn<\/span><\/span><\/strong><\/span><\/li>\n<\/ul>\n<div class=\"item\">\n<ul>\n<li><span style=\"font-size: 12pt;\"><a class=\"enlace\" href=\"http:\/\/revistaeco.cepcordoba.es\/?p=1101&amp;preview=true\">Rese\u00f1a del disco \u201cReflejos del agua\u201d<\/a>.\u00a0<\/span><span style=\"font-size: 12pt;\"><strong>Juan P\u00e9rez Cubillo<\/strong><\/span><\/li>\n<\/ul>\n<p>&nbsp;<\/p>\n<\/div>\n<\/div>\n<\/div>\n","protected":false},"excerpt":{"rendered":"<p>EDITORIAL Flamenco en el aula &nbsp; ART\u00cdCULOS Acercamiento al flamenco y aplicaci\u00f3n desde el aula de lenguaje musical en las ense\u00f1anza b\u00e1sicas de m\u00fasica.\u00a0Mar\u00eda Concepci\u00f3n \u00c1lvarez,\u00a0Elena Castillo Garc\u00eda y Nuria Velasco Cabello Las palmas flamencas como herramienta pedag\u00f3gica para la formaci\u00f3n del profesorado.\u00a0Ana Mar\u00eda Guti\u00e9rrez Mart\u00ednez y\u00a0Daniel Morales Mart\u00ednez El flamenco en el aula no &hellip; <\/p>\n<p><a class=\"more-link btn\" href=\"https:\/\/revistaeco.cepcordoba.es\/index.php\/tabla-de-contenidos\/\">Seguir leyendo<\/a><\/p>\n","protected":false},"author":2,"featured_media":0,"parent":0,"menu_order":0,"comment_status":"closed","ping_status":"closed","template":"template-twocolumnsleft.php","meta":{"jetpack_post_was_ever_published":false,"footnotes":""},"class_list":["post-1166","page","type-page","status-publish","hentry","nodate","item-wrap"],"jetpack_sharing_enabled":true,"jetpack_shortlink":"https:\/\/wp.me\/P8j08t-iO","_links":{"self":[{"href":"https:\/\/revistaeco.cepcordoba.es\/index.php\/wp-json\/wp\/v2\/pages\/1166","targetHints":{"allow":["GET"]}}],"collection":[{"href":"https:\/\/revistaeco.cepcordoba.es\/index.php\/wp-json\/wp\/v2\/pages"}],"about":[{"href":"https:\/\/revistaeco.cepcordoba.es\/index.php\/wp-json\/wp\/v2\/types\/page"}],"author":[{"embeddable":true,"href":"https:\/\/revistaeco.cepcordoba.es\/index.php\/wp-json\/wp\/v2\/users\/2"}],"replies":[{"embeddable":true,"href":"https:\/\/revistaeco.cepcordoba.es\/index.php\/wp-json\/wp\/v2\/comments?post=1166"}],"version-history":[{"count":34,"href":"https:\/\/revistaeco.cepcordoba.es\/index.php\/wp-json\/wp\/v2\/pages\/1166\/revisions"}],"predecessor-version":[{"id":5110,"href":"https:\/\/revistaeco.cepcordoba.es\/index.php\/wp-json\/wp\/v2\/pages\/1166\/revisions\/5110"}],"wp:attachment":[{"href":"https:\/\/revistaeco.cepcordoba.es\/index.php\/wp-json\/wp\/v2\/media?parent=1166"}],"curies":[{"name":"wp","href":"https:\/\/api.w.org\/{rel}","templated":true}]}}