{"id":1367,"date":"2017-04-19T12:03:32","date_gmt":"2017-04-19T11:03:32","guid":{"rendered":"http:\/\/revistaeco.cepcordoba.es\/?page_id=1367"},"modified":"2018-04-02T07:12:56","modified_gmt":"2018-04-02T06:12:56","slug":"sumario-revista-eco-no-14","status":"publish","type":"page","link":"https:\/\/revistaeco.cepcordoba.es\/index.php\/sumario-revista-eco-no-14\/","title":{"rendered":"Sumario Revista eCO N\u00ba 14"},"content":{"rendered":"<h3><span style=\"font-size: 12pt; font-family: arial, helvetica, sans-serif; color: #993300;\"><strong>EDITORIAL<\/strong><\/span><\/h3>\n<div class=\"alert alert-success\" role=\"alert\"><p class=\"printonly\"><strong>Important!<\/strong><\/p><\/p>\n<p class=\"first-p\"><span style=\"font-size: 14pt;\"><a href=\"http:\/\/revistaeco.cepcordoba.es\/index.php\/2017\/04\/19\/editorial-5\/\">eCO N\u00ba 14<i><\/i><\/a><\/span><\/p>\n<p><\/div>\n<h2>\u00a0<span style=\"font-size: 12pt; font-family: arial, helvetica, sans-serif; color: #993300;\"><strong>ART\u00cdCULOS<\/strong><\/span><span style=\"font-size: 12pt;\"><strong>\u00a0<\/strong><\/span><\/h2>\n<div class=\"alert alert-warning\" role=\"alert\"><p class=\"printonly\"><strong>Warning!<\/strong><\/p>\n<ul>\n<li><span style=\"font-size: 12pt; font-family: arial, helvetica, sans-serif;\"><a href=\"http:\/\/wp.me\/p8j08t-mr\" target=\"_blank\" rel=\"noopener noreferrer\">Factores a tener presentes en las actividades para la pr\u00e1ctica y evaluaci\u00f3n de las destrezas orales<\/a>. <strong>Juan Carlos Araujo Portugal.<\/strong><\/span><\/li>\n<\/ul>\n<ul>\n<li><span style=\"font-size: 12pt;\"><a href=\"http:\/\/wp.me\/p8j08t-kb\" target=\"_blank\" rel=\"noopener noreferrer\">Elaboraci\u00f3n de la unidad did\u00e1ctica integrada para la clase de Religi\u00f3n<\/a><strong>. <\/strong><strong>Jos\u00e9 Antonio<\/strong><strong> Fern\u00e1ndez Mart\u00edn.<\/strong><\/span><\/li>\n<\/ul>\n<ul>\n<li><span style=\"font-size: 12pt;\"><a href=\"http:\/\/wp.me\/p8j08t-km\" target=\"_blank\" rel=\"noopener noreferrer\">Aprendizaje y compromiso con la comunidad. Hacia la concienciaci\u00f3n de los estudiantes de educaci\u00f3n social de la Universidad de C\u00f3rdoba<\/a><strong>. <\/strong><strong>M\u00aa del Carmen Gil del Pino<\/strong><\/span><\/li>\n<\/ul>\n<ul>\n<li><span style=\"font-size: 12pt;\"><a href=\"http:\/\/wp.me\/p8j08t-kp\" target=\"_blank\" rel=\"noopener noreferrer\">Posibilidades did\u00e1cticas del relato religioso. Con una aplicaci\u00f3n para el aula<\/a>. <strong>Miguel G\u00f3mez Mu\u00f1oz<\/strong><\/span><\/li>\n<\/ul>\n<ul>\n<li><span style=\"font-size: 12pt;\"><a href=\"http:\/\/wp.me\/p8j08t-kt\" target=\"_blank\" rel=\"noopener noreferrer\"><strong>\u00a0<\/strong>La transici\u00f3n espa\u00f1ola, una propuesta did\u00e1ctica<\/a><strong>. Rafael Gonz\u00e1lez Requena<\/strong><\/span><\/li>\n<\/ul>\n<ul>\n<li><span style=\"font-size: 12pt;\"><a href=\"http:\/\/wp.me\/p8j08t-kr\" target=\"_blank\" rel=\"noopener noreferrer\">La educaci\u00f3n en la creatividad a trav\u00e9s de la m\u00fasica.<\/a> <strong>Ana Mar\u00eda Guti\u00e9rrez Mart\u00ednez<\/strong><\/span><strong>\u00a0<\/strong><\/li>\n<\/ul>\n<ul>\n<li><span style=\"font-family: arial, helvetica, sans-serif; font-size: 12pt;\"><a href=\"http:\/\/wp.me\/p8j08t-lp\" target=\"_blank\" rel=\"noopener noreferrer\">El papel de la formaci\u00f3n del profesorado en el <em>Plan Estrat\u00e9gico de Desarrollo de las lenguas en Andaluc\u00eda. Horizonte 2020<\/em><\/a>. <strong>Beatriz Mart\u00ednez Serrano<\/strong><\/span><strong>\u00a0<\/strong><\/li>\n<\/ul>\n<ul>\n<li><span style=\"font-family: arial, helvetica, sans-serif; font-size: 12pt;\"><a href=\"http:\/\/wp.me\/p8j08t-ll\" target=\"_blank\" rel=\"noopener noreferrer\">Diagn\u00f3stico de la percepci\u00f3n del alumnado (3-12 a\u00f1os) de un centro educativo de Lucena (C\u00f3rdoba, Espa\u00f1a) sobre la participaci\u00f3n de la familia en las tareas del hogar<\/a><strong>. V\u00edctor Pablo Pardo Arquero<\/strong><\/span><\/li>\n<\/ul>\n<p class=\"first-p\"><span style=\"font-size: 12pt;\"><strong>\u00a0<\/div><\/strong><\/span><\/p>\n<p><span style=\"font-size: 12pt; color: #993300;\"><strong>EXPERIENCIAS<\/strong><\/span><span style=\"font-size: 12pt;\"><strong>\u00a0<\/strong><\/span><span style=\"font-size: 12pt;\"><strong>\u00a0<\/strong><\/span><\/p>\n<div class=\"alert alert-warning\" role=\"alert\"><p class=\"printonly\"><strong>Warning!<\/strong><\/p><\/p>\n<ul>\n<li><span style=\"font-size: 12pt;\"><a href=\"http:\/\/wp.me\/p8j08t-kX\" target=\"_blank\" rel=\"noopener noreferrer\">Implementaci\u00f3n de una agenda escolar colaborativa con Google Calendar. Proyecto y tutorial<\/a>.<strong> Federico Abad Ruiz.<\/strong><\/span><strong style=\"font-size: 12pt;\">\u00a0<\/strong><\/li>\n<\/ul>\n<ul>\n<li><span style=\"font-size: 12pt;\"><a href=\"http:\/\/wp.me\/p8j08t-l1\" target=\"_blank\" rel=\"noopener noreferrer\">Recordando a Lorca en Las Palmeras<\/a>. <strong>Azahara Ar\u00e9valo Gal\u00e1n.<\/strong><\/span><strong>\u00a0<\/strong><\/li>\n<\/ul>\n<ul>\n<li><span style=\"font-size: 12pt;\"><a href=\"http:\/\/wp.me\/p8j08t-l3\" target=\"_blank\" rel=\"noopener noreferrer\">Programa Erasmus + en el CEP de C\u00f3rdoba (Acci\u00f3n Clave 1): destrezas formativas b\u00e1sicas para una escuela de la sociedad del conocimiento<\/a>.<strong> Trinidad Jerez Montoya<\/strong><\/span><strong>\u00a0<\/strong><\/li>\n<\/ul>\n<ul>\n<li><span style=\"font-size: 12pt;\"><a href=\"http:\/\/wp.me\/p8j08t-lQ\" target=\"_blank\" rel=\"noopener noreferrer\">Matem\u00e1ticas&#8230; Vamos a jugar<\/a>. <strong>Rafael Linares Garc\u00eda<\/strong><\/span><strong>\u00a0<\/strong><\/li>\n<\/ul>\n<ul>\n<li><span style=\"font-size: 12pt;\"><a href=\"http:\/\/wp.me\/p8j08t-l5\" target=\"_blank\" rel=\"noopener noreferrer\">Proyectos Erasmus +: una v\u00eda para la mejora de la educaci\u00f3n<\/a>.<strong> Mar\u00eda Isidora L\u00f3pez-C\u00f3zar Aguilar<\/strong><\/span><strong>\u00a0<\/strong><\/li>\n<\/ul>\n<ul>\n<li><span style=\"font-size: 12pt;\"><a href=\"http:\/\/wp.me\/p8j08t-lT\" target=\"_blank\" rel=\"noopener noreferrer\">Programa Erasmus + en IES Antonio Gal\u00e1n Acosta (Acci\u00f3n Clave 1): la imagen en el aprendizaje: una visi\u00f3n integradora<\/a>.<strong> M\u00f3nica Luque Fern\u00e1ndez y Manuel Garc\u00eda Cruz<\/strong><\/span><strong>\u00a0<\/strong><\/li>\n<\/ul>\n<ul>\n<li><span style=\"font-size: 12pt;\"><a href=\"http:\/\/wp.me\/p8j08t-l9\" target=\"_blank\" rel=\"noopener noreferrer\">Ciencia y convivencia: una interdepartamental e inolvidable aventura por Almer\u00eda<\/a>.<strong> Sonia Moncalvillo Coracho y Jos\u00e9 R. Pedraza Serrano<\/strong><\/span><strong style=\"font-size: 12pt;\">\u00a0<\/strong><\/li>\n<\/ul>\n<ul>\n<li><span style=\"font-size: 12pt;\"><a href=\"http:\/\/wp.me\/p8j08t-lc\" target=\"_blank\" rel=\"noopener noreferrer\">Nuestros cuentos preferidos para el d\u00eda del libro en educaci\u00f3n infantil<\/a>.<strong> M\u00aa Bel\u00e9n Rodr\u00edguez Jer\u00f3nimo y Lourdes Morales L\u00f3pez<\/strong><\/span><strong style=\"font-size: 12pt;\">\u00a0<\/strong><\/li>\n<\/ul>\n<ul>\n<li><span style=\"font-size: 12pt;\"><a href=\"http:\/\/wp.me\/p8j08t-le\" target=\"_blank\" rel=\"noopener noreferrer\">Programa Erasmus+: Proyecto ka219. Cross-curricular approaches to mathematics and sciences in formal and informal contexts<\/a>.<strong> Alberto Segovia Alonso<\/strong><\/span><strong>\u00a0<\/strong><\/li>\n<\/ul>\n<p class=\"first-p\"><\/div>\n<p><span style=\"font-size: 12pt; color: #993300;\"><strong>MONOGR\u00c1FICO: LA ESCUELA EN PERSPECTIVA HIST\u00d3RICA<\/strong><\/span><\/p>\n<div class=\"alert alert-warning\" role=\"alert\"><p class=\"printonly\"><strong>Warning!<\/strong><\/p><\/p>\n<ul>\n<li><span style=\"font-size: 12pt;\"><a href=\"http:\/\/wp.me\/p8j08t-kx\" target=\"_blank\" rel=\"noopener noreferrer\">Una nueva mirada a la historia de la educaci\u00f3n a trav\u00e9s de los museos pedag\u00f3gicos universitarios<\/a>. <strong>Pablo \u00c1lvarez Dom\u00ednguez<\/strong><\/span><strong>\u00a0<\/strong><\/li>\n<\/ul>\n<ul>\n<li><span style=\"font-size: 12pt;\"><a href=\"http:\/\/wp.me\/p8j08t-kz\" target=\"_blank\" rel=\"noopener noreferrer\">Iluminar las sombras y escuchar los silencios<\/a>. <strong>Pilar Ballar\u00edn Domingo<\/strong><\/span><strong>\u00a0<\/strong><\/li>\n<\/ul>\n<ul>\n<li><span style=\"font-size: 12pt;\"><a href=\"http:\/\/wp.me\/p8j08t-kB\" target=\"_blank\" rel=\"noopener noreferrer\">Algunas reflexiones sobre la trayectoria de la ense\u00f1anza de las ciencias sociales en las \u00faltimas d\u00e9cadas<\/a>. <strong>Francisco F. Garc\u00eda P\u00e9rez<\/strong><\/span><strong>\u00a0<\/strong><span style=\"font-size: 12pt;\"><strong>\u00a0<\/strong><\/span><\/li>\n<\/ul>\n<ul>\n<li><span style=\"font-size: 12pt;\"><a href=\"http:\/\/wp.me\/p8j08t-lt\" target=\"_blank\" rel=\"noopener noreferrer\">Por \u00a0terrenos \u00a0labrant\u00edos: las \u00a0misiones \u00a0pedag\u00f3gicas \u00a0de \u00a0la \u00a0Segunda Rep\u00fablica<\/a>. <strong>Javier Gimeno Perell\u00f3<\/strong><\/span><strong>\u00a0<\/strong><\/li>\n<\/ul>\n<ul>\n<li><span style=\"font-size: 12pt;\"><a href=\"http:\/\/wp.me\/p8j08t-lE\" target=\"_blank\" rel=\"noopener noreferrer\">Evoluci\u00f3n de la did\u00e1ctica de la Educaci\u00f3n F\u00edsica<\/a>.<strong> Ra\u00fal Landa Navarro.<\/strong><\/span><\/li>\n<\/ul>\n<ul>\n<li><span style=\"font-size: 12pt;\"><a href=\"http:\/\/wp.me\/p8j08t-kE\" target=\"_blank\" rel=\"noopener noreferrer\">El maestro y la pedagog\u00eda suplantada del Franquismo de la posguerra. Apuntes desde la literatura<strong>.<\/strong><\/a> <strong>Ram\u00f3n L\u00f3pez Mart\u00edn<\/strong><\/span><strong>\u00a0<\/strong><\/li>\n<\/ul>\n<ul>\n<li><span style=\"font-size: 12pt;\"><a href=\"http:\/\/wp.me\/p8j08t-lC\" target=\"_blank\" rel=\"noopener noreferrer\">Pedro Salinas, o meditaci\u00f3n sobre el sentido de la educaci\u00f3n<\/a>.<strong> Leonor Mar\u00eda Mart\u00ednez Serrano.<\/strong><\/span><strong style=\"font-size: 12pt;\">\u00a0<\/strong><\/li>\n<\/ul>\n<ul>\n<li><span style=\"font-size: 12pt;\"><a href=\"http:\/\/wp.me\/p8j08t-kK\" target=\"_blank\" rel=\"noopener noreferrer\">Noticias de los centros de colaboraci\u00f3n pedag\u00f3gica en el archivo del IES Santa Catalina de Siena de C\u00f3rdoba. Curso 1965\/1966<\/a><strong>. <\/strong><strong>Ana Moreno Moreno<\/strong><\/span><strong>\u00a0<\/strong><\/li>\n<\/ul>\n<ul>\n<li><span style=\"font-size: 12pt;\"><a href=\"http:\/\/wp.me\/p8j08t-kM\" target=\"_blank\" rel=\"noopener noreferrer\">Por una escuela para la vida y la felicidad de las personas<\/a>.<strong> Francisco Olvera L\u00f3pez<\/strong><\/span><strong>\u00a0<\/strong><\/li>\n<\/ul>\n<ul>\n<li><span style=\"font-size: 12pt;\"><a href=\"http:\/\/wp.me\/p8j08t-kO\" target=\"_blank\" rel=\"noopener noreferrer\">Las escuelas del Campo de la Verdad: un intento de mejorar la educaci\u00f3n cordobesa<\/a>.<strong> Manuel A. Garc\u00eda Parody<\/strong><\/span><strong>\u00a0<\/strong><\/li>\n<\/ul>\n<ul>\n<li><span style=\"font-size: 12pt;\"><a href=\"http:\/\/wp.me\/p8j08t-kR\" target=\"_blank\" rel=\"noopener noreferrer\">De Y\u00e1snaia Poliana a Castro del R\u00edo. Apuntes de escuelas libertarias<\/a>. <strong>Ra\u00fal Ruano Bellido<\/strong><\/span><\/li>\n<\/ul>\n<ul>\n<li><span style=\"font-size: 12pt; font-family: arial, helvetica, sans-serif;\"><a href=\"http:\/\/wp.me\/p8j08t-kT\" target=\"_blank\" rel=\"noopener noreferrer\">Los movimientos de renovaci\u00f3n pedag\u00f3gica. Un modelo de formaci\u00f3n del profesorado comprometido en la defensa de la escuela p\u00fablica<\/a>.<strong> Blas Segovia Aguilar<\/strong><\/span><strong>\u00a0<\/strong><\/li>\n<\/ul>\n<ul>\n<li><span style=\"font-size: 12pt;\"><a href=\"http:\/\/wp.me\/p8j08t-lL\" target=\"_blank\" rel=\"noopener noreferrer\">Carmen de Michelena (Madrid, 1914-Beas de Segura, 2012)<\/a>. <strong>Rosa M\u00aa. Solano Fern\u00e1ndez<\/strong> y <strong>Beatriz <\/strong><strong>Toledo Mar\u00edn<\/strong><\/span><strong>\u00a0<\/strong><span style=\"font-size: 12pt;\"><strong>\u00a0<\/strong><\/span><\/li>\n<\/ul>\n<ul>\n<li><span style=\"font-size: 12pt;\"><a href=\"http:\/\/wp.me\/p8j08t-kV\" target=\"_blank\" rel=\"noopener noreferrer\">Jos\u00e9 Mar\u00eda Rey D\u00edaz.(1891-1963). Un pedagogo cordob\u00e9s<\/a><strong>.<\/strong> <strong>Manuel Toribio Garc\u00eda<\/strong><\/span><strong>\u00a0<\/strong><\/li>\n<\/ul>\n<p class=\"first-p\"><\/div>\n<p><span style=\"font-size: 12pt;\"><strong>\u00a0<\/strong><\/span><span style=\"font-size: 12pt; color: #993300;\"><strong>ENTREVISTA<\/strong><\/span><span style=\"font-size: 12pt;\"><strong>\u00a0<\/strong><\/span><\/p>\n<div class=\"alert alert-warning\" role=\"alert\"><p class=\"printonly\"><strong>Warning!<\/strong><\/p>\n<ul>\n<li><a href=\"http:\/\/wp.me\/p8j08t-li\">Retazos de tiempo, nostalgia y soledad. Entrevista a Rafael Ruiz Serrano.<\/a><strong style=\"font-size: 12pt;\"> Leonor Mart\u00ednez Serrano<\/strong><\/li>\n<\/ul>\n<p class=\"first-p\"><span style=\"font-size: 12pt;\">\u00a0<\/div><\/span><\/p>\n<p><span style=\"font-size: 12pt; color: #993300;\"><strong>RESE\u00d1A<\/strong><\/span><span style=\"font-size: 12pt;\"><strong>\u00a0<\/strong><\/span><\/p>\n<div class=\"alert alert-warning\" role=\"alert\"><p class=\"printonly\"><strong>Warning!<\/strong><\/p><\/p>\n<ul>\n<li><span style=\"font-size: 12pt;\"><a href=\"http:\/\/wp.me\/p8j08t-lg\" target=\"_blank\" rel=\"noopener noreferrer\">Jos\u00e9 Carlos Aranda Aguilar. <em>C\u00f3mo hablar en p\u00fablico.<\/em><\/a> Por <strong>Beatriz Mart\u00ednez Serrano.<\/strong><\/span><\/li>\n<\/ul>\n<p class=\"first-p\"><\/div>\n","protected":false},"excerpt":{"rendered":"<p>EDITORIAL \u00a0ART\u00cdCULOS\u00a0 EXPERIENCIAS\u00a0\u00a0 MONOGR\u00c1FICO: LA ESCUELA EN PERSPECTIVA HIST\u00d3RICA \u00a0ENTREVISTA\u00a0 RESE\u00d1A\u00a0<\/p>\n","protected":false},"author":2,"featured_media":0,"parent":0,"menu_order":0,"comment_status":"closed","ping_status":"closed","template":"template-twocolumnsleft.php","meta":{"jetpack_post_was_ever_published":false,"footnotes":""},"class_list":["post-1367","page","type-page","status-publish","hentry","nodate","item-wrap"],"jetpack_sharing_enabled":true,"jetpack_shortlink":"https:\/\/wp.me\/P8j08t-m3","_links":{"self":[{"href":"https:\/\/revistaeco.cepcordoba.es\/index.php\/wp-json\/wp\/v2\/pages\/1367","targetHints":{"allow":["GET"]}}],"collection":[{"href":"https:\/\/revistaeco.cepcordoba.es\/index.php\/wp-json\/wp\/v2\/pages"}],"about":[{"href":"https:\/\/revistaeco.cepcordoba.es\/index.php\/wp-json\/wp\/v2\/types\/page"}],"author":[{"embeddable":true,"href":"https:\/\/revistaeco.cepcordoba.es\/index.php\/wp-json\/wp\/v2\/users\/2"}],"replies":[{"embeddable":true,"href":"https:\/\/revistaeco.cepcordoba.es\/index.php\/wp-json\/wp\/v2\/comments?post=1367"}],"version-history":[{"count":95,"href":"https:\/\/revistaeco.cepcordoba.es\/index.php\/wp-json\/wp\/v2\/pages\/1367\/revisions"}],"predecessor-version":[{"id":1495,"href":"https:\/\/revistaeco.cepcordoba.es\/index.php\/wp-json\/wp\/v2\/pages\/1367\/revisions\/1495"}],"wp:attachment":[{"href":"https:\/\/revistaeco.cepcordoba.es\/index.php\/wp-json\/wp\/v2\/media?parent=1367"}],"curies":[{"name":"wp","href":"https:\/\/api.w.org\/{rel}","templated":true}]}}