{"id":1539,"date":"2017-04-24T11:47:05","date_gmt":"2017-04-24T10:47:05","guid":{"rendered":"http:\/\/revistaeco.cepcordoba.es\/?page_id=1539"},"modified":"2017-09-14T05:42:47","modified_gmt":"2017-09-14T04:42:47","slug":"sumario-revista-eco-no-13","status":"publish","type":"page","link":"https:\/\/revistaeco.cepcordoba.es\/index.php\/sumario-revista-eco-no-13\/","title":{"rendered":"Sumario Revista eCO N\u00ba 13"},"content":{"rendered":"<h3><span style=\"font-size: 12pt; font-family: arial, helvetica, sans-serif; color: #993300;\"><strong>EDITORIAL<\/strong><\/span><\/h3>\n<ul>\n<li><span style=\"font-size: 12pt;\"><a href=\"http:\/\/revistaeco.cepcordoba.es\/index.php\/2016\/04\/18\/editorial-3\/\" target=\"_blank\" rel=\"noopener noreferrer\">eCO N\u00ba 13<\/a><\/span><\/li>\n<\/ul>\n<div id=\"itemsSumario\">\n<h2><span style=\"font-size: 12pt; font-family: arial, helvetica, sans-serif; color: #993300;\"><strong>ART\u00cdCULOS<\/strong><\/span><span style=\"font-size: 12pt;\"><strong>\u00a0<\/strong><\/span><\/h2>\n<\/div>\n<ul>\n<li style=\"text-align: justify;\"><span style=\"font-size: 12pt;\"><a href=\"http:\/\/wp.me\/p8j08t-cQ\" target=\"_blank\" rel=\"noopener noreferrer\">Gesti\u00f3n del cambio desde el perfil t\u00e9cnico en el proyecto tic del IES Gran Capit\u00e1n<\/a>. <strong>Jos\u00e9 Ram\u00f3n Albend\u00edn Ram\u00edrez<\/strong><\/span><\/li>\n<li style=\"text-align: justify;\"><span style=\"font-size: 12pt;\"><a href=\"http:\/\/wp.me\/p8j08t-cA\" target=\"_blank\" rel=\"noopener noreferrer\">Movimiento hacia el cambio: audici\u00f3n activa a trav\u00e9s de tertulias dial\u00f3gicas musicales<\/a>. <strong>Azahara Ar\u00e9valo Gal\u00e1n<\/strong>\u00a0 \u00a0<\/span><\/li>\n<li style=\"text-align: justify;\"><span style=\"font-size: 12pt;\"><a href=\"http:\/\/wp.me\/p8j08t-cG\" target=\"_blank\" rel=\"noopener noreferrer\">Percepci\u00f3n del alumnado sobre la ense\u00f1anza y el aprendizaje de la Historia<\/a>. <strong>Antonio M. Capdevila G\u00f3mez, Jos\u00e9 Manuel Lara Fuillerat, Jos\u00e9 Moraga Campos<\/strong><\/span><\/li>\n<li style=\"text-align: justify;\"><span style=\"font-size: 12pt;\"><a href=\"http:\/\/wp.me\/p8j08t-cM\" target=\"_blank\" rel=\"noopener noreferrer\">El debate en el aula. Una metodolog\u00eda para la mejora de la comunicaci\u00f3n oral<\/a>. <strong>Jos\u00e9 David Castillejo Gonz\u00e1lez<\/strong><\/span><\/li>\n<li style=\"text-align: justify;\"><span style=\"font-size: 12pt;\"><a href=\"http:\/\/wp.me\/p8j08t-cI\" target=\"_blank\" rel=\"noopener noreferrer\">50 a\u00f1os de ense\u00f1anzas oficiales de danza en C\u00f3rdoba y en Andaluc\u00eda<\/a>. <strong>M\u00aa Carmen del R\u00edo Orozco<\/strong><\/span><\/li>\n<li style=\"text-align: justify;\"><span style=\"font-size: 12pt;\"><a href=\"http:\/\/wp.me\/p8j08t-cB\" target=\"_blank\" rel=\"noopener noreferrer\">Las exposiciones did\u00e1cticas como modelo de aprendizaje hist\u00f3rico a partir de la exposici\u00f3n \u201cLa Segunda Rep\u00fablica Espa\u00f1ola\u201d<\/a>. <strong>Rafael Gonz\u00e1lez Requena, Ana Naranjo S\u00e1nchez<\/strong>\u00a0\u00a0<\/span><\/li>\n<li style=\"text-align: justify;\"><span style=\"font-size: 12pt;\"><a href=\"http:\/\/wp.me\/p8j08t-cC\" target=\"_blank\" rel=\"noopener noreferrer\">Programa Erasmus+ (Convocatoria 2016): Hacia una formaci\u00f3n integral de alumnado y profesorado de nuestra provincia en Europa<\/a>. <strong>Trinidad Jerez Montoya<\/strong><\/span><\/li>\n<li style=\"text-align: justify;\"><span style=\"font-size: 12pt;\"><a href=\"http:\/\/wp.me\/p8j08t-cE\" target=\"_blank\" rel=\"noopener noreferrer\">El pacifismo, una asignatura todav\u00eda pendiente<\/a>. <strong>Roc\u00edo Lopera Barbancho<\/strong>\u00a0 \u00a0 \u00a0 \u00a0\u00a0<\/span><\/li>\n<li style=\"text-align: justify;\"><span style=\"font-size: 12pt;\"><a href=\"http:\/\/wp.me\/p8j08t-cK\" target=\"_blank\" rel=\"noopener noreferrer\">La proyecci\u00f3n europea del Centro del Profesorado Priego-Montilla: Proyecto ka1 de Erasmus+ (2014-2016)<\/a>. <strong>Leonor Mar\u00eda Mart\u00ednez Serrano<\/strong>\u00a0 \u00a0 \u00a0 \u00a0 \u00a0 \u00a0<\/span><\/li>\n<li style=\"text-align: justify;\"><span style=\"font-size: 12pt;\"><a href=\"http:\/\/wp.me\/p8j08t-cS\" target=\"_blank\" rel=\"noopener noreferrer\">Marea inclusiva, haciendo realidad el protagonismo de todos los alumnos en su aprendizaje<\/a>. <strong>Jacinto Molero Merino<\/strong><\/span><\/li>\n<li style=\"text-align: justify;\"><span style=\"font-size: 12pt;\"><a href=\"http:\/\/wp.me\/p8j08t-cy\" target=\"_blank\" rel=\"noopener noreferrer\">La familia en Disney: desde Blancanieves a nuestros d\u00edas<\/a>. <strong>Rafael Moreno D\u00edaz et alii<\/strong><\/span><\/li>\n<li style=\"text-align: justify;\"><span style=\"font-size: 12pt;\"><a href=\"http:\/\/wp.me\/p8j08t-cN\" target=\"_blank\" rel=\"noopener noreferrer\">Los textos hist\u00f3ricos en el aprendizaje de la contemporaneidad<\/a>. <strong>Jos\u00e9 Ram\u00f3n Pedraza Serrano<\/strong><\/span><\/li>\n<li style=\"text-align: justify;\"><span style=\"font-size: 12pt;\"><a href=\"http:\/\/wp.me\/p8j08t-cO\" target=\"_blank\" rel=\"noopener noreferrer\">La biograf\u00eda como recurso did\u00e1ctico: Antonio Ja\u00e9n Morente, compromiso pol\u00edtico\u00a0 y pasi\u00f3n por la Historia. Otros personajes de inter\u00e9s: Manuel Garc\u00eda Casas<\/a>. <strong>Manuel Toribio Garc\u00eda<\/strong><\/span><\/li>\n<\/ul>\n<p>&nbsp;<\/p>\n<div id=\"itemsSumario\">\n<p><span style=\"font-size: 12pt; color: #993300;\"><strong>EXPERIENCIAS<\/strong><\/span><span style=\"font-size: 12pt;\"><strong>\u00a0<\/strong><\/span><\/p>\n<ul>\n<li><span style=\"font-size: 12pt;\"><a href=\"http:\/\/revistaeco.cepcordoba.es\/index.php\/2017\/04\/24\/un-proyecto-por-la-paz-puk-y-el-muro-2\/\" target=\"_blank\" rel=\"noopener noreferrer\">Un proyecto por la paz: Puk y el muro<\/a>. <strong>Lourdes Morales L\u00f3pez, M\u00aa Bel\u00e9n Rodr\u00edguez Jer\u00f3nimo<\/strong><\/span><\/li>\n<li><span style=\"font-size: 12pt;\"><span style=\"font-size: 12pt;\"><a href=\"http:\/\/wp.me\/p8j08t-d7\" target=\"_blank\" rel=\"noopener noreferrer\">Aplicaci\u00f3n did\u00e1ctica sobre el comp\u00e1s flamenco: \u201cel duende flamenco de mi cole\u201d<\/a>.\u00a0<strong>Sara Villafuerte Jim\u00e9nez<\/strong><\/span><strong>\u00a0 \u00a0 \u00a0 \u00a0<\/strong><\/span><\/li>\n<\/ul>\n<p>&nbsp;<\/p>\n<p><span style=\"font-size: 12pt; color: #993300;\"><strong>MONOGR\u00c1FICO: EDUCACI\u00d3N PERMANENTE DE PERSONAS ADULTAS<\/strong><\/span><\/p>\n<ul>\n<li><span style=\"font-size: 12pt;\"><a href=\"http:\/\/wp.me\/p8j08t-cU\" target=\"_blank\" rel=\"noopener noreferrer\">El avance de los institutos de educaci\u00f3n secundaria para personas adultas en Andaluc\u00eda<\/a>. <strong>Eva Arias Borrego<\/strong>\u00a0 \u00a0 \u00a0 \u00a0\u00a0<\/span><\/li>\n<li><span style=\"font-size: 12pt;\"><a href=\"http:\/\/wp.me\/p8j08t-db\" target=\"_blank\" rel=\"noopener noreferrer\">La formaci\u00f3n del profesorado de educaci\u00f3n permanente de personas adultas en Andaluc\u00eda<\/a>.<strong> Miguel Calvillo Jurado \u00a0 \u00a0\u00a0<\/strong><\/span><\/li>\n<li><span style=\"font-size: 12pt;\"><a href=\"http:\/\/wp.me\/p8j08t-cV\" target=\"_blank\" rel=\"noopener noreferrer\">La evoluci\u00f3n de la educaci\u00f3n permanente y su gran dificultad, el abandono educativo<\/a>. <strong>Francisco Fern\u00e1ndez Merino<\/strong><\/span><\/li>\n<li><span style=\"font-size: 12pt;\"><a href=\"http:\/\/wp.me\/p8j08t-cX\" target=\"_blank\" rel=\"noopener noreferrer\">Lecturas dialogadas o memoria de lo vivido en el curr\u00edculum de EPER de Andaluc\u00eda<\/a>. <strong>C\u00e1ndido Guti\u00e9rrez Nieto<\/strong><\/span><\/li>\n<li><span style=\"font-size: 12pt;\"><a href=\"http:\/\/wp.me\/p8j08t-cZ\" target=\"_blank\" rel=\"noopener noreferrer\">La tertulia literaria dial\u00f3gica en el centro penitenciario Araba, Nanclares de la Oca (\u00c1lava). <\/a><strong>Miguel Loza Aguirre<\/strong><\/span><\/li>\n<li><span style=\"font-size: 12pt;\"><a href=\"http:\/\/wp.me\/p8j08t-d1\" target=\"_blank\" rel=\"noopener noreferrer\">La educaci\u00f3n permanente como equilibrador social: CEPER y SEP<\/a>. <strong>Rosa Mar\u00eda Parra Moreno<\/strong><\/span><\/li>\n<li><span style=\"font-size: 12pt;\"><a href=\"http:\/\/wp.me\/p8j08t-d3\" target=\"_blank\" rel=\"noopener noreferrer\">Nuestra experiencia en Erasmus +. CEPER \u201cFuensanta\u201d<\/a>. <strong>Natividad Saiz Vaquero<\/strong><\/span><\/li>\n<li><span style=\"font-size: 12pt;\"><a href=\"http:\/\/wp.me\/p8j08t-d5\" target=\"_blank\" rel=\"noopener noreferrer\">Las escuelas oficiales de idiomas en el entorno del sistema educativo<\/a>. <strong>Elena Tapia Carrillo<\/strong><\/span><\/li>\n<\/ul>\n<p><span style=\"font-size: 12pt;\"><strong>\u00a0<\/strong><\/span><\/p>\n<p><span style=\"font-size: 12pt; color: #993300;\"><strong>ENTREVISTAS<\/strong><\/span><\/p>\n<ul>\n<li><span style=\"font-size: 12pt;\"><a href=\"http:\/\/wp.me\/p8j08t-dd\" target=\"_blank\" rel=\"noopener noreferrer\">La educaci\u00f3n permanente en tiempos de tic. Entrevista a Anibal de la Torre <\/a>por <strong>Miguel Calvillo Jurado<\/strong>\u00a0 \u00a0 \u00a0 \u00a0 \u00a0 \u00a0\u00a0<\/span><\/li>\n<li><span style=\"font-size: 12pt;\"><a href=\"http:\/\/wp.me\/p8j08t-df\" target=\"_blank\" rel=\"noopener noreferrer\">En el camino a \u00cdtaca. Conversaci\u00f3n con Jos\u00e9 Rey<\/a> por <strong>Pablo Calvo, Jos\u00e9 Mar\u00eda Garc\u00eda y Leonor Mart\u00ednez<\/strong><\/span><\/li>\n<li><span style=\"font-size: 12pt;\"><a href=\"http:\/\/wp.me\/p8j08t-dh\" target=\"_blank\" rel=\"noopener noreferrer\">Entrevista con Mar Padr\u00f3n<\/a>\u00a0 por <strong>Rosa Solano<\/strong><\/span><\/li>\n<\/ul>\n<p><span style=\"font-size: 12pt;\"><strong>\u00a0<\/strong><\/span><\/p>\n<p><span style=\"font-size: 12pt; color: #993300;\"><strong>RESE\u00d1A<\/strong><\/span><span style=\"font-size: 12pt;\"><strong>\u00a0<\/strong><\/span><\/p>\n<ul>\n<li><span style=\"font-size: 12pt;\"><a href=\"http:\/\/wp.me\/p8j08t-d9\" target=\"_blank\" rel=\"noopener noreferrer\">Jos\u00e9 Antonio Marina. Despertad al diplodocus. Una conspiraci\u00f3n educativa para transformar La Escuela\u2026 y todo lo dem\u00e1s <\/a>por <strong>Beatriz Mart\u00ednez<\/strong><\/span><\/li>\n<\/ul>\n<\/div>\n<p>&nbsp;<\/p>\n<p><span style=\"color: #800000; font-size: 12pt;\"><strong>HUMOR GR\u00c1FICO<\/strong><\/span><\/p>\n<ul>\n<li><span style=\"font-size: 12pt;\"><strong><a href=\"http:\/\/wp.me\/p8j08t-dp\" target=\"_blank\" rel=\"noopener noreferrer\">Carmelo L\u00f3pez de Arce Ballesteros<\/a><\/strong><\/span><\/li>\n<\/ul>\n<p>&nbsp;<\/p>\n<p><a href=\"http:\/\/revistaeco.cepcordoba.es\/wp-content\/uploads\/2016\/09\/numero13completo-1.pdf\" target=\"_blank\" rel=\"noopener noreferrer\"><img decoding=\"async\" class=\"aligncenter size-medium wp-image-1544\" src=\"http:\/\/revistaeco.cepcordoba.es\/wp-content\/uploads\/2016\/04\/portada-eco13-215x300.jpg\" alt=\"\" width=\"215\" height=\"300\" \/><\/a><\/p>\n<p style=\"text-align: center;\"><span style=\"font-size: 12pt;\"><a href=\"http:\/\/revistaeco.cepcordoba.es\/wp-content\/uploads\/2016\/09\/numero13completo-1.pdf\" target=\"_blank\" rel=\"noopener noreferrer\"><strong>N\u00daMERO COMPLETO<\/strong><\/a><\/span><\/p>\n<p>&nbsp;<\/p>\n","protected":false},"excerpt":{"rendered":"<p>EDITORIAL eCO N\u00ba 13 ART\u00cdCULOS\u00a0 Gesti\u00f3n del cambio desde el perfil t\u00e9cnico en el proyecto tic del IES Gran Capit\u00e1n. Jos\u00e9 Ram\u00f3n Albend\u00edn Ram\u00edrez Movimiento hacia el cambio: audici\u00f3n activa a trav\u00e9s de tertulias dial\u00f3gicas musicales. Azahara Ar\u00e9valo Gal\u00e1n\u00a0 \u00a0 Percepci\u00f3n del alumnado sobre la ense\u00f1anza y el aprendizaje de la Historia. Antonio M. Capdevila &hellip; <\/p>\n<p><a class=\"more-link btn\" href=\"https:\/\/revistaeco.cepcordoba.es\/index.php\/sumario-revista-eco-no-13\/\">Seguir leyendo<\/a><\/p>\n","protected":false},"author":2,"featured_media":0,"parent":0,"menu_order":0,"comment_status":"closed","ping_status":"closed","template":"template-twocolumnsleft.php","meta":{"jetpack_post_was_ever_published":false,"footnotes":""},"class_list":["post-1539","page","type-page","status-publish","hentry","nodate","item-wrap"],"jetpack_sharing_enabled":true,"jetpack_shortlink":"https:\/\/wp.me\/P8j08t-oP","_links":{"self":[{"href":"https:\/\/revistaeco.cepcordoba.es\/index.php\/wp-json\/wp\/v2\/pages\/1539","targetHints":{"allow":["GET"]}}],"collection":[{"href":"https:\/\/revistaeco.cepcordoba.es\/index.php\/wp-json\/wp\/v2\/pages"}],"about":[{"href":"https:\/\/revistaeco.cepcordoba.es\/index.php\/wp-json\/wp\/v2\/types\/page"}],"author":[{"embeddable":true,"href":"https:\/\/revistaeco.cepcordoba.es\/index.php\/wp-json\/wp\/v2\/users\/2"}],"replies":[{"embeddable":true,"href":"https:\/\/revistaeco.cepcordoba.es\/index.php\/wp-json\/wp\/v2\/comments?post=1539"}],"version-history":[{"count":16,"href":"https:\/\/revistaeco.cepcordoba.es\/index.php\/wp-json\/wp\/v2\/pages\/1539\/revisions"}],"predecessor-version":[{"id":2267,"href":"https:\/\/revistaeco.cepcordoba.es\/index.php\/wp-json\/wp\/v2\/pages\/1539\/revisions\/2267"}],"wp:attachment":[{"href":"https:\/\/revistaeco.cepcordoba.es\/index.php\/wp-json\/wp\/v2\/media?parent=1539"}],"curies":[{"name":"wp","href":"https:\/\/api.w.org\/{rel}","templated":true}]}}