{"id":1869,"date":"2017-05-02T03:49:43","date_gmt":"2017-05-02T02:49:43","guid":{"rendered":"http:\/\/revistaeco.cepcordoba.es\/?page_id=1869"},"modified":"2018-04-26T11:00:45","modified_gmt":"2018-04-26T10:00:45","slug":"sumario-revista-eco-no-10","status":"publish","type":"page","link":"https:\/\/revistaeco.cepcordoba.es\/index.php\/sumario-revista-eco-no-10\/","title":{"rendered":"Sumario Revista eCO N\u00ba 10."},"content":{"rendered":"<p style=\"text-align: justify;\"><span style=\"font-size: 14pt; color: #800000; font-family: arial, helvetica, sans-serif;\"><strong>EDITORIAL<\/strong><\/span><\/p>\n<ul style=\"text-align: justify;\">\n<li><span style=\"font-size: 12pt; font-family: arial, helvetica, sans-serif;\"><strong><a href=\"http:\/\/wp.me\/p8j08t-at\" target=\"_blank\" rel=\"noopener noreferrer\">Editorial n\u00ba 10<\/a>.<\/strong><\/span><\/li>\n<\/ul>\n<p>&nbsp;<\/p>\n<p style=\"text-align: justify;\"><span style=\"font-size: 14pt; font-family: arial, helvetica, sans-serif;\"><strong><span style=\"color: #800000;\">ART\u00cdCULOS<\/span><\/strong><\/span><\/p>\n<ul>\n<li style=\"text-align: justify;\"><span style=\"font-size: 12pt; font-family: arial, helvetica, sans-serif;\"><a href=\"http:\/\/wp.me\/p8j08t-9E\" target=\"_blank\" rel=\"noopener noreferrer\">El wiki en Ciencias Sociales<\/a>.\u00a0<strong>Ayll\u00f3n Rodr\u00edguez, Dolores<\/strong><\/span><\/li>\n<li style=\"text-align: justify;\"><span style=\"font-size: 12pt; font-family: arial, helvetica, sans-serif;\"><a href=\"http:\/\/wp.me\/p8j08t-ap\" target=\"_blank\" rel=\"noopener noreferrer\">Accidentes laborales en personal de educaci\u00f3n. Importancia de su investigaci\u00f3n<\/a>. <strong>Camacho Martos, Inmaculada. Cobo Rosell, Jos\u00e9 Ram\u00f3n<\/strong><\/span><\/li>\n<li style=\"text-align: justify;\"><span style=\"font-size: 12pt; font-family: arial, helvetica, sans-serif;\"><a href=\"http:\/\/wp.me\/p8j08t-4Z\" target=\"_blank\" rel=\"noopener noreferrer\">Una forma de trabajar la competencia cient\u00edfica en el aula<\/a>.\u00a0<strong>Ca\u00f1as Cort\u00e1zar, Ana Mar\u00eda y Nieda Oterino, Juana<\/strong><\/span><\/li>\n<li style=\"text-align: justify;\"><span style=\"font-size: 12pt; font-family: arial, helvetica, sans-serif;\"><a href=\"http:\/\/wp.me\/p8j08t-9G\" target=\"_blank\" rel=\"noopener noreferrer\">Trabajos monogr\u00e1ficos interdisciplinares: ejemplificaci\u00f3n a partir de la figura de Antonio \u00a0Machado<\/a>. <strong>Gonz\u00e1lez Requena, Rafael. Rodr\u00edguez Delgado,\u00a0Antonio Jes\u00fas. Alcalde Pacheco,\u00a0Mar\u00eda Jos\u00e9. Darnaudguillhem P\u00e9rez, Marielouise. Naranjo Cordob\u00e9s,\u00a0Luis Gabriel<\/strong><\/span><\/li>\n<li style=\"text-align: justify;\"><span style=\"font-size: 12pt; font-family: arial, helvetica, sans-serif;\"><a href=\"http:\/\/wp.me\/p8j08t-ad\" target=\"_blank\" rel=\"noopener noreferrer\">Fomento de la lectura en Historia Contempor\u00e1nea: George Orwell: 1984<\/a>.\u00a0<strong>Lara Fuillerat,\u00a0Jos\u00e9 Manuel. L\u00f3pez Hern\u00e1ndez, M\u00aa Jos\u00e9. Mota Espina, Pilar<\/strong><\/span><\/li>\n<li style=\"text-align: justify;\"><span style=\"font-size: 12pt; font-family: arial, helvetica, sans-serif;\"><a href=\"http:\/\/wp.me\/p8j08t-aj\" target=\"_blank\" rel=\"noopener noreferrer\">Dise\u00f1o e implementaci\u00f3n de Entornos Personales de Aprendizaje en Secundaria<\/a>. <strong>Lara Fuillerat,\u00a0Jos\u00e9 Manuel. Moraga Campos, Jos\u00e9<\/strong><\/span><\/li>\n<li style=\"text-align: justify;\"><span style=\"font-size: 12pt; font-family: arial, helvetica, sans-serif;\"><a href=\"http:\/\/wp.me\/p8j08t-a9\" target=\"_blank\" rel=\"noopener noreferrer\">La competencia espacial en el \u00e1rea de Geograf\u00eda e Historia: geoportales, literatura geogr\u00e1fica<\/a>.<strong>\u00a0Le\u00f3n Parra,\u00a0Eloy Antonio.\u00a0Prados Rosales,\u00a0Luis Miguel<\/strong><\/span><\/li>\n<li style=\"text-align: justify;\"><span style=\"font-size: 12pt; font-family: arial, helvetica, sans-serif;\"><a href=\"http:\/\/wp.me\/p8j08t-7q\" target=\"_blank\" rel=\"noopener noreferrer\">La obesidad infantil. Un reto para la comunidad educativa<\/a>. <strong>Manrique G\u00f3mez, Miguel \u00c1ngel. Alhambra Exp\u00f3sito,\u00a0Mar\u00eda Rosa<\/strong><\/span><\/li>\n<li style=\"text-align: justify;\"><span style=\"font-size: 12pt; font-family: arial, helvetica, sans-serif;\"><a href=\"http:\/\/wp.me\/p8j08t-ak\" target=\"_blank\" rel=\"noopener noreferrer\">El aprendizaje de lenguas en Holanda<\/a>.\u00a0<strong>Mart\u00ednez Serrano, Leonor Mar\u00eda\u00a0<\/strong><\/span><\/li>\n<li style=\"text-align: justify;\"><span style=\"font-size: 12pt; font-family: arial, helvetica, sans-serif;\"><a href=\"http:\/\/wp.me\/p8j08t-7p\" target=\"_blank\" rel=\"noopener noreferrer\">La educaci\u00f3n musical espa\u00f1ola en secundaria ante los retos actuales de la sociedad<\/a>.\u00a0<strong>Martos S\u00e1nchez, Emilia<\/strong><\/span><\/li>\n<li style=\"text-align: justify;\"><span style=\"font-size: 12pt; font-family: arial, helvetica, sans-serif;\"><a href=\"http:\/\/wp.me\/p8j08t-9H\" target=\"_blank\" rel=\"noopener noreferrer\">La Fuensanta. De prodigios, hortelanos, inundaciones, planeamientos (3\u00ba parte y \u00faltima)<\/a>.<strong> Pedraza Serrano, Jos\u00e9 Ram\u00f3n<\/strong><\/span><\/li>\n<li style=\"text-align: justify;\"><span style=\"font-size: 12pt; font-family: arial, helvetica, sans-serif;\"><a href=\"http:\/\/wp.me\/p8j08t-9F\" target=\"_blank\" rel=\"noopener noreferrer\">El Camino de Santiago: Andando competencias para la vida<\/a>.<strong> Pedraza Serrano,\u00a0Jos\u00e9 Ram\u00f3n. Moncalvillo Coracho, Sonia<\/strong><\/span><\/li>\n<li style=\"text-align: justify;\"><span style=\"font-size: 12pt; font-family: arial, helvetica, sans-serif;\"><a href=\"http:\/\/wp.me\/p8j08t-a3\" target=\"_blank\" rel=\"noopener noreferrer\">TUSCIENCIASSOCIALES-TEODOSIO, un recurso educativo innovador<\/a>.\u00a0<strong>Serrano Murillo,\u00a0Teodosio<\/strong><\/span><\/li>\n<li style=\"text-align: justify;\"><span style=\"font-size: 12pt; font-family: arial, helvetica, sans-serif;\"><a href=\"http:\/\/wp.me\/p8j08t-a2\" target=\"_blank\" rel=\"noopener noreferrer\">Mujer y Franquismo: la actuaci\u00f3n de la Secci\u00f3n Femenina en el Colegio Santa Catalina de \u00a0Siena.<\/a>\u00a0<strong>Toribio Garc\u00eda, Manuel<\/strong><\/span><\/li>\n<\/ul>\n<p>&nbsp;<\/p>\n<p><span style=\"font-size: 14pt; color: #800000; font-family: arial, helvetica, sans-serif;\"><strong>MONOGR\u00c1FICO: EDUCACI\u00d3N INFANTIL<\/strong><\/span><\/p>\n<ul>\n<li><span style=\"font-size: 12pt; font-family: arial, helvetica, sans-serif;\"><a href=\"http:\/\/wp.me\/p8j08t-as\" target=\"_blank\" rel=\"noopener noreferrer\">Presentaci\u00f3n: Educaci\u00f3n Infantil de futuro<\/a>.\u00a0<strong>Lara Poveda, Carmen<\/strong><\/span><\/li>\n<li><span style=\"font-family: arial, helvetica, sans-serif;\"><span style=\"font-size: 12pt;\"><a href=\"http:\/\/wp.me\/p8j08t-7r\" target=\"_blank\" rel=\"noopener noreferrer\">La capacidad de sorprendernos<\/a>. <\/span><strong><span style=\"font-size: 12pt;\">Baena Guillaume,\u00a0Amalia M\u00aa<\/span> <\/strong><\/span><\/li>\n<li><span style=\"font-family: arial, helvetica, sans-serif;\"><span style=\"font-size: 12pt;\"><a href=\"http:\/\/wp.me\/p8j08t-9D\" target=\"_blank\" rel=\"noopener noreferrer\">Los Proyectos, con ojos de ni\u00f1os, con ojos de padres<\/a>.\u00a0<\/span><strong><span style=\"font-size: 12pt;\">Bravo Herrera, Pilar.\u00a0Raimundo Aguilera,\u00a0Inmaculada.\u00a0Le\u00f3n Peralbo,\u00a0M\u00aa Cruz<\/span> <\/strong><\/span><\/li>\n<li><span style=\"font-size: 12pt; font-family: arial, helvetica, sans-serif;\"><a href=\"http:\/\/wp.me\/p8j08t-7H\" target=\"_blank\" rel=\"noopener noreferrer\">En busca de lo sugerente<\/a>.\u00a0<strong>Encinas Due\u00f1as,\u00a0M\u00aa Consolaci\u00f3n<\/strong><\/span><\/li>\n<li><span style=\"font-size: 12pt; font-family: arial, helvetica, sans-serif;\"><a href=\"http:\/\/wp.me\/p8j08t-8D\" target=\"_blank\" rel=\"noopener noreferrer\">Proyecto de Investigaci\u00f3n: \u00abLos Piratas\u00bb<\/a>. <strong>Encinas Due\u00f1as,\u00a0M\u00aa Consolaci\u00f3n. Mu\u00f1oz Lopera,\u00a0Carolina. Corpas Mart\u00edn,\u00a0Beatriz<\/strong><\/span><\/li>\n<li><span style=\"font-size: 12pt; font-family: arial, helvetica, sans-serif;\"><a href=\"http:\/\/wp.me\/p8j08t-9h\" target=\"_blank\" rel=\"noopener noreferrer\">Resolvemos nuestros conflictos de manera aut\u00f3noma: intervenci\u00f3n Educativa en Educaci\u00f3n Infantil<\/a>.\u00a0<strong>Esquina Aracil, Rosa M\u00aa<\/strong><\/span><\/li>\n<li><span style=\"font-size: 12pt; font-family: arial, helvetica, sans-serif;\"><a href=\"http:\/\/wp.me\/p8j08t-8Y\" target=\"_blank\" rel=\"noopener noreferrer\">Proyecto colaborativo \u00abLibro Virtual Federico Garc\u00eda Lorca\u00bb en Infantil<\/a>.<strong> Giraldo Vargas,\u00a0M\u00aa Lourdes<\/strong><\/span><\/li>\n<li><span style=\"font-size: 12pt; font-family: arial, helvetica, sans-serif;\"><a href=\"http:\/\/wp.me\/p8j08t-ac\" target=\"_blank\" rel=\"noopener noreferrer\">Asesor\u00eda de Educaci\u00f3n Infantil: reflexiones compartidas<\/a>.\u00a0<strong>Lara Poveda, Carmen<\/strong><\/span><\/li>\n<li><span style=\"font-size: 12pt; font-family: arial, helvetica, sans-serif;\"><a href=\"http:\/\/wp.me\/p8j08t-7F\" target=\"_blank\" rel=\"noopener noreferrer\">Repercusiones del trabajo por proyectos en el aula. Una experiencia enriquecedora para todos los implicados<\/a>.<strong>\u00a0L\u00f3pez Parra, Ana<\/strong><\/span><\/li>\n<li><span style=\"font-size: 12pt; font-family: arial, helvetica, sans-serif;\"><a href=\"https:\/\/wp.me\/p8j08t-7G\">Educar en tiempos de crisis: aprovechando la adversidad como oportunidad<\/a>.\u00a0<strong>M\u00e9rida Serrano, Rosario<\/strong><\/span><\/li>\n<li><span style=\"font-size: 12pt; font-family: arial, helvetica, sans-serif;\"><a href=\"http:\/\/wp.me\/p8j08t-94\" target=\"_blank\" rel=\"noopener noreferrer\">Innovando con el I Mercado de Oto\u00f1o<\/a>. <strong>Mill\u00e1n Montilla,\u00a0Purificaci\u00f3n. Jurado Rubio,\u00a0M\u00aa Isabel. Guzm\u00e1n Moral,\u00a0Otilia M\u00aa<\/strong><\/span><\/li>\n<li><span style=\"font-size: 12pt; font-family: arial, helvetica, sans-serif;\"><a href=\"http:\/\/wp.me\/p8j08t-8Z\" target=\"_blank\" rel=\"noopener noreferrer\">Las experiencias matem\u00e1ticas en nuestra aula de Infantil<\/a>.\u00a0<strong>Oca\u00f1a Oca\u00f1a, M\u00aa Jos\u00e9<\/strong><\/span><\/li>\n<li><span style=\"font-size: 12pt; font-family: arial, helvetica, sans-serif;\"><a href=\"http:\/\/wp.me\/p8j08t-8E\" target=\"_blank\" rel=\"noopener noreferrer\">Prioridades necesarias para una mejor Educaci\u00f3n Infantil.<\/a>\u00a0<strong>S\u00e1nchez de Puerta Rey, Jorge<\/strong><\/span><\/li>\n<li><span style=\"font-size: 12pt; font-family: arial, helvetica, sans-serif;\"><a href=\"http:\/\/wp.me\/p8j08t-97\" target=\"_blank\" rel=\"noopener noreferrer\">La pizarra digital interactiva en el aula de Educaci\u00f3n Infantil<\/a>.\u00a0<strong>Santos Ar\u00e9valo,\u00a0Miguel<\/strong><\/span><\/li>\n<\/ul>\n","protected":false},"excerpt":{"rendered":"<p>EDITORIAL Editorial n\u00ba 10. &nbsp; ART\u00cdCULOS El wiki en Ciencias Sociales.\u00a0Ayll\u00f3n Rodr\u00edguez, Dolores Accidentes laborales en personal de educaci\u00f3n. Importancia de su investigaci\u00f3n. Camacho Martos, Inmaculada. Cobo Rosell, Jos\u00e9 Ram\u00f3n Una forma de trabajar la competencia cient\u00edfica en el aula.\u00a0Ca\u00f1as Cort\u00e1zar, Ana Mar\u00eda y Nieda Oterino, Juana Trabajos monogr\u00e1ficos interdisciplinares: ejemplificaci\u00f3n a partir de la &hellip; <\/p>\n<p><a class=\"more-link btn\" href=\"https:\/\/revistaeco.cepcordoba.es\/index.php\/sumario-revista-eco-no-10\/\">Seguir leyendo<\/a><\/p>\n","protected":false},"author":2,"featured_media":0,"parent":0,"menu_order":0,"comment_status":"closed","ping_status":"closed","template":"template-twocolumnsleft.php","meta":{"jetpack_post_was_ever_published":false,"footnotes":""},"class_list":["post-1869","page","type-page","status-publish","hentry","nodate","item-wrap"],"jetpack_sharing_enabled":true,"jetpack_shortlink":"https:\/\/wp.me\/P8j08t-u9","_links":{"self":[{"href":"https:\/\/revistaeco.cepcordoba.es\/index.php\/wp-json\/wp\/v2\/pages\/1869","targetHints":{"allow":["GET"]}}],"collection":[{"href":"https:\/\/revistaeco.cepcordoba.es\/index.php\/wp-json\/wp\/v2\/pages"}],"about":[{"href":"https:\/\/revistaeco.cepcordoba.es\/index.php\/wp-json\/wp\/v2\/types\/page"}],"author":[{"embeddable":true,"href":"https:\/\/revistaeco.cepcordoba.es\/index.php\/wp-json\/wp\/v2\/users\/2"}],"replies":[{"embeddable":true,"href":"https:\/\/revistaeco.cepcordoba.es\/index.php\/wp-json\/wp\/v2\/comments?post=1869"}],"version-history":[{"count":10,"href":"https:\/\/revistaeco.cepcordoba.es\/index.php\/wp-json\/wp\/v2\/pages\/1869\/revisions"}],"predecessor-version":[{"id":2748,"href":"https:\/\/revistaeco.cepcordoba.es\/index.php\/wp-json\/wp\/v2\/pages\/1869\/revisions\/2748"}],"wp:attachment":[{"href":"https:\/\/revistaeco.cepcordoba.es\/index.php\/wp-json\/wp\/v2\/media?parent=1869"}],"curies":[{"name":"wp","href":"https:\/\/api.w.org\/{rel}","templated":true}]}}