{"id":1961,"date":"2017-05-04T03:56:04","date_gmt":"2017-05-04T02:56:04","guid":{"rendered":"http:\/\/revistaeco.cepcordoba.es\/?page_id=1961"},"modified":"2017-05-09T04:01:23","modified_gmt":"2017-05-09T03:01:23","slug":"sumario-revista-eco-no-9","status":"publish","type":"page","link":"https:\/\/revistaeco.cepcordoba.es\/index.php\/sumario-revista-eco-no-9\/","title":{"rendered":"Sumario Revista eCO N\u00ba 9"},"content":{"rendered":"<p style=\"text-align: justify;\"><span style=\"font-size: 12pt; color: #800000;\"><strong><span style=\"font-family: arial, helvetica, sans-serif;\">EDITORIAL<\/span><\/strong><\/span><\/p>\n<ul style=\"text-align: justify;\">\n<li><span style=\"font-size: 12pt;\"><strong><a href=\"http:\/\/wp.me\/p8j08t-6S\" target=\"_blank\" rel=\"noopener noreferrer\">Editorial n\u00ba 9. Una armon\u00eda necesaria<\/a>.<\/strong><\/span><\/li>\n<\/ul>\n<p>&nbsp;<\/p>\n<p style=\"text-align: justify;\"><span style=\"font-size: 12pt;\"><strong><span style=\"color: #800000;\">ART\u00cdCULOS<\/span><\/strong><\/span><\/p>\n<ul>\n<li style=\"text-align: justify;\"><span style=\"font-size: 12pt;\"><a href=\"http:\/\/wp.me\/p8j08t-5w\" target=\"_blank\" rel=\"noopener noreferrer\">El nacimiento de una Micronaci\u00f3n<\/a>.\u00a0<strong>Ca\u00f1izares Mata, Juli\u00e1n<\/strong><\/span><\/li>\n<li style=\"text-align: justify;\"><span style=\"font-size: 12pt;\"><a href=\"http:\/\/wp.me\/p8j08t-5x\" target=\"_blank\" rel=\"noopener noreferrer\">Enredando en el Instituto<\/a>. <strong>Concejero Mancebo, Ana. Gamboa Jim\u00e9nez,\u00a0Jos\u00e9 Luis. Lara Fern\u00e1ndez,\u00a0Rosa M\u00aa<\/strong><\/span><\/li>\n<li style=\"text-align: justify;\"><span style=\"font-size: 12pt;\"><a href=\"http:\/\/wp.me\/p8j08t-5L\" target=\"_blank\" rel=\"noopener noreferrer\">El \u201cBlog del Camino\u201d: una experiencia educativa 2.0<\/a>.\u00a0<strong>Estrada Parra,\u00a0Antonio Fernando<\/strong><\/span><\/li>\n<li style=\"text-align: justify;\"><span style=\"font-size: 12pt;\"><a href=\"http:\/\/wp.me\/p8j08t-4W\" target=\"_blank\" rel=\"noopener noreferrer\">Mejora del rendimiento escolar en los centros educativos<\/a>.\u00a0<strong>Femen\u00eda Millet, Olga<\/strong><\/span><\/li>\n<li style=\"text-align: justify;\"><span style=\"font-size: 12pt;\"><a href=\"http:\/\/wp.me\/p8j08t-59\" target=\"_blank\" rel=\"noopener noreferrer\">C\u00f3rdoba, ciudad patrimonio. Itinerarios did\u00e1cticos. Experiencias educativas en la E.S.O<\/a>. <strong>Gonz\u00e1lez Requena, Rafael. Luque Revuelto, Ricardo<\/strong>\u00a0<\/span><\/li>\n<li style=\"text-align: justify;\"><span style=\"font-size: 12pt;\"><a href=\"http:\/\/wp.me\/p8j08t-5M\" target=\"_blank\" rel=\"noopener noreferrer\">La Historia en an\u00e9cdotas<\/a>. <strong>Le\u00f3n Parra, Eloy Antonio. Prados Rosales,\u00a0Luis Miguel<\/strong><\/span><\/li>\n<li style=\"text-align: justify;\"><span style=\"font-size: 12pt;\"><a href=\"http:\/\/wp.me\/p8j08t-50\" target=\"_blank\" rel=\"noopener noreferrer\">Ense\u00f1ar ingl\u00e9s a alumnos con trastorno general en el desarrollo (TGD)<\/a>. <strong>M\u00e1rquez Moyano,\u00a0Ana Cristina<\/strong><\/span><\/li>\n<li style=\"text-align: justify;\"><span style=\"font-size: 12pt;\"><a href=\"http:\/\/wp.me\/p8j08t-63\" target=\"_blank\" rel=\"noopener noreferrer\">\u00abCiudad de Ideas\u00bb. Una experiencia educativa en el IES Trassierra de C\u00f3rdoba<\/a>.<strong>\u00a0Moriel G\u00f3mez,\u00a0Andr\u00e9s\u00a0<\/strong><\/span><\/li>\n<li style=\"text-align: justify;\"><span style=\"font-size: 12pt;\"><a href=\"http:\/\/wp.me\/p8j08t-51\" target=\"_blank\" rel=\"noopener noreferrer\">Kiotoeduca: la circularidad de una aplicaci\u00f3n educativa \u2018Glocal\u2019<\/a>.<strong>Pedraza Serrano,\u00a0Jos\u00e9 Ram\u00f3n<\/strong><\/span><\/li>\n<li style=\"text-align: justify;\"><span style=\"font-size: 12pt;\"><a href=\"http:\/\/wp.me\/p8j08t-4V\" target=\"_blank\" rel=\"noopener noreferrer\">De la discapacidad a la inclusi\u00f3n educativa: una cuesti\u00f3n de voluntades<\/a>.\u00a0<strong>S\u00e1nchez Talavera, Andrea. S\u00e1nchez Mart\u00edn, Josep\u00a0 <\/strong><\/span><\/li>\n<\/ul>\n<p>&nbsp;<\/p>\n<p><span style=\"font-size: 12pt; color: #800000;\"><strong>MONOGR\u00c1FICO: CIENCIAS EXPERIMENTALES.<\/strong><\/span><\/p>\n<ul>\n<li><span style=\"font-size: 12pt;\"><a href=\"http:\/\/wp.me\/p8j08t-6O\" target=\"_blank\" rel=\"noopener noreferrer\">Presentaci\u00f3n del monogr\u00e1fico.\u00a0Propuestas alternativas en el aula de Ciencias Experimentales<\/a>. <strong>Collantes Est\u00e9vez, Juan Carlos<\/strong><\/span><\/li>\n<li><span style=\"font-size: 12pt;\"><a href=\"http:\/\/wp.me\/p8j08t-5t\" target=\"_blank\" rel=\"noopener noreferrer\">El senderismo como recurso did\u00e1ctico<\/a>.\u00a0<strong>Aumente Rubio, Jos\u00e9<\/strong><\/span><\/li>\n<li><span style=\"font-size: 12pt;\"><a href=\"http:\/\/wp.me\/p8j08t-5k\" target=\"_blank\" rel=\"noopener noreferrer\">Las competencias b\u00e1sicas en Biolog\u00eda y Geolog\u00eda de 4\u00ba de ESO<\/a>.\u00a0<strong>Barbado L\u00f3pez,\u00a0Casimiro Jes\u00fas\u00a0<\/strong><\/span><\/li>\n<li><span style=\"font-size: 12pt;\"><a href=\"http:\/\/wp.me\/p8j08t-5f\" target=\"_blank\" rel=\"noopener noreferrer\">Taller de Ciencias e Internet: un proyecto integrado para 4\u00ba de ESO<\/a>.\u00a0<strong>Barbado L\u00f3pez,\u00a0Casimiro Jes\u00fas\u00a0<\/strong><\/span><\/li>\n<li><span style=\"font-size: 12pt;\"><a href=\"http:\/\/wp.me\/p8j08t-6r\" target=\"_blank\" rel=\"noopener noreferrer\">\u00a1Esto me suena!: M\u00fasica y Ciencia<\/a>. <strong>Dur\u00e1n Torres, Carlos<\/strong><\/span><\/li>\n<li><span style=\"font-size: 12pt;\"><a href=\"http:\/\/wp.me\/p8j08t-68\" target=\"_blank\" rel=\"noopener noreferrer\">Astronom\u00eda de d\u00eda.<\/a>\u00a0<strong>Enr\u00edquez Centella, Rafael<\/strong><\/span><\/li>\n<li><span style=\"font-size: 12pt;\"><a href=\"http:\/\/wp.me\/p8j08t-6N\" target=\"_blank\" rel=\"noopener noreferrer\">Rosalind Franklin: La verdadera historia del ADN<\/a>.\u00a0<strong>Hidalgo Morillo, Buensuceso<\/strong><\/span><\/li>\n<li><span style=\"font-size: 12pt;\"><a href=\"http:\/\/wp.me\/p8j08t-54\" target=\"_blank\" rel=\"noopener noreferrer\">Ense\u00f1anza de las ciencias y formaci\u00f3n permanente para su profesorado de secundaria<\/a>.<strong> Lupi\u00f3n Cobos,\u00a0Teresa<\/strong>\u00a0<\/span><\/li>\n<li><span style=\"font-size: 12pt;\"><a href=\"http:\/\/wp.me\/p8j08t-5s\" target=\"_blank\" rel=\"noopener noreferrer\">Juegos did\u00e1cticos TIC en el aula<\/a>.\u00a0<strong>Mu\u00f1oz Calle,\u00a0Jes\u00fas Manuel<\/strong><\/span><\/li>\n<li><span style=\"font-size: 12pt;\"><a href=\"http:\/\/wp.me\/p8j08t-6I\" target=\"_blank\" rel=\"noopener noreferrer\">Mis puntos fuertes: Una reflexi\u00f3n sobre la ense\u00f1anza de las ciencias<\/a>.\u00a0<strong>Muriel Gomar, Sebasti\u00e1n<\/strong><\/span><\/li>\n<li><span style=\"font-size: 12pt;\"><a href=\"http:\/\/wp.me\/p8j08t-5B\" target=\"_blank\" rel=\"noopener noreferrer\">La experimentaci\u00f3n cient\u00edfica en Secundaria. Argumentos para llevarla a cabo<\/a>.\u00a0<strong>Navarro Aganzo, Enrique<\/strong><\/span><\/li>\n<li><span style=\"font-size: 12pt;\"><a href=\"http:\/\/wp.me\/p8j08t-6H\" target=\"_blank\" rel=\"noopener noreferrer\">F\u00edsica y Qu\u00edmica divertidas. Nuestra propuesta did\u00e1ctica<\/a>.\u00a0<strong>Tamaj\u00f3n Flores,\u00a0Antonio Javier<\/strong>\u00a0<\/span><\/li>\n<\/ul>\n<p>&nbsp;<\/p>\n<p><span style=\"font-size: 12pt; color: #800000;\"><strong>RESE\u00d1AS<\/strong><\/span><\/p>\n<ul>\n<li><span style=\"font-size: 12pt;\"><a href=\"http:\/\/wp.me\/p8j08t-6R\" target=\"_blank\" rel=\"noopener noreferrer\">Programaci\u00f3n por competencias. Formaci\u00f3n y Pr\u00e1ctica<\/a>.\u00a0<strong>Jes\u00fas Cabrerizo Diago, M\u00aaJulia Rubio Rold\u00e1n\u00a0 y Santiago Castillo Arredondo.<\/strong><\/span><\/li>\n<\/ul>\n","protected":false},"excerpt":{"rendered":"<p>EDITORIAL Editorial n\u00ba 9. Una armon\u00eda necesaria. &nbsp; ART\u00cdCULOS El nacimiento de una Micronaci\u00f3n.\u00a0Ca\u00f1izares Mata, Juli\u00e1n Enredando en el Instituto. Concejero Mancebo, Ana. Gamboa Jim\u00e9nez,\u00a0Jos\u00e9 Luis. Lara Fern\u00e1ndez,\u00a0Rosa M\u00aa El \u201cBlog del Camino\u201d: una experiencia educativa 2.0.\u00a0Estrada Parra,\u00a0Antonio Fernando Mejora del rendimiento escolar en los centros educativos.\u00a0Femen\u00eda Millet, Olga C\u00f3rdoba, ciudad patrimonio. Itinerarios did\u00e1cticos. Experiencias &hellip; <\/p>\n<p><a class=\"more-link btn\" href=\"https:\/\/revistaeco.cepcordoba.es\/index.php\/sumario-revista-eco-no-9\/\">Seguir leyendo<\/a><\/p>\n","protected":false},"author":2,"featured_media":0,"parent":0,"menu_order":0,"comment_status":"closed","ping_status":"closed","template":"template-twocolumnsleft.php","meta":{"jetpack_post_was_ever_published":false,"footnotes":""},"class_list":["post-1961","page","type-page","status-publish","hentry","nodate","item-wrap"],"jetpack_sharing_enabled":true,"jetpack_shortlink":"https:\/\/wp.me\/P8j08t-vD","_links":{"self":[{"href":"https:\/\/revistaeco.cepcordoba.es\/index.php\/wp-json\/wp\/v2\/pages\/1961","targetHints":{"allow":["GET"]}}],"collection":[{"href":"https:\/\/revistaeco.cepcordoba.es\/index.php\/wp-json\/wp\/v2\/pages"}],"about":[{"href":"https:\/\/revistaeco.cepcordoba.es\/index.php\/wp-json\/wp\/v2\/types\/page"}],"author":[{"embeddable":true,"href":"https:\/\/revistaeco.cepcordoba.es\/index.php\/wp-json\/wp\/v2\/users\/2"}],"replies":[{"embeddable":true,"href":"https:\/\/revistaeco.cepcordoba.es\/index.php\/wp-json\/wp\/v2\/comments?post=1961"}],"version-history":[{"count":2,"href":"https:\/\/revistaeco.cepcordoba.es\/index.php\/wp-json\/wp\/v2\/pages\/1961\/revisions"}],"predecessor-version":[{"id":2017,"href":"https:\/\/revistaeco.cepcordoba.es\/index.php\/wp-json\/wp\/v2\/pages\/1961\/revisions\/2017"}],"wp:attachment":[{"href":"https:\/\/revistaeco.cepcordoba.es\/index.php\/wp-json\/wp\/v2\/media?parent=1961"}],"curies":[{"name":"wp","href":"https:\/\/api.w.org\/{rel}","templated":true}]}}