{"id":2157,"date":"2017-05-08T11:20:37","date_gmt":"2017-05-08T10:20:37","guid":{"rendered":"http:\/\/revistaeco.cepcordoba.es\/?page_id=2157"},"modified":"2018-06-09T05:00:52","modified_gmt":"2018-06-09T04:00:52","slug":"sumario-revista-eco-no-7","status":"publish","type":"page","link":"https:\/\/revistaeco.cepcordoba.es\/index.php\/sumario-revista-eco-no-7\/","title":{"rendered":"Sumario Revista eCO N\u00ba 7"},"content":{"rendered":"<p style=\"text-align: justify;\"><span style=\"font-size: 12pt; color: #800000;\"><strong><span style=\"font-family: arial, helvetica, sans-serif;\">EDITORIAL<\/span><\/strong><\/span><\/p>\n<ul style=\"text-align: justify;\">\n<li><span style=\"font-size: 12pt; font-family: arial, helvetica, sans-serif;\"><strong><a href=\"http:\/\/wp.me\/p8j08t-3r\" target=\"_blank\" rel=\"noopener noreferrer\">Editorial n\u00ba 7<\/a>.\u00a0<\/strong><\/span><\/li>\n<\/ul>\n<p>&nbsp;<\/p>\n<p style=\"text-align: justify;\"><span style=\"font-size: 12pt; font-family: arial, helvetica, sans-serif;\"><strong><span style=\"color: #800000;\">ART\u00cdCULOS<\/span><\/strong><\/span><\/p>\n<ul>\n<li style=\"text-align: justify;\"><span style=\"font-size: 12pt; font-family: arial, helvetica, sans-serif;\"><a href=\"http:\/\/wp.me\/p8j08t-L\" target=\"_blank\" rel=\"noopener noreferrer\">La vida cotidiana de las mujeres en la C\u00f3rdoba Bajomedieval<\/a>. <strong>Alcaide G\u00f3mez,\u00a0Isabel.\u00a0Moreno Moreno, Ana<\/strong><\/span><\/li>\n<li style=\"text-align: justify;\"><span style=\"font-family: arial, helvetica, sans-serif;\"><span style=\"font-size: 12pt;\"><a href=\"http:\/\/wp.me\/p8j08t-29\" target=\"_blank\" rel=\"noopener noreferrer\">Aplicaci\u00f3n de las Competencias B\u00e1sicas en el \u00e1mbito de las Ciencias Sociales<\/a>. <\/span><strong><span style=\"font-size: 12pt;\">Ariza Serrano,\u00a0Antonio Jes\u00fas<\/span> <\/strong><\/span><\/li>\n<li style=\"text-align: justify;\"><span style=\"font-size: 12pt; font-family: arial, helvetica, sans-serif;\"><a href=\"http:\/\/wp.me\/p8j08t-1a\" target=\"_blank\" rel=\"noopener noreferrer\">El uso did\u00e1ctico de internet en Secundaria. Las Webquest y la p\u00e1gina web<\/a>.\u00a0<strong>Ayll\u00f3n Rodr\u00edguez, Dolores<\/strong><\/span><\/li>\n<li style=\"text-align: justify;\"><span style=\"font-size: 12pt; font-family: arial, helvetica, sans-serif;\"><a href=\"http:\/\/wp.me\/p8j08t-V\" target=\"_blank\" rel=\"noopener noreferrer\">Uso de las TIC para la elaboraci\u00f3n de materiales para el estudio de la mujer en la Baja Edad Media<\/a>.\u00a0<strong>Garc\u00eda-Parrado Corrales, Lidia.\u00a0Rela\u00f1o Mart\u00ednez, Rosario<\/strong><\/span><\/li>\n<li style=\"text-align: justify;\"><span style=\"font-size: 12pt; font-family: arial, helvetica, sans-serif;\"><a href=\"http:\/\/wp.me\/p8j08t-15\" target=\"_blank\" rel=\"noopener noreferrer\">El Parque de la \u00abASOMADILLA\u00bb, un ejemplo de explotaci\u00f3n did\u00e1ctica para el \u00e1mbito socioling\u00fc\u00edstico<\/a>.\u00a0<strong>Gonz\u00e1lez Requena, Rafael<\/strong><\/span><\/li>\n<li style=\"text-align: justify;\"><span style=\"font-size: 12pt; font-family: arial, helvetica, sans-serif;\"><a href=\"http:\/\/wp.me\/p8j08t-3o\" target=\"_blank\" rel=\"noopener noreferrer\">Estudio sobre las relaciones de pareja en el alumnado del IES S\u00e9neca<\/a>. <strong>Hidalgo Morillo, Buensuceso et alii.<\/strong><\/span><\/li>\n<li style=\"text-align: justify;\"><span style=\"font-size: 12pt; font-family: arial, helvetica, sans-serif;\"><a href=\"http:\/\/wp.me\/p8j08t-D\" target=\"_blank\" rel=\"noopener noreferrer\">Mercadillo Solidario: Por el derecho a empezar de nuevo<\/a>.\u00a0<strong>Jim\u00e9nez Hornero, M\u00aa del Pilar<\/strong><\/span><\/li>\n<li style=\"text-align: justify;\"><span style=\"font-size: 12pt; font-family: arial, helvetica, sans-serif;\"><a href=\"http:\/\/wp.me\/p8j08t-1G\" target=\"_blank\" rel=\"noopener noreferrer\">El trabajo de investigaci\u00f3n en Historia del Mundo Contempor\u00e1neo<\/a>.\u00a0<strong>Lara Fuillerat, Jos\u00e9 Manuel<\/strong><\/span><\/li>\n<li style=\"text-align: justify;\"><span style=\"font-size: 12pt; font-family: arial, helvetica, sans-serif;\"><a href=\"http:\/\/wp.me\/p8j08t-2L\" target=\"_blank\" rel=\"noopener noreferrer\">Twitter como herramienta docente. <\/a><strong>Le\u00f3n Parra, Eloy Antonio<\/strong><\/span><\/li>\n<li style=\"text-align: justify;\"><span style=\"font-size: 12pt; font-family: arial, helvetica, sans-serif;\"><a href=\"http:\/\/wp.me\/p8j08t-2A\" target=\"_blank\" rel=\"noopener noreferrer\">Wave, creando nuevos materiales en grupo<\/a>.\u00a0<strong>Le\u00f3n Parra, Eloy Antonio<\/strong><\/span><\/li>\n<li style=\"text-align: justify;\"><span style=\"font-size: 12pt; font-family: arial, helvetica, sans-serif;\"><a href=\"http:\/\/wp.me\/p8j08t-1l\" target=\"_blank\" rel=\"noopener noreferrer\">La interdisciplinariedad en las actividades complementarias y extraescolares en el \u00e1mbito CC.SS<\/a>. <strong>Mas Pesquero,\u00a0Mar\u00eda del Pilar<\/strong> <\/span><\/li>\n<li style=\"text-align: justify;\"><span style=\"font-size: 12pt; font-family: arial, helvetica, sans-serif;\"><a href=\"http:\/\/wp.me\/p8j08t-K\" target=\"_blank\" rel=\"noopener noreferrer\">Experiencia educativa con 2\u00ba PCPI dentro del Proyecto de Coeducaci\u00f3n del IES Blas Infante<\/a>.\u00a0<strong>Melgar Pern\u00edas, Inmaculada<\/strong><\/span><\/li>\n<li style=\"text-align: justify;\">\n<p style=\"text-align: justify;\"><span style=\"font-size: 12pt; font-family: arial, helvetica, sans-serif;\"><a href=\"http:\/\/wp.me\/p8j08t-2Q\" target=\"_blank\" rel=\"noopener noreferrer\">Una comunidad de aprendizaje entre la escuela y la universidad a trav\u00e9s de los proyectos de trabajo<\/a>.\u00a0<strong>M\u00e9rida Serrano, Rosario<\/strong><\/span><\/p>\n<\/li>\n<li style=\"text-align: justify;\"><span style=\"font-size: 12pt; font-family: arial, helvetica, sans-serif;\"><a href=\"http:\/\/wp.me\/p8j08t-1O\" target=\"_blank\" rel=\"noopener noreferrer\">Revisi\u00f3n y selecci\u00f3n de experiencias did\u00e1cticas innovadoras<\/a>.\u00a0<strong>Molina Saavedra, Eva. Navajas G\u00f3mez de Aranda, Santiago<\/strong><\/span><\/li>\n<li style=\"text-align: justify;\"><span style=\"font-size: 12pt; font-family: arial, helvetica, sans-serif;\"><a href=\"http:\/\/wp.me\/p8j08t-1Z\" target=\"_blank\" rel=\"noopener noreferrer\">Taller de \u00abMalaprensa\u00bb como recurso did\u00e1ctico<\/a>. <strong>Molina Saavedra, Eva. Navajas G\u00f3mez de Aranda, Santiago<\/strong><\/span><\/li>\n<li style=\"text-align: justify;\"><span style=\"font-size: 12pt; font-family: arial, helvetica, sans-serif;\"><a href=\"http:\/\/wp.me\/p8j08t-2i\" target=\"_blank\" rel=\"noopener noreferrer\">Acercar la Ciencia con la \u00abExpociencia\u00bb<\/a>.\u00a0<strong>Moreda Moreno, M\u00aa Carmen<\/strong><\/span><\/li>\n<li style=\"text-align: justify;\"><span style=\"font-size: 12pt; font-family: arial, helvetica, sans-serif;\"><a href=\"http:\/\/wp.me\/p8j08t-28\" target=\"_blank\" rel=\"noopener noreferrer\">El paisaje como recurso competencial y centro de inter\u00e9s did\u00e1ctico. El Concurso Fotogr\u00e1fico<\/a>.\u00a0<strong>Pedraza Serrano, Jos\u00e9 Ram\u00f3n<\/strong><\/span><\/li>\n<li style=\"text-align: justify;\"><span style=\"font-size: 12pt; font-family: arial, helvetica, sans-serif;\"><a href=\"http:\/\/wp.me\/p8j08t-f\" target=\"_blank\" rel=\"noopener noreferrer\">Factores que afectan la comprensi\u00f3n lectora en L2\/L3<\/a>. <strong>Rold\u00e1n Tapia,\u00a0Antonio Rafael et alii<\/strong><\/span><\/li>\n<li style=\"text-align: justify;\"><span style=\"font-size: 12pt; font-family: arial, helvetica, sans-serif;\"><a href=\"http:\/\/wp.me\/p8j08t-e\" target=\"_blank\" rel=\"noopener noreferrer\">C\u00f3mo ense\u00f1ar el 3\u00ba Principio de la Din\u00e1mica<\/a>.\u00a0<strong>Ruiz Farf\u00e1n, Antonio<\/strong><\/span><\/li>\n<li style=\"text-align: justify;\"><span style=\"font-size: 12pt; font-family: arial, helvetica, sans-serif;\"><a href=\"http:\/\/wp.me\/p8j08t-2a\" target=\"_blank\" rel=\"noopener noreferrer\">Vicens Vives en Baeza. La Geopol\u00edtica<\/a>. <strong>Toribio Garc\u00eda, Manuel<\/strong><\/span><\/li>\n<\/ul>\n<p>&nbsp;<\/p>\n<p style=\"text-align: justify;\"><span style=\"color: #800000; font-size: 12pt; font-family: arial, helvetica, sans-serif;\"><strong>MONOGR\u00c1FICO: BIBLIOTECAS ESCOLARES<\/strong><\/span><\/p>\n<ul>\n<li style=\"text-align: justify;\"><span style=\"font-size: 12pt; font-family: arial, helvetica, sans-serif;\"><a href=\"http:\/\/wp.me\/p8j08t-3q\" target=\"_blank\" rel=\"noopener noreferrer\">Presentaci\u00f3n del monogr\u00e1fico.\u00a0M\u00e1s bibliotecas que ayer y menos que ma\u00f1ana<\/a>. <strong>Miguel Calvillo Jurado<\/strong><\/span><\/li>\n<li style=\"text-align: justify;\"><span style=\"font-size: 12pt; font-family: arial, helvetica, sans-serif;\"><a href=\"http:\/\/wp.me\/p8j08t-3p\" target=\"_blank\" rel=\"noopener noreferrer\">El futuro de la biblioteca escolar<\/a>. <strong>Calvillo Jurado, Miguel<\/strong><\/span><\/li>\n<li style=\"text-align: justify;\"><span style=\"font-size: 12pt; font-family: arial, helvetica, sans-serif;\"><a href=\"http:\/\/wp.me\/p8j08t-2X\" target=\"_blank\" rel=\"noopener noreferrer\">Biblioteca escolar y escritura<\/a>.\u00a0<strong>Coronas Cabrero, Mariano<\/strong><\/span><\/li>\n<li style=\"text-align: justify;\"><span style=\"font-size: 12pt; font-family: arial, helvetica, sans-serif;\"><a href=\"http:\/\/wp.me\/p8j08t-2Y\" target=\"_blank\" rel=\"noopener noreferrer\">Aproximaci\u00f3n a la evaluaci\u00f3n de la biblioteca escolar<\/a>.\u00a0<strong>Garc\u00eda Guerrero, Jos\u00e9<\/strong><\/span><\/li>\n<li style=\"text-align: justify;\"><span style=\"font-size: 12pt; font-family: arial, helvetica, sans-serif;\"><a href=\"http:\/\/wp.me\/p8j08t-2S\" target=\"_blank\" rel=\"noopener noreferrer\">La formaci\u00f3n inicial del docente bibliotecario<\/a>.\u00a0<strong>Gonz\u00e1lez Fern\u00e1ndez-Villavicencio, Nieves<\/strong><\/span><\/li>\n<li style=\"text-align: justify;\"><span style=\"font-size: 12pt; font-family: arial, helvetica, sans-serif;\"><a href=\"http:\/\/wp.me\/p8j08t-2W\" target=\"_blank\" rel=\"noopener noreferrer\">La biblioteca escolar: un lugar para la animaci\u00f3n a la lectura<\/a>.\u00a0<strong>Jim\u00e9nez Mart\u00ednez,\u00a0Lutgardo<\/strong>\u00a0<\/span><\/li>\n<li style=\"text-align: justify;\"><span style=\"font-size: 12pt; font-family: arial, helvetica, sans-serif;\"><a href=\"http:\/\/wp.me\/p8j08t-31\" target=\"_blank\" rel=\"noopener noreferrer\">Bibliotecas escolares en Portugal<\/a>.\u00a0<strong>Pinheiro, Carlos<\/strong><\/span><\/li>\n<li style=\"text-align: justify;\"><span style=\"font-size: 12pt; font-family: arial, helvetica, sans-serif;\"><a href=\"http:\/\/wp.me\/p8j08t-30\" target=\"_blank\" rel=\"noopener noreferrer\">Biblioteca escolar, centro de recursos integrado en la pr\u00e1ctica educativa<\/a>.<strong>\u00a0Piquin Cancio, Rosa<\/strong><\/span><\/li>\n<li style=\"text-align: justify;\"><span style=\"font-size: 12pt; font-family: arial, helvetica, sans-serif;\"><a href=\"http:\/\/wp.me\/p8j08t-2Z\" target=\"_blank\" rel=\"noopener noreferrer\">La biblioteca escolar 2.0. El cambio necesario<\/a>.\u00a0<strong>Pulido Villar, Andr\u00e9s<\/strong><\/span><\/li>\n<li style=\"text-align: justify;\"><span style=\"font-family: arial, helvetica, sans-serif;\"><span style=\"font-size: 12pt;\"><a href=\"http:\/\/wp.me\/p8j08t-2R\" target=\"_blank\" rel=\"noopener noreferrer\">Los blogs de las bibliotecas escolares argentinas: un estudio exploratorio<\/a>. <\/span><strong><span style=\"font-size: 12pt;\">Rodr\u00edguez Palchevich,\u00a0\u00a0Diana Rosa<\/span> <\/strong><\/span><\/li>\n<li style=\"text-align: justify;\"><span style=\"font-size: 12pt; font-family: arial, helvetica, sans-serif;\"><a href=\"http:\/\/wp.me\/p8j08t-3c\" target=\"_blank\" rel=\"noopener noreferrer\">El Plan LyB en la provincia de C\u00f3rdoba<\/a>. <strong>Ruiz Delgado, Jos\u00e9 Antonio<\/strong><\/span><\/li>\n<li style=\"text-align: justify;\"><span style=\"font-size: 12pt; font-family: arial, helvetica, sans-serif;\"><a href=\"http:\/\/wp.me\/p8j08t-3B\" target=\"_blank\" rel=\"noopener noreferrer\">Amigos para siempre. Biblioteca escolar y biblioteca p\u00fablica<\/a>.<strong>\u00a0Ruiz P\u00e9rez, Rafael<\/strong><\/span><\/li>\n<\/ul>\n<p>&nbsp;<\/p>\n<p style=\"text-align: justify;\"><span style=\"color: #800000; font-size: 12pt; font-family: arial, helvetica, sans-serif;\"><strong>RESE\u00d1AS<\/strong><\/span><\/p>\n<ul>\n<li style=\"text-align: justify;\"><span style=\"font-size: 12pt; font-family: arial, helvetica, sans-serif;\"><a href=\"http:\/\/wp.me\/p8j08t-3y\" target=\"_blank\" rel=\"noopener noreferrer\">Competencia social y emocional en el aula. T\u00e9cnicas de din\u00e1micas de grupos para docentes<\/a>.<strong> M\u00aa del Mar Romera Mor\u00f3n y alii.\u00a0<\/strong><\/span><\/li>\n<li style=\"text-align: justify;\"><span style=\"font-size: 12pt; font-family: arial, helvetica, sans-serif;\"><a href=\"http:\/\/wp.me\/p8j08t-3u\" target=\"_blank\" rel=\"noopener noreferrer\">La cadera de EVA.\u00a0<\/a><strong>Jos\u00e9 Enrique Campillo \u00c1lvarez.\u00a0<\/strong><\/span><\/li>\n<li style=\"text-align: justify;\"><span style=\"font-size: 12pt; font-family: arial, helvetica, sans-serif;\"><a href=\"http:\/\/wp.me\/p8j08t-3n\" target=\"_blank\" rel=\"noopener noreferrer\">Violencia, g\u00e9nero y cambios sociales :Un programa educativo para prevenir la violencia de g\u00e9nero<\/a>.\u00a0<strong>Fernando Barrag\u00e1n Medero<\/strong> (coord)<\/span><\/li>\n<li style=\"text-align: justify;\"><span style=\"font-size: 12pt; font-family: arial, helvetica, sans-serif;\"><a href=\"http:\/\/wp.me\/p8j08t-3g\" target=\"_blank\" rel=\"noopener noreferrer\">Competencias ciudadanas y valores para la vida<\/a>.\u00a0<strong>M. Victoria\u00a0<\/strong><strong>Herreros Rodriguez et alii.<\/strong><\/span><\/li>\n<\/ul>\n","protected":false},"excerpt":{"rendered":"<p>EDITORIAL Editorial n\u00ba 7.\u00a0 &nbsp; ART\u00cdCULOS La vida cotidiana de las mujeres en la C\u00f3rdoba Bajomedieval. Alcaide G\u00f3mez,\u00a0Isabel.\u00a0Moreno Moreno, Ana Aplicaci\u00f3n de las Competencias B\u00e1sicas en el \u00e1mbito de las Ciencias Sociales. Ariza Serrano,\u00a0Antonio Jes\u00fas El uso did\u00e1ctico de internet en Secundaria. Las Webquest y la p\u00e1gina web.\u00a0Ayll\u00f3n Rodr\u00edguez, Dolores Uso de las TIC para &hellip; <\/p>\n<p><a class=\"more-link btn\" href=\"https:\/\/revistaeco.cepcordoba.es\/index.php\/sumario-revista-eco-no-7\/\">Seguir leyendo<\/a><\/p>\n","protected":false},"author":2,"featured_media":0,"parent":0,"menu_order":0,"comment_status":"closed","ping_status":"closed","template":"template-twocolumnsleft.php","meta":{"jetpack_post_was_ever_published":false,"footnotes":""},"class_list":["post-2157","page","type-page","status-publish","hentry","nodate","item-wrap"],"jetpack_sharing_enabled":true,"jetpack_shortlink":"https:\/\/wp.me\/P8j08t-yN","_links":{"self":[{"href":"https:\/\/revistaeco.cepcordoba.es\/index.php\/wp-json\/wp\/v2\/pages\/2157","targetHints":{"allow":["GET"]}}],"collection":[{"href":"https:\/\/revistaeco.cepcordoba.es\/index.php\/wp-json\/wp\/v2\/pages"}],"about":[{"href":"https:\/\/revistaeco.cepcordoba.es\/index.php\/wp-json\/wp\/v2\/types\/page"}],"author":[{"embeddable":true,"href":"https:\/\/revistaeco.cepcordoba.es\/index.php\/wp-json\/wp\/v2\/users\/2"}],"replies":[{"embeddable":true,"href":"https:\/\/revistaeco.cepcordoba.es\/index.php\/wp-json\/wp\/v2\/comments?post=2157"}],"version-history":[{"count":13,"href":"https:\/\/revistaeco.cepcordoba.es\/index.php\/wp-json\/wp\/v2\/pages\/2157\/revisions"}],"predecessor-version":[{"id":3087,"href":"https:\/\/revistaeco.cepcordoba.es\/index.php\/wp-json\/wp\/v2\/pages\/2157\/revisions\/3087"}],"wp:attachment":[{"href":"https:\/\/revistaeco.cepcordoba.es\/index.php\/wp-json\/wp\/v2\/media?parent=2157"}],"curies":[{"name":"wp","href":"https:\/\/api.w.org\/{rel}","templated":true}]}}