{"id":2461,"date":"2018-04-10T14:08:50","date_gmt":"2018-04-10T13:08:50","guid":{"rendered":"http:\/\/revistaeco.cepcordoba.es\/?page_id=2461"},"modified":"2019-04-09T02:38:39","modified_gmt":"2019-04-09T01:38:39","slug":"sumario-revista-eco-no-15","status":"publish","type":"page","link":"https:\/\/revistaeco.cepcordoba.es\/index.php\/sumario-revista-eco-no-15\/","title":{"rendered":"Sumario Revista eCO N\u00ba 15"},"content":{"rendered":"<h3><span style=\"font-size: 12pt; font-family: arial, helvetica, sans-serif; color: #993300;\"><strong>EDITORIAL<\/strong><\/span><\/h3>\n<div class=\"alert alert-success\" role=\"alert\"><p class=\"printonly\"><strong>Important!<\/strong><\/p><\/p>\n<ul>\n<li><span style=\"font-family: 'Liberation Sans', sans-serif;\"><b><a href=\"https:\/\/wp.me\/p8j08t-CZ\" target=\"_blank\" rel=\"noopener noreferrer\">e-CO n\u00ba 15: Miguel Calvillo Jurado<\/a>.<\/b><\/span><\/li>\n<\/ul>\n<p class=\"first-p\"><\/div>\n<h2><span style=\"font-size: 12pt; font-family: arial, helvetica, sans-serif; color: #993300;\"><strong>ART\u00cdCULOS<\/strong><\/span><span style=\"font-size: 12pt;\"><strong>\u00a0<\/strong><\/span><\/h2>\n<div class=\"alert alert-warning\" role=\"alert\"><p class=\"printonly\"><strong>Warning!<\/strong><\/p><\/p>\n<ul>\n<li><span style=\"font-family: 'Liberation Sans', sans-serif;\"><a href=\"https:\/\/wp.me\/p8j08t-Ch\" target=\"_blank\" rel=\"noopener noreferrer\"><b>Las ense\u00f1anzas especializadas de idiomas de las escuelas oficiales de idiomas: presente y futuro<\/b><\/a>. <span style=\"color: #000000;\"><b>Juan Carlos Araujo Portugal<\/b><\/span><\/span><\/li>\n<li><span style=\"font-family: 'Liberation Sans', sans-serif;\"><b><a href=\"https:\/\/wp.me\/p8j08t-Cz\" target=\"_blank\" rel=\"noopener noreferrer\">Educaci\u00f3n para la ciudadan\u00eda: \u00bftransversal o atravesada?<\/a>. <span style=\"color: #000000;\">Valent\u00edn Galv\u00e1n Garc\u00eda<\/span><\/b><\/span><\/li>\n<li><span style=\"font-family: 'Liberation Sans', sans-serif;\"><b><a href=\"https:\/\/wp.me\/p8j08t-CS\" target=\"_blank\" rel=\"noopener noreferrer\">Detuvo el Sol y movi\u00f3 la Tierra<\/a>.<span style=\"color: #000000;\"> Mercedes Ord\u00f3\u00f1ez L\u00f3pez<\/span><\/b><\/span><\/li>\n<li><span style=\"font-family: 'Liberation Sans', sans-serif;\"><b><a href=\"https:\/\/wp.me\/p8j08t-CN\" target=\"_blank\" rel=\"noopener noreferrer\">La mirada a los libros de texto con las gafas violetas siempre puestas<\/a>. <span style=\"color: #000000;\">Rosa Mar\u00eda Solano Fern\u00e1ndez<\/span><\/b><\/span><\/li>\n<li><span style=\"font-family: 'Liberation Sans', sans-serif;\"><b><a href=\"https:\/\/wp.me\/p8j08t-CP\" target=\"_blank\" rel=\"noopener noreferrer\">Un ejemplo de microhistoria: los Tres Reyes S. L. de C\u00f3rdoba<\/a>. <span style=\"color: #000000;\">Manuel Toribio Garc\u00eda<\/span><\/b><\/span><\/li>\n<\/ul>\n<p class=\"first-p\"><\/div>\n<p style=\"text-align: justify;\"><span style=\"font-size: 12pt; color: #993300;\"><strong>EXPERIENCIAS EDUCATIVAS.<\/strong><\/span><\/p>\n<div class=\"alert alert-warning\" role=\"alert\"><p class=\"printonly\"><strong>Warning!<\/strong><\/p><\/p>\n<ul>\n<li style=\"text-align: justify;\"><span style=\"font-family: 'Liberation Sans', sans-serif; color: #000000;\"><b><a href=\"https:\/\/wp.me\/p8j08t-Cn\" target=\"_blank\" rel=\"noopener noreferrer\">Ser lectores nos hace mejores<\/a>. <span style=\"color: #000000;\">Rafael Bail\u00f3n Ruiz<\/span><\/b><\/span><\/li>\n<li><span style=\"font-family: arial, helvetica, sans-serif; color: #000000;\"><strong><a href=\"https:\/\/wp.me\/p8j08t-Cv\" target=\"_blank\" rel=\"noopener noreferrer\">Experiencia Erasmus+ KA219 en el IES Fidiana. Proyecto \u00abAll roads lead to Rome\u00bb<\/a>.<span style=\"color: #000000;\"> Almudena Bellido Fern\u00e1ndez-Montes<\/span><\/strong><\/span><\/li>\n<li><span style=\"font-family: arial, helvetica, sans-serif;\"><strong><a href=\"https:\/\/wp.me\/p8j08t-Cx\" target=\"_blank\" rel=\"noopener noreferrer\">Proyecto R\u00edo (Guadalquivir): Contextualizar un entorno natural y urbano<\/a>. <span style=\"color: #000000;\">Josefa Cobos Maroto y Jos\u00e9 Ram\u00f3n Pedraza Serrano<\/span><\/strong><\/span><\/li>\n<li lang=\"en-US\" style=\"text-align: justify;\"><span style=\"color: #000000;\"><strong><span style=\"font-family: arial, helvetica, sans-serif;\"><a href=\"https:\/\/wp.me\/p8j08t-CF\" target=\"_blank\" rel=\"noopener noreferrer\">Visibilizando compositoras en tercer curso de Educaci\u00f3n Primaria (8-9 a\u00f1os).<\/a> <span style=\"color: #000000;\">M\u00aa Carmen Laguna Luque y Victor Pablo Pardo Arquero<\/span><\/span><\/strong><\/span><\/li>\n<li lang=\"en-US\" style=\"text-align: justify;\"><span style=\"font-family: arial, helvetica, sans-serif;\"><strong><a href=\"https:\/\/wp.me\/p8j08t-CH\" target=\"_blank\" rel=\"noopener noreferrer\">Propuesta de instrumentos de evaluaci\u00f3n de la lectura en Secundaria (I): el diario de lectura<\/a>.<\/strong> <span style=\"color: #000000;\"><strong>Sara Mart\u00ednez Navarro<\/strong><\/span><\/span><\/li>\n<li lang=\"en-US\"><strong><span style=\"font-family: arial, helvetica, sans-serif;\"><a href=\"https:\/\/wp.me\/p8j08t-CJ\" target=\"_blank\" rel=\"noopener noreferrer\">Erasmus+: un proyecto transformador en el IES Grupo C\u00e1ntico<\/a>. <span style=\"color: #000000;\">Carmen Navas Adamuz<\/span><\/span><\/strong><\/li>\n<li lang=\"en-US\" style=\"text-align: justify;\"><span style=\"font-family: arial, helvetica, sans-serif;\"><strong><a href=\"https:\/\/wp.me\/p8j08t-CL\" target=\"_blank\" rel=\"noopener noreferrer\">El documental \u00e9tico: recurso procedimental, evaluaci\u00f3n y pensamiento cr\u00edtico<\/a>. <span style=\"color: #000000;\">Jos\u00e9 Ram\u00f3n Pedraza Serrano<\/span><\/strong><\/span><\/li>\n<\/ul>\n<p class=\"first-p\"><\/div>\n<p style=\"text-align: justify;\"><span style=\"font-size: 12pt; color: #993300;\"><strong>MONOGR\u00c1FICO: ASESORAMIENTO EDUCATIVO<\/strong><\/span><\/p>\n<div class=\"alert alert-warning\" role=\"alert\"><p class=\"printonly\"><strong>Warning!<\/strong><\/p><\/p>\n<ul>\n<li style=\"text-align: justify;\"><span style=\"font-family: 'Liberation Sans', sans-serif;\"><b><a href=\"https:\/\/wp.me\/p8j08t-EM\" target=\"_blank\" rel=\"noopener noreferrer\">Desempe\u00f1o de la funci\u00f3n asesora en Educaci\u00f3n Infantil<\/a>. <span style=\"color: #000000;\">Beatriz Corpas Mart\u00edn y Ana L\u00f3pez Parra<\/span><\/b><\/span><\/li>\n<li style=\"text-align: justify;\"><span style=\"font-family: 'Liberation Sans', sans-serif;\"><b><a href=\"https:\/\/wp.me\/p8j08t-BA\" target=\"_blank\" rel=\"noopener noreferrer\">El liderazgo compartido como recurso estrat\u00e9gico en los centros del profesorado<\/a>. <span style=\"color: #000000;\">Juan Carlos Dom\u00ednguez P\u00e9rez<\/span><\/b><\/span><\/li>\n<li style=\"text-align: justify;\"><span style=\"font-family: 'Liberation Sans', sans-serif;\"><b><a href=\"https:\/\/wp.me\/p8j08t-BG\" target=\"_blank\" rel=\"noopener noreferrer\">Asesoramiento en innovaci\u00f3n educativa: el caso de los cuadernos inteligentes<\/a>. <span style=\"color: #000000;\">Bel\u00e9n Embid Dieste<\/span><\/b><\/span><\/li>\n<li style=\"text-align: justify;\"><span style=\"font-family: 'Liberation Sans', sans-serif;\"><b><a href=\"https:\/\/wp.me\/p8j08t-BM\" target=\"_blank\" rel=\"noopener noreferrer\">Formaci\u00f3n del profesorado: asesoramiento al servicio de la mejora educativa<\/a>. <span style=\"color: #000000;\">Ana Gregorio \u00c1lvarez<\/span><\/b><\/span><\/li>\n<li style=\"text-align: justify;\"><span style=\"font-family: 'Liberation Sans', sans-serif;\"><b><a href=\"https:\/\/wp.me\/p8j08t-BS\" target=\"_blank\" rel=\"noopener noreferrer\">El asesoramiento educativo en tecnolog\u00edas para la ense\u00f1anza y el aprendizaje<\/a>. <span style=\"color: #000000;\">Manuel \u00c1ngel Jim\u00e9nez G\u00f3mez<\/span><\/b><\/span><\/li>\n<li style=\"text-align: justify;\"><span style=\"font-family: 'Liberation Sans', sans-serif;\"><b><a href=\"https:\/\/wp.me\/p8j08t-BV\" target=\"_blank\" rel=\"noopener noreferrer\">La evaluaci\u00f3n externa de los CEP en Andaluc\u00eda desde la experiencia en la coordinaci\u00f3n del equipo de intervenci\u00f3n del servicio de inspecci\u00f3n educativa de C\u00f3rdoba<\/a>. <span style=\"color: #000000;\">Pedro \u00c1ngel Luna Ariza<\/span><\/b><\/span><\/li>\n<li style=\"text-align: justify;\"><span style=\"font-family: 'Liberation Sans', sans-serif;\"><b><a href=\"https:\/\/wp.me\/p8j08t-C0\" target=\"_blank\" rel=\"noopener noreferrer\">La funci\u00f3n asesora ante el reto del desarrollo de competencias profesionales: una propuesta de intervenci\u00f3n<\/a>. <span style=\"color: #000000;\">Teresa Lupi\u00f3n Cobos y Mar\u00eda del Mar Gallego Garc\u00eda<\/span><\/b><\/span><\/li>\n<li style=\"text-align: justify;\"><span style=\"font-family: 'Liberation Sans', sans-serif;\"><b><a href=\"https:\/\/wp.me\/p8j08t-C3\" target=\"_blank\" rel=\"noopener noreferrer\">De la formaci\u00f3n inicial de las asesor\u00edas noveles en la red andaluza de formaci\u00f3n permanente del profesorado<\/a>. <span style=\"color: #000000;\">Leonor M. Mart\u00ednez Serrano<\/span><\/b><\/span><\/li>\n<li style=\"text-align: justify;\"><span style=\"font-family: 'Liberation Sans', sans-serif;\"><b><a href=\"https:\/\/wp.me\/p8j08t-C7\" target=\"_blank\" rel=\"noopener noreferrer\">La formaci\u00f3n del profesorado basada en la reflexi\u00f3n sobre la pr\u00e1ctica: una garant\u00eda de \u00e9xito<\/a>. <span style=\"color: #000000;\">Manuel Mellado Gonz\u00e1lez<\/span><\/b><\/span><\/li>\n<li style=\"text-align: justify;\"><span style=\"font-family: 'Liberation Sans', sans-serif;\"><b><a href=\"https:\/\/wp.me\/p8j08t-C9\" target=\"_blank\" rel=\"noopener noreferrer\">La formaci\u00f3n de asesor\u00edas de los CEP: una cata en su labor<\/a>. <span style=\"color: #000000;\">Manuel Molina Gonz\u00e1lez<\/span><\/b><\/span><\/li>\n<li style=\"text-align: justify;\"><span style=\"font-family: 'Liberation Sans', sans-serif;\"><b><a href=\"https:\/\/wp.me\/p8j08t-Cb\" target=\"_blank\" rel=\"noopener noreferrer\">Creaci\u00f3n de redes profesionalizadoras entre la universidad y las escuelas comunidades de aprendizaje<\/a>. <span style=\"color: #000000;\">Blas Segovia Aguilar<\/span><\/b><\/span><\/li>\n<li style=\"text-align: justify;\"><span style=\"font-family: 'Liberation Sans', sans-serif;\"><b><a href=\"https:\/\/wp.me\/p8j08t-Cd\" target=\"_blank\" rel=\"noopener noreferrer\">Una asesor\u00eda de formaci\u00f3n del profesorado con perspectiva de g\u00e9nero<\/a>. <span style=\"color: #000000;\">Rosa M\u00aa Solano Fern\u00e1ndez<\/span><\/b><\/span><\/li>\n<li style=\"text-align: justify;\"><span style=\"font-family: 'Liberation Sans', sans-serif;\"><b><a href=\"https:\/\/wp.me\/p8j08t-Cf\" target=\"_blank\" rel=\"noopener noreferrer\">Escenarios para la trans-formaci\u00f3n. C\u00f3mo provocar cambios en un centro a trav\u00e9s de la formaci\u00f3n<\/a>.<span style=\"color: #000000;\"> Margarita Vald\u00e9s D\u00edaz<\/span><\/b><\/span><\/li>\n<\/ul>\n<p class=\"first-p\"><\/div>\n<p style=\"text-align: justify;\"><span style=\"font-size: 12pt; color: #993300;\"><strong>RESE\u00d1AS<\/strong><\/span><\/p>\n<div class=\"alert alert-warning\" role=\"alert\"><p class=\"printonly\"><strong>Warning!<\/strong><\/p><\/p>\n<ul>\n<li style=\"text-align: justify;\"><span style=\"font-family: 'Liberation Sans', sans-serif;\"><b><a href=\"https:\/\/wp.me\/p8j08t-CC\" target=\"_blank\" rel=\"noopener noreferrer\">Iniciativas docentes ganadoras del I Certamen de buenas pr\u00e1cticas para una escuela de la sociedad del conocimiento<\/a>. <span style=\"color: #000000;\">Trinidad Jerez Montoya<\/span><\/b><\/span><\/li>\n<li><strong><span style=\"font-family: arial, helvetica, sans-serif;\"><a href=\"https:\/\/wp.me\/p8j08t-ET\" target=\"_blank\" rel=\"noopener noreferrer\">Romera, Mar. La familia, la primera escuela de las emociones<\/a>.<span style=\"color: #000000;\"> Beatriz Mart\u00ednez Serrano<\/span><\/span><\/strong><\/li>\n<\/ul>\n<p class=\"first-p\"><\/div>\n<p>&nbsp;<\/p>\n","protected":false},"excerpt":{"rendered":"<p>EDITORIAL ART\u00cdCULOS\u00a0 EXPERIENCIAS EDUCATIVAS. MONOGR\u00c1FICO: ASESORAMIENTO EDUCATIVO RESE\u00d1AS &nbsp;<\/p>\n","protected":false},"author":1,"featured_media":0,"parent":0,"menu_order":0,"comment_status":"closed","ping_status":"closed","template":"template-twocolumnsleft.php","meta":{"jetpack_post_was_ever_published":false,"footnotes":""},"class_list":["post-2461","page","type-page","status-publish","hentry","nodate","item-wrap"],"jetpack_sharing_enabled":true,"jetpack_shortlink":"https:\/\/wp.me\/P8j08t-DH","_links":{"self":[{"href":"https:\/\/revistaeco.cepcordoba.es\/index.php\/wp-json\/wp\/v2\/pages\/2461","targetHints":{"allow":["GET"]}}],"collection":[{"href":"https:\/\/revistaeco.cepcordoba.es\/index.php\/wp-json\/wp\/v2\/pages"}],"about":[{"href":"https:\/\/revistaeco.cepcordoba.es\/index.php\/wp-json\/wp\/v2\/types\/page"}],"author":[{"embeddable":true,"href":"https:\/\/revistaeco.cepcordoba.es\/index.php\/wp-json\/wp\/v2\/users\/1"}],"replies":[{"embeddable":true,"href":"https:\/\/revistaeco.cepcordoba.es\/index.php\/wp-json\/wp\/v2\/comments?post=2461"}],"version-history":[{"count":32,"href":"https:\/\/revistaeco.cepcordoba.es\/index.php\/wp-json\/wp\/v2\/pages\/2461\/revisions"}],"predecessor-version":[{"id":3154,"href":"https:\/\/revistaeco.cepcordoba.es\/index.php\/wp-json\/wp\/v2\/pages\/2461\/revisions\/3154"}],"wp:attachment":[{"href":"https:\/\/revistaeco.cepcordoba.es\/index.php\/wp-json\/wp\/v2\/media?parent=2461"}],"curies":[{"name":"wp","href":"https:\/\/api.w.org\/{rel}","templated":true}]}}