{"id":3656,"date":"2019-05-20T08:56:52","date_gmt":"2019-05-20T07:56:52","guid":{"rendered":"http:\/\/revistaeco.cepcordoba.es\/?page_id=3656"},"modified":"2019-05-21T10:35:48","modified_gmt":"2019-05-21T09:35:48","slug":"sobre-la-revista","status":"publish","type":"page","link":"https:\/\/revistaeco.cepcordoba.es\/index.php\/sobre-la-revista\/","title":{"rendered":"Sobre la revista"},"content":{"rendered":"\n<h1><b>\u00bfQu\u00e9 es e-CO?<\/b><\/h1>\n<p style=\"text-align: justify;\">La revista e-CO es una revista de car\u00e1cter t\u00e9cnico-profesional que publica textos relacionados con la educaci\u00f3n en todas las \u00e1reas y \u00e1mbitos desde una perspectiva te\u00f3rica o pr\u00e1ctica y que tiene por objetivos visibilizar experiencias relevantes, crear opini\u00f3n y debate as\u00ed como en general contribuir a la formaci\u00f3n del profesorado y su actualizaci\u00f3n cient\u00edfica y profesional.<\/p>\n<p style=\"text-align: justify;\">Se \u00a0publican textos originales de los autores o autoras e in\u00e9ditos en cualquier formato p\u00fablico intentando respetar las orientaciones b\u00e1sicas de lenguaje no sexista y cumplir con las normas de estilo \u00a0que m\u00e1s adelante se detallan propias de una publicaci\u00f3n de este tipo.<\/p>\n<p style=\"text-align: justify;\">e-CO es una revista digital sobre educaci\u00f3n y formaci\u00f3n del profesorado que edita el Centro del Profesorado de C\u00f3rdoba desde enero de 2005. Desde el 2008 tiene una periodicidad anual.<\/p>\n<p>\u00a0<\/p>\n<h1><b>\u00bfPor qu\u00e9 e-CO?<\/b><\/h1>\n<p><b>e-<\/b>: indica red, intercambio, transferencia, encuentro virtual.<\/p>\n<p><b>CO<\/b>: Prefijo, equivalente a con, que indica uni\u00f3n y compa\u00f1\u00eda en igualdad.<br \/>Con esta\u00a0\u00a0s\u00edlaba queremos aludir a palabras bellas y hermosas como coexistencia, coeducaci\u00f3n, convivencia, comunicaci\u00f3n, compromiso, colaboraci\u00f3n, compa\u00f1erismo, cooperaci\u00f3n, compensar, construir, compartir, complementar, confianza, concentrar, conocer, concordancia, convencer, contribuir, corresponder&#8230;, palabras, conceptos, que expresan algunos de los valores en que como docentes, queremos educar y que como ciudadanos del mundo, queremos compartir.<\/p>\n<p>Tambi\u00e9n <b>CO<\/b> por ser las iniciales de todos nuestros Grupos de Trabajo y nuestros Proyectos de Formaci\u00f3n.<\/p>\n<p>Y, por \u00faltimo, porque es ap\u00f3cope de nuestra ciudad, C\u00f3rdoba, tan querida.<\/p>\n<p><b>e-CO<\/b>: El nombre completo de la revista expresa el deseo de dar y de recibir de o\u00edr y ser o\u00eddos, con el prop\u00f3sito de avanzar en el camino de la mejora de la formaci\u00f3n para la mejora de la educaci\u00f3n.<\/p>\n<p>\u00a0<\/p>\n<h2><b>Advertencia<\/b><\/h2>\n<p style=\"text-align: justify;\">e-CO no se responsabiliza ni comparte necesariamente las opiniones vertidas por los autores y autoras en sus art\u00edculos o rese\u00f1as. e-CO autoriza a reproducir el contenido de los art\u00edculos siempre que se cite la fuente.<\/p>\n<p>Para publicar en e-CO, consulte <a href=\"http:\/\/revistaeco.cepcordoba.es\/index.php\/2010\/06\/21\/como-publicar\/\"><b><i>Colaboraciones<\/i><\/b><\/a>.<\/p>\n<p>\u00a0<\/p>\n","protected":false},"excerpt":{"rendered":"<p>\u00bfQu\u00e9 es e-CO? La revista e-CO es una revista de car\u00e1cter t\u00e9cnico-profesional que publica textos relacionados con la educaci\u00f3n en todas las \u00e1reas y \u00e1mbitos desde una perspectiva te\u00f3rica o pr\u00e1ctica y que tiene por objetivos visibilizar experiencias relevantes, crear opini\u00f3n y debate as\u00ed como en general contribuir a la formaci\u00f3n del profesorado y su &hellip; <\/p>\n<p><a class=\"more-link btn\" href=\"https:\/\/revistaeco.cepcordoba.es\/index.php\/sobre-la-revista\/\">Seguir leyendo<\/a><\/p>\n","protected":false},"author":1,"featured_media":0,"parent":0,"menu_order":0,"comment_status":"closed","ping_status":"closed","template":"","meta":{"jetpack_post_was_ever_published":false,"footnotes":""},"class_list":["post-3656","page","type-page","status-publish","hentry","nodate","item-wrap"],"jetpack_sharing_enabled":true,"jetpack_shortlink":"https:\/\/wp.me\/P8j08t-WY","_links":{"self":[{"href":"https:\/\/revistaeco.cepcordoba.es\/index.php\/wp-json\/wp\/v2\/pages\/3656","targetHints":{"allow":["GET"]}}],"collection":[{"href":"https:\/\/revistaeco.cepcordoba.es\/index.php\/wp-json\/wp\/v2\/pages"}],"about":[{"href":"https:\/\/revistaeco.cepcordoba.es\/index.php\/wp-json\/wp\/v2\/types\/page"}],"author":[{"embeddable":true,"href":"https:\/\/revistaeco.cepcordoba.es\/index.php\/wp-json\/wp\/v2\/users\/1"}],"replies":[{"embeddable":true,"href":"https:\/\/revistaeco.cepcordoba.es\/index.php\/wp-json\/wp\/v2\/comments?post=3656"}],"version-history":[{"count":5,"href":"https:\/\/revistaeco.cepcordoba.es\/index.php\/wp-json\/wp\/v2\/pages\/3656\/revisions"}],"predecessor-version":[{"id":3697,"href":"https:\/\/revistaeco.cepcordoba.es\/index.php\/wp-json\/wp\/v2\/pages\/3656\/revisions\/3697"}],"wp:attachment":[{"href":"https:\/\/revistaeco.cepcordoba.es\/index.php\/wp-json\/wp\/v2\/media?parent=3656"}],"curies":[{"name":"wp","href":"https:\/\/api.w.org\/{rel}","templated":true}]}}