{"id":3680,"date":"2019-05-21T10:11:47","date_gmt":"2019-05-21T09:11:47","guid":{"rendered":"http:\/\/revistaeco.cepcordoba.es\/?page_id=3680"},"modified":"2019-05-31T07:50:49","modified_gmt":"2019-05-31T06:50:49","slug":"politicas","status":"publish","type":"page","link":"https:\/\/revistaeco.cepcordoba.es\/index.php\/politicas\/","title":{"rendered":"Pol\u00edticas"},"content":{"rendered":"\n<p><i><span style=\"font-weight: 400;\">e-CO Revista de educaci\u00f3n y formaci\u00f3n del profesorado<\/span><\/i><span style=\"font-weight: 400;\"> es una publicaci\u00f3n peri\u00f3dica mantenida por el Centro de profesorado de C\u00f3rdoba y se constituye en revista profesional dirigida a profesorado, investigadores, asesor\u00edas y orientadores, inspectores y gestores educativos as\u00ed como a cualquier otro sector interesado en la educaci\u00f3n y la formaci\u00f3n.<\/span><\/p>\n<p><span style=\"font-weight: 400;\">Dentro de esta l\u00ednea general publica art\u00edculos, experiencias, entrevistas y rese\u00f1as sobre:<\/span><\/p>\n<ul>\n<li style=\"font-weight: 400;\"><span style=\"font-weight: 400;\">Educaci\u00f3n en todas las etapas y tipos de centro<\/span><\/li>\n<li style=\"font-weight: 400;\"><span style=\"font-weight: 400;\">Educaci\u00f3n formal y no formal<\/span><\/li>\n<li style=\"font-weight: 400;\"><span style=\"font-weight: 400;\">Formaci\u00f3n inicial y permanente del profesorado<\/span><\/li>\n<li style=\"font-weight: 400;\"><span style=\"font-weight: 400;\">Teor\u00eda de la educaci\u00f3n<\/span><\/li>\n<li style=\"font-weight: 400;\"><span style=\"font-weight: 400;\">Organizaci\u00f3n escolar<\/span><\/li>\n<li style=\"font-weight: 400;\"><span style=\"font-weight: 400;\">Did\u00e1cticas espec\u00edficas<\/span><\/li>\n<li style=\"font-weight: 400;\"><span style=\"font-weight: 400;\">Historia, sociolog\u00eda y antropolog\u00eda de la educaci\u00f3n<\/span><\/li>\n<li style=\"font-weight: 400;\"><span style=\"font-weight: 400;\">Investigaci\u00f3n e innovaci\u00f3n educativa<\/span><\/li>\n<\/ul>\n<p>\u00a0<\/p>\n<p><span style=\"font-weight: 400;\">Publica un n\u00famero ordinario anual que incluye siempre un monogr\u00e1fico a propuesta del Consejo de redacci\u00f3n coordinado por un profesional designado. Igualmente, los n\u00fameros ordinarios incluyen art\u00edculos de variada tem\u00e1tica, experiencias y rese\u00f1as. En ciertos casos, se incluyen entrevistas a propuesta del Consejo de redacci\u00f3n con el fin de acercar los contenidos a la divulgaci\u00f3n. Ocasionalmente, se publican n\u00fameros extraordinarios exclusivamente monogr\u00e1ficos seg\u00fan criterio de la direcci\u00f3n.<\/span><\/p>\n<p><span style=\"font-weight: 400;\">Aunque el idioma propio de la revista es el espa\u00f1ol, se aceptan art\u00edculos en cualquier lengua siempre que se env\u00eden y publiquen en versi\u00f3n biling\u00fce que incluya la lengua espa\u00f1ola.<\/span><\/p>\n<p><span style=\"font-weight: 400;\">La revista se publica digitalmente y siempre en acceso abierto, gratuito y sin restricciones desde el momento de su publicaci\u00f3n dentro de nuestra pol\u00edtica de hacer universalmente accesible el conocimiento. Sin embargo, se entiende que todo autor o autora al aceptar la publicaci\u00f3n en e-CO establece la revista como fuente \u00fanica y exclusiva de publicaci\u00f3n de esa obra concreta.<\/span><\/p>\n<p>La revista no cobra por el env\u00edo o por la publicaci\u00f3n de sus art\u00edculos.<\/p>\n<p><span style=\"font-weight: 400;\">Se aceptan colaboraciones durante todo el a\u00f1o. Los originales candidatos son evaluados por personal ajeno a la revista y la editorial.<\/span><\/p>\n<p><span style=\"font-weight: 400;\">Los trabajos publicados, as\u00ed como las colaboraciones adicionales como revisiones y asesoramiento de comit\u00e9 t\u00e9cnico o de redacci\u00f3n se certifican por parte de la entidad editorial anualmente.<\/span><\/p>\n<p>La revista e-CO garantiza un riguroso y transparente sistema an\u00f3nimo de evaluaci\u00f3n por pares (peer review). El proceso de evaluaci\u00f3n es el siguiente:<\/p>\n<p>Cada art\u00edculo que se recibe es objeto de una revisi\u00f3n editorial para determinar su paso o no al proceso de evaluaci\u00f3n en funci\u00f3n de los siguientes criterios:<\/p>\n<ol>\n<li>Adecuaci\u00f3n a la l\u00ednea editorial de la revista<\/li>\n<li>Cumplimiento de los requisitos formales.<\/li>\n<li>Rigor y calidad del trabajo presentado.<\/li>\n<\/ol>\n<p>El resultado de esta revisi\u00f3n se comunica a los autores en el plazo m\u00e1ximo de dos semanas.<\/p>\n<p>Una vez admitido, el art\u00edculo es sometido a evaluaci\u00f3n por dos revisores expertos en la tem\u00e1tica abordada, sin que estos conozcan el autor o autores y sin que estos sepan quienes han sido los evaluadores de su trabajo. En caso de discrepancia se solicita el juicio de un tercer evaluador.<\/p>\n<p>En la evaluaci\u00f3n se siguen los criterios usuales para determinar la adecuaci\u00f3n a las normas de la revista, originalidad, inter\u00e9s, aportaci\u00f3n, correcci\u00f3n expositiva, rigor metodol\u00f3gico y coherencia del trabajo remitido.<\/p>\n<p>En funci\u00f3n del resultado de la revisi\u00f3n, cada art\u00edculo podr\u00e1 ser aprobado sin cambios, remitido a los autores para que realicen determinadas mejoras o rechazado, lo que se comunicar\u00e1 al\/los autores\/as en un plazo m\u00e1ximo de tres meses.<\/p>\n<p>La revista e-CO se reserva en todo caso el derecho a publicar los art\u00edculos aprobados en el n\u00famero y fecha que considere m\u00e1s oportuno.\u00a0<\/p>\n<p>La revista e-CO apela a la \u00e9tica de los autores en su compromiso porque todos los trabajos publicados sean in\u00e9ditos y originales y para ello hace uso de programas antiplagio. Tanto autores como evaluadores pueden contar con herramientas como: Grammarly, Plagium, Copionic, WriteCheck, PaperRater, Plajarisma, Viper, Plagarism\u2026 plataformas de libre acceso.<\/p>\n<p>\u00a0<\/p>\n","protected":false},"excerpt":{"rendered":"<p>e-CO Revista de educaci\u00f3n y formaci\u00f3n del profesorado es una publicaci\u00f3n peri\u00f3dica mantenida por el Centro de profesorado de C\u00f3rdoba y se constituye en revista profesional dirigida a profesorado, investigadores, asesor\u00edas y orientadores, inspectores y gestores educativos as\u00ed como a cualquier otro sector interesado en la educaci\u00f3n y la formaci\u00f3n. Dentro de esta l\u00ednea general &hellip; <\/p>\n<p><a class=\"more-link btn\" href=\"https:\/\/revistaeco.cepcordoba.es\/index.php\/politicas\/\">Seguir leyendo<\/a><\/p>\n","protected":false},"author":1,"featured_media":0,"parent":0,"menu_order":0,"comment_status":"closed","ping_status":"closed","template":"","meta":{"jetpack_post_was_ever_published":false,"footnotes":""},"class_list":["post-3680","page","type-page","status-publish","hentry","nodate","item-wrap"],"jetpack_sharing_enabled":true,"jetpack_shortlink":"https:\/\/wp.me\/P8j08t-Xm","_links":{"self":[{"href":"https:\/\/revistaeco.cepcordoba.es\/index.php\/wp-json\/wp\/v2\/pages\/3680","targetHints":{"allow":["GET"]}}],"collection":[{"href":"https:\/\/revistaeco.cepcordoba.es\/index.php\/wp-json\/wp\/v2\/pages"}],"about":[{"href":"https:\/\/revistaeco.cepcordoba.es\/index.php\/wp-json\/wp\/v2\/types\/page"}],"author":[{"embeddable":true,"href":"https:\/\/revistaeco.cepcordoba.es\/index.php\/wp-json\/wp\/v2\/users\/1"}],"replies":[{"embeddable":true,"href":"https:\/\/revistaeco.cepcordoba.es\/index.php\/wp-json\/wp\/v2\/comments?post=3680"}],"version-history":[{"count":9,"href":"https:\/\/revistaeco.cepcordoba.es\/index.php\/wp-json\/wp\/v2\/pages\/3680\/revisions"}],"predecessor-version":[{"id":3877,"href":"https:\/\/revistaeco.cepcordoba.es\/index.php\/wp-json\/wp\/v2\/pages\/3680\/revisions\/3877"}],"wp:attachment":[{"href":"https:\/\/revistaeco.cepcordoba.es\/index.php\/wp-json\/wp\/v2\/media?parent=3680"}],"curies":[{"name":"wp","href":"https:\/\/api.w.org\/{rel}","templated":true}]}}