{"id":4148,"date":"2019-12-10T12:22:20","date_gmt":"2019-12-10T11:22:20","guid":{"rendered":"http:\/\/revistaeco.cepcordoba.es\/?page_id=4148"},"modified":"2021-09-03T18:01:33","modified_gmt":"2021-09-03T17:01:33","slug":"numero-extraordinario-i-jornadas-de-investigacion-para-las-ensenanzas-artisticas-superiores-2019","status":"publish","type":"page","link":"https:\/\/revistaeco.cepcordoba.es\/index.php\/numero-extraordinario-i-jornadas-de-investigacion-para-las-ensenanzas-artisticas-superiores-2019\/","title":{"rendered":"N\u00famero Extraordinario. \u00abI Jornadas de investigaci\u00f3n para las Ense\u00f1anzas Art\u00edsticas Superiores\u00bb (2019)"},"content":{"rendered":"\n<div class=\"wp-block-group\"><div class=\"wp-block-group__inner-container is-layout-flow wp-block-group-is-layout-flow\">\n<h4>PRESENTACI\u00d3N<\/h4>\n<\/div><\/div>\n\n\n\n<div class=\"alert alert-success\" role=\"alert\"><p class=\"printonly\"><strong>Important!<\/strong><\/p>\n<ul>\n<li>\n<p style=\"text-align: justify;\" class=\"first-p\"><strong><a href=\"http:\/\/revistaeco.cepcordoba.es\/?p=4139\" target=\"_blank\" rel=\"noopener noreferrer\">Presentaci\u00f3n del n\u00famero extraordinario dedicado a las I Jornadas de Investigaci\u00f3n para las Ense\u00f1anzas Art\u00edsticas Superiores: transfiriendo conocimientos desde la pr\u00e1ctica creativa<\/a>. M\u00aa <\/strong><strong>Dolores Jim\u00e9nez Valiente<\/strong><\/p>\n<\/li>\n<\/ul>\n<p><span style=\"font-size: inherit;\"><\/div><\/span><\/p>\n\n\n\n<h4><strong data-rich-text-format-boundary=\"true\">ART\u00cdCULOS<\/strong><\/h4>\n\n\n\n<div class=\"alert alert-warning\" role=\"alert\"><p class=\"printonly\"><strong>Warning!<\/strong><\/p><\/p>\n<ul>\n<li>\n<p class=\"first-p\"><strong><a href=\"http:\/\/revistaeco.cepcordoba.es\/?p=4142\" target=\"_blank\" rel=\"noopener noreferrer\">A modo de introducci\u00f3n<\/a>. R<\/strong><strong>afael Navarro Bogallo<\/strong><\/p>\n<\/li>\n<li>\n<p><strong><a href=\"http:\/\/revistaeco.cepcordoba.es\/?p=4112\" target=\"_blank\" rel=\"noopener noreferrer\">Las ense\u00f1anzas art\u00edsticas musicales en la investigaci\u00f3n en el \u00e1mbito de la UCO<\/a>. Ana Bel\u00e9n Ca\u00f1izares Sevilla<\/strong><\/p>\n<\/li>\n<li>\n<p><strong><a href=\"http:\/\/revistaeco.cepcordoba.es\/?p=4115\" target=\"_blank\" rel=\"noopener noreferrer\">Aproximaci\u00f3n a las competencias perceptivo-atencionales expresadas por pianistas al interpretar m\u00fasica en grupo<\/a>. <\/strong><strong>Andr\u00e9s M\u00aa Cosano Molleja<\/strong><\/p>\n<\/li>\n<li>\n<p><strong><a href=\"http:\/\/revistaeco.cepcordoba.es\/?p=4094\" target=\"_blank\" rel=\"noopener noreferrer\">Aproximaci\u00f3n al proceso de creaci\u00f3n art\u00edstica<\/a>.&nbsp;<\/strong><strong>Juan de Dios Garc\u00eda Aguilera<\/strong><\/p>\n<\/li>\n<li>\n<p><strong><a href=\"http:\/\/revistaeco.cepcordoba.es\/?p=4145\" target=\"_blank\" rel=\"noopener noreferrer\">Mujer frente al espejo. Un proyecto \u00edntimo de pr\u00e1ctica como investigaci\u00f3n<\/a>. Sol Garre Rubio<\/strong><\/p>\n<\/li>\n<li>\n<p><strong><a href=\"http:\/\/revistaeco.cepcordoba.es\/?p=4125\" target=\"_blank\" rel=\"noopener noreferrer\">Transfiriendo el repertorio de la danza como pr\u00e1ctica creativa comunitaria. Corporeizar y contemporaneizar<\/a>.&nbsp;<\/strong><strong>Carmen Gim\u00e9nez Morte<\/strong><\/p>\n<\/li>\n<li>\n<p><strong><a href=\"http:\/\/revistaeco.cepcordoba.es\/?p=4127\" target=\"_blank\" rel=\"noopener noreferrer\">El <em>mindfulness <\/em>como herramienta pedag\u00f3gica en las ense\u00f1anzas de conservatorio<\/a>.&nbsp;<\/strong><strong>Ana Mar\u00eda Guti\u00e9rrez Mart\u00ednez<\/strong><\/p>\n<\/li>\n<li>\n<p><strong><a href=\"http:\/\/revistaeco.cepcordoba.es\/?p=4130\" target=\"_blank\" rel=\"noopener noreferrer\">Im\u00e1genes e investigaci\u00f3n desde la pr\u00e1ctica art\u00edstica<\/a>.&nbsp;<\/strong><strong>Rosa Mar\u00eda Illanes Ortega<\/strong><\/p>\n<\/li>\n<li><strong><a href=\"http:\/\/revistaeco.cepcordoba.es\/index.php\/2019\/12\/16\/aproximacion-al-concepto-devising-como-herramienta-pedagogica-artistica-multidisciplinar\/\" target=\"_blank\" rel=\"noopener noreferrer\">Aproximaci\u00f3n al concepto<em> devising<\/em> como herramienta pedag\u00f3gica art\u00edstica multidisciplinar<\/a>. Raquel Jurado D\u00edaz<\/strong><\/li>\n<li>\n<p><b><a href=\"http:\/\/revistaeco.cepcordoba.es\/?p=4132\" target=\"_blank\" rel=\"noopener noreferrer\">Las tecnolog\u00edas en la investigaci\u00f3n: aplicaciones en el aula. Caso pr\u00e1ctico, metodolog\u00eda investigadora para analizar los papeles en el ciclo de encuadernaci\u00f3n art\u00edstica. Caso pr\u00e1ctico, el cartel rociero<\/a>.&nbsp;<\/b><strong>Sergio Cruz Pozuelo Cabez\u00f3n<\/strong><\/p>\n<\/li>\n<li>\n<p><strong><a href=\"http:\/\/revistaeco.cepcordoba.es\/?p=4134\" target=\"_blank\" rel=\"noopener noreferrer\">La experiencia como herramienta innovadora del grupo de investigaci\u00f3n de la Escuela Superior de Arte Dram\u00e1tico \u201cMiguel Salcedo Hierro\u201d de C\u00f3rdoba<\/a>.&nbsp;<\/strong><strong>M\u00aa del Carmen Rodr\u00edguez \u00c1lvarez<\/strong><\/p>\n<\/li>\n<li>\n<p><a href=\"http:\/\/revistaeco.cepcordoba.es\/?p=4136\"><strong><em>Making Art<\/em><\/strong><\/a><strong>: <a href=\"http:\/\/revistaeco.cepcordoba.es\/?p=4136\">33 sugerencias para la videoteca b\u00e1sica de un centro de ense\u00f1anzas art\u00edsticas superiores<\/a>.&nbsp;<\/strong><strong>\u00c1lvaro Zald\u00edvar Gracia<\/strong><\/p>\n<\/li>\n<\/ul>\n<p><\/div>\n","protected":false},"excerpt":{"rendered":"<p>PRESENTACI\u00d3N ART\u00cdCULOS<\/p>\n","protected":false},"author":1,"featured_media":0,"parent":0,"menu_order":0,"comment_status":"closed","ping_status":"closed","template":"template-twocolumnsleft.php","meta":{"jetpack_post_was_ever_published":false,"footnotes":""},"class_list":["post-4148","page","type-page","status-publish","hentry","nodate","item-wrap"],"jetpack_sharing_enabled":true,"jetpack_shortlink":"https:\/\/wp.me\/P8j08t-14U","_links":{"self":[{"href":"https:\/\/revistaeco.cepcordoba.es\/index.php\/wp-json\/wp\/v2\/pages\/4148","targetHints":{"allow":["GET"]}}],"collection":[{"href":"https:\/\/revistaeco.cepcordoba.es\/index.php\/wp-json\/wp\/v2\/pages"}],"about":[{"href":"https:\/\/revistaeco.cepcordoba.es\/index.php\/wp-json\/wp\/v2\/types\/page"}],"author":[{"embeddable":true,"href":"https:\/\/revistaeco.cepcordoba.es\/index.php\/wp-json\/wp\/v2\/users\/1"}],"replies":[{"embeddable":true,"href":"https:\/\/revistaeco.cepcordoba.es\/index.php\/wp-json\/wp\/v2\/comments?post=4148"}],"version-history":[{"count":20,"href":"https:\/\/revistaeco.cepcordoba.es\/index.php\/wp-json\/wp\/v2\/pages\/4148\/revisions"}],"predecessor-version":[{"id":5064,"href":"https:\/\/revistaeco.cepcordoba.es\/index.php\/wp-json\/wp\/v2\/pages\/4148\/revisions\/5064"}],"wp:attachment":[{"href":"https:\/\/revistaeco.cepcordoba.es\/index.php\/wp-json\/wp\/v2\/media?parent=4148"}],"curies":[{"name":"wp","href":"https:\/\/api.w.org\/{rel}","templated":true}]}}