{"id":5059,"date":"2021-09-04T18:19:09","date_gmt":"2021-09-04T17:19:09","guid":{"rendered":"http:\/\/revistaeco.cepcordoba.es\/?page_id=5059"},"modified":"2022-04-08T08:15:23","modified_gmt":"2022-04-08T07:15:23","slug":"numero-extraordinario-erasmus-octubre-2020","status":"publish","type":"page","link":"https:\/\/revistaeco.cepcordoba.es\/index.php\/numero-extraordinario-erasmus-octubre-2020\/","title":{"rendered":"N\u00famero Extraordinario: Erasmus+ (Octubre, 2020)"},"content":{"rendered":"\n<h3 class=\"rich-text editor-rich-text__editable block-editor-rich-text__editable is-selected\" role=\"textbox\" contenteditable=\"true\" aria-multiline=\"true\" aria-label=\"Escribe el encabezado\u2026\"><strong data-rich-text-format-boundary=\"true\">EDITORIAL<\/strong><\/h3>\n<div class=\"alert alert-success\" role=\"alert\"><p class=\"printonly\"><strong>Important!<\/strong><\/p><\/p>\n<ul>\n<li><b><a href=\"http:\/\/revistaeco.cepcordoba.es\/?p=5105\" target=\"_blank\" rel=\"noopener\"><em>Cambiar vidas, abrir mentes. <\/em>Erasmus+ (2014-2020) y la internacionalizaci\u00f3n de la educaci\u00f3n en la provincia de C\u00f3rdoba<\/a>. Leonor Mar\u00eda Mart\u00ednez Serrano<\/b><\/li>\n<\/ul>\n<p class=\"first-p\"><\/div>\n<h2 class=\"rich-text editor-rich-text__editable block-editor-rich-text__editable is-selected\" role=\"textbox\" contenteditable=\"true\" aria-multiline=\"true\" aria-label=\"Escribe el encabezado\u2026\"><strong data-rich-text-format-boundary=\"true\">ART\u00cdCULOS<\/strong><\/h2>\n<div class=\"alert alert-warning\" role=\"alert\"><p class=\"printonly\"><strong>Warning!<\/strong><\/p><\/p>\n<ul>\n<li><strong><a href=\"http:\/\/revistaeco.cepcordoba.es\/?p=5070\" target=\"_blank\" rel=\"noopener\">La formaci\u00f3n al servicio de Erasmus+<\/a>. Beatriz Mart\u00ednez Serrano<\/strong><\/li>\n<li><strong><strong><a href=\"http:\/\/revistaeco.cepcordoba.es\/?p=5074\" target=\"_blank\" rel=\"noopener\">Hacia una formaci\u00f3n internacional desde el IES Medina Azahara<\/a>. <\/strong><\/strong><strong style=\"font-size: inherit;\">Francisco Luque Ruiz<\/strong><\/li>\n<li><strong><strong><a href=\"http:\/\/revistaeco.cepcordoba.es\/?p=5078\" target=\"_blank\" rel=\"noopener\">Proyecto de internacionalizaci\u00f3n del IES Felipe Sol\u00eds, Cabra (C\u00f3rdoba)<\/a>. <\/strong><\/strong><strong style=\"font-size: inherit;\">Mar\u00eda Delgado Garc\u00eda, Juan Manuel Carde\u00f1osa Torres y&nbsp;<\/strong><strong style=\"font-size: inherit;\">Juan Manuel Franco S\u00e1nchez<\/strong><\/li>\n<li><strong><a href=\"http:\/\/revistaeco.cepcordoba.es\/?p=5080\" target=\"_blank\" rel=\"noopener\">El Plan de Desarrollo Europeo del IES Trassierra (2014-2020)<\/a>. Eduardo Cas Calzado<\/strong><\/li>\n<li><strong><a href=\"http:\/\/revistaeco.cepcordoba.es\/?p=5082\" target=\"_blank\" rel=\"noopener\">Proyecto Erasmus+ IES Sierra de Aras.<\/a> Jos\u00e9 Alfonso Rueda Jim\u00e9nez y Francisco Jos\u00e9 Garc\u00eda Gasc\u00f3<\/strong><\/li>\n<li><strong><a href=\"http:\/\/revistaeco.cepcordoba.es\/?p=5084\" target=\"_blank\" rel=\"noopener\">Erasmus+ y eTwinning en el IES \u00c1ngel de Saavedra: Una ventana a Europa<\/a>. Antonio Jes\u00fas Romero Dom\u00ednguez<\/strong><\/li>\n<li><strong><a href=\"http:\/\/revistaeco.cepcordoba.es\/?p=5086\" target=\"_blank\" rel=\"noopener\">La internacionalizaci\u00f3n del IES \u00c1lvarez Cubero (Priego de C\u00f3rdoba)<\/a>. Esther Garc\u00eda-Ligero Ram\u00edrez<\/strong><\/li>\n<li><strong><a href=\"http:\/\/revistaeco.cepcordoba.es\/?p=5088\" target=\"_blank\" rel=\"noopener\">IES S\u00e1cilis, un compromiso con la internacionalizaci\u00f3n<\/a>. Jos\u00e9 Carlos L\u00f3pez Casado<\/strong><\/li>\n<li><strong><a href=\"http:\/\/revistaeco.cepcordoba.es\/?p=5090\" target=\"_blank\" rel=\"noopener\">Greguer\u00edas: diez a\u00f1os de proyectos europeos<\/a>. Mar\u00eda \u00c1lvarez Alba<\/strong><\/li>\n<li><strong><a href=\"http:\/\/revistaeco.cepcordoba.es\/?p=5092\" target=\"_blank\" rel=\"noopener\">Experiencia Erasmus+ KA2 en el CEIP Al-Yussana: Proyecto \u201cM.A.C&gt; Traction\u201d<\/a>. M. Vanessa Berenguer Fern\u00e1ndez<\/strong><\/li>\n<li><strong><a href=\"http:\/\/revistaeco.cepcordoba.es\/?p=5094\" target=\"_blank\" rel=\"noopener\">Mi experiencia educativa en programas europeos<\/a>. Ester Molina Robles<\/strong><\/li>\n<li><strong><a href=\"http:\/\/revistaeco.cepcordoba.es\/?p=5096\" target=\"_blank\" rel=\"noopener\">Tendiendo Puentes del CEIP Gran Capit\u00e1n a Europa<\/a>. Jos\u00e9 Daniel Villalobos Polo<\/strong><\/li>\n<li><strong><a href=\"http:\/\/revistaeco.cepcordoba.es\/?p=5098\" target=\"_blank\" rel=\"noopener\">Let\u2019s be eTwinners!.<\/a> Francisco Ram\u00f3n Merino Mesa<\/strong><\/li>\n<li><strong><a href=\"http:\/\/revistaeco.cepcordoba.es\/?p=5101\" target=\"_blank\" rel=\"noopener\">Experiencia de Internacionalizaci\u00f3n del CEP C\u00f3rdoba<\/a>. Margarita Tejederas Dorado<\/strong><\/li>\n<li><strong><a href=\"http:\/\/revistaeco.cepcordoba.es\/?p=5103\" target=\"_blank\" rel=\"noopener\">El programa Erasmus+ (2014-2020) en la provincia de C\u00f3rdoba: una mirada retrospectiva<\/a>. <\/strong><strong style=\"font-size: inherit;\">Leonor Mar\u00eda Mart\u00ednez Serrano<\/strong><\/li>\n<\/ul>\n<p class=\"first-p\"><\/div>\n","protected":false},"excerpt":{"rendered":"<p>EDITORIAL ART\u00cdCULOS<\/p>\n","protected":false},"author":1,"featured_media":0,"parent":0,"menu_order":0,"comment_status":"closed","ping_status":"closed","template":"template-twocolumnsleft.php","meta":{"jetpack_post_was_ever_published":false,"footnotes":""},"class_list":["post-5059","page","type-page","status-publish","hentry","nodate","item-wrap"],"jetpack_sharing_enabled":true,"jetpack_shortlink":"https:\/\/wp.me\/P8j08t-1jB","_links":{"self":[{"href":"https:\/\/revistaeco.cepcordoba.es\/index.php\/wp-json\/wp\/v2\/pages\/5059","targetHints":{"allow":["GET"]}}],"collection":[{"href":"https:\/\/revistaeco.cepcordoba.es\/index.php\/wp-json\/wp\/v2\/pages"}],"about":[{"href":"https:\/\/revistaeco.cepcordoba.es\/index.php\/wp-json\/wp\/v2\/types\/page"}],"author":[{"embeddable":true,"href":"https:\/\/revistaeco.cepcordoba.es\/index.php\/wp-json\/wp\/v2\/users\/1"}],"replies":[{"embeddable":true,"href":"https:\/\/revistaeco.cepcordoba.es\/index.php\/wp-json\/wp\/v2\/comments?post=5059"}],"version-history":[{"count":14,"href":"https:\/\/revistaeco.cepcordoba.es\/index.php\/wp-json\/wp\/v2\/pages\/5059\/revisions"}],"predecessor-version":[{"id":5307,"href":"https:\/\/revistaeco.cepcordoba.es\/index.php\/wp-json\/wp\/v2\/pages\/5059\/revisions\/5307"}],"wp:attachment":[{"href":"https:\/\/revistaeco.cepcordoba.es\/index.php\/wp-json\/wp\/v2\/media?parent=5059"}],"curies":[{"name":"wp","href":"https:\/\/api.w.org\/{rel}","templated":true}]}}