{"id":5395,"date":"2023-03-31T10:11:43","date_gmt":"2023-03-31T09:11:43","guid":{"rendered":"https:\/\/revistaeco.cepcordoba.es\/?page_id=5395"},"modified":"2024-04-14T08:43:12","modified_gmt":"2024-04-14T07:43:12","slug":"sumario-revista-eco-no-20","status":"publish","type":"page","link":"https:\/\/revistaeco.cepcordoba.es\/index.php\/sumario-revista-eco-no-20\/","title":{"rendered":"Sumario Revista eCO N\u00ba 20"},"content":{"rendered":"\n<h2 class=\"wp-block-heading\"><strong>EDITORIAL<\/strong><\/h2>\n\n\n\n<div class=\"wp-block-columns\">&nbsp;<\/div>\n<div class=\"alert alert-success\" role=\"alert\"><p class=\"printonly\"><strong>Important!<\/strong><\/p><\/p>\n<ul>\n<li><a href=\"http:\/\/revistaeco.cepcordoba.es\/wp-content\/uploads\/2023\/04\/Editorial20.pdf\" target=\"_blank\" rel=\"noopener\"><b>Editorial del n\u00famero e-CO n\u00ba 20<\/b><\/a><\/li>\n<\/ul>\n<p class=\"first-p\"><\/div>\n<h2 class=\"rich-text editor-rich-text__editable block-editor-rich-text__editable is-selected\" role=\"textbox\" contenteditable=\"true\" aria-multiline=\"true\" aria-label=\"Escribe el encabezado\u2026\">&nbsp;<\/h2>\n\n\n\n<h2 class=\"wp-block-heading\"><strong>ART\u00cdCULOS<\/strong><\/h2>\n\n\n\n<div class=\"alert alert-warning\" role=\"alert\"><p class=\"printonly\"><strong>Warning!<\/strong><\/p><\/p>\n<ul>\n<li><a href=\"http:\/\/revistaeco.cepcordoba.es\/index.php\/2023\/06\/13\/proporcion-cordobesa\/\" target=\"_blank\" rel=\"noopener\"><strong>Proporci\u00f3n cordobesa<\/strong>.<\/a> <strong style=\"font-size: revert;\">Rodrigo Garc\u00eda Cota (Coord.) y otros.<\/strong><\/li>\n<li>\n<p class=\"first-p\"><strong><a href=\"http:\/\/revistaeco.cepcordoba.es\/index.php\/2023\/04\/21\/por-que-lo-importante-no-llama-la-atencion-las-mujeres-del-barrio-devaldeolleros-participacion-y-visibilizacion-a-lo-largo-de-su-historia\/\" target=\"_blank\" rel=\"noopener\">\u00bfPor qu\u00e9 lo importante no llama la atenci\u00f3n? Las mujeres del barrio de Valdeolleros: participaci\u00f3n y visibilizaci\u00f3n a lo largo de su \u201chistoria\u201d<\/a>. Rafael Gonz\u00e1lez Requena<\/strong><\/p>\n<\/li>\n<li>\n<p><strong><a href=\"https:\/\/revistaeco.cepcordoba.es\/index.php\/2023\/03\/31\/la-interculturalidad-en-el-alumnado-de-educacion-primaria-perspectivas\/\" target=\"_blank\" rel=\"noopener\">La interculturalidad en el alumnado de Educaci\u00f3n Primaria: perspectivas<\/a>. Ana Mar\u00eda Granados D\u00edaz<\/strong><\/p>\n<\/li>\n<li><a href=\"http:\/\/revistaeco.cepcordoba.es\/?p=5438&amp;preview=true\" target=\"_blank\" rel=\"noopener\"><strong>Principales referentes deportistas para el alumnado de sexto curso (12 a\u00f1os) de un colegio p\u00fablico<\/strong><\/a>. <strong style=\"font-size: revert;\">V\u00edctor Pablo Pardo Arquero<\/strong><\/li>\n<li><a href=\"http:\/\/revistaeco.cepcordoba.es\/index.php\/2023\/04\/07\/bibliografia-y-recursos-para-la-actualizacion-disciplinar-en-linguistica-hispanica\/\" target=\"_blank\" rel=\"noopener\"><strong>Bibliograf\u00eda y recursos para la actualizaci\u00f3n disciplinar en ling\u00fc\u00edstica hisp\u00e1nica<\/strong><\/a>. <strong>Estrella<\/strong><strong style=\"font-size: revert;\">&nbsp;Ram\u00edrez Quesada<\/strong><\/li>\n<li><strong><a href=\"http:\/\/revistaeco.cepcordoba.es\/index.php\/2023\/04\/07\/arteterapia-como-estrategia-pedagogica-para-alumnos-y-alumnas-con-trastorno-del-espectro-autista\/\" target=\"_blank\" rel=\"noopener\">Arteterapia como estrategia pedag\u00f3gica para alumnos y alumnas con trastorno del espectro autista<\/a>. Mar\u00eda Tallada Ruiz<\/strong><\/li>\n<li><strong><a href=\"http:\/\/revistaeco.cepcordoba.es\/?p=5455\" target=\"_blank\" rel=\"noopener\">Antonio Ja\u00e9n Morente, Un buen alumno. (1888-1893).<\/a> Manuel Toribio Garc\u00eda<\/strong><\/li>\n<\/ul>\n<p><\/div>\n\n\n\n<h2 class=\"wp-block-heading\"><strong>EXPERIENCIAS EDUCATIVAS<\/strong><\/h2>\n\n\n\n<div class=\"alert alert-warning\" role=\"alert\"><p class=\"printonly\"><strong>Warning!<\/strong><\/p><\/p>\n<ul>\n<li><a style=\"font-weight: bold;\" href=\"http:\/\/revistaeco.cepcordoba.es\/index.php\/2023\/04\/17\/programar-por-tareas-y-proyectos-en-educacion-de-personas-adultas\/\" target=\"_blank\" rel=\"noopener\">Programar por tareas y proyectos en educaci\u00f3n de personas adultas<\/a><b>. Jos\u00e9 Manuel G\u00f3mez Montero y otros<\/b><\/li>\n<li><strong><a href=\"http:\/\/revistaeco.cepcordoba.es\/index.php\/2023\/06\/08\/caracterizacion-de-la-microbiota-de-la-masa-madre-del-cultivo-en-su-estado-optimo-para-elaboracion-del-pan-artesano\/\" target=\"_blank\" rel=\"noopener\">Caracterizaci\u00f3n de la microbiota de la masa madre del cultivo en su estado \u00f3ptimo para elaboraci\u00f3n del pan artesano<\/a>. Angustias M\u00e1rquez Lema<\/strong><\/li>\n<li><strong><a href=\"http:\/\/revistaeco.cepcordoba.es\/?p=5458\" target=\"_blank\" rel=\"noopener\">La p\u00edldora videogr\u00e1fica hist\u00f3rica creada por el alumnado en la clase invertida: relaci\u00f3n conceptual, s\u00edntesis procedimental y oralidad actitudinal<\/a>.&nbsp; Jos\u00e9 Ram\u00f3n Pedraza Serrano&nbsp;<\/strong><\/li>\n<li><strong><a href=\"http:\/\/revistaeco.cepcordoba.es\/index.php\/2023\/04\/07\/flamenco-para-la-educacion-en-valores-experiencias-de-talleres\/\" target=\"_blank\" rel=\"noopener\">Flamenco para la educaci\u00f3n en valores: experiencias de talleres<\/a>. Luc\u00eda Serrano Montero<\/strong><\/li>\n<li><strong><a href=\"http:\/\/revistaeco.cepcordoba.es\/index.php\/2023\/04\/07\/con-peplo-y-a-lo-loco-aula-de-cine-y-cine-en-el-aula-de-griego\/\" target=\"_blank\" rel=\"noopener\"><em>Con peplo y a lo loco<\/em>: Aula de Cine y cine en el aula de Griego<\/a>. Alejandro Valverde Garc\u00eda<\/strong><\/li>\n<\/ul>\n<p class=\"first-p\"><\/div>\n\n\n\n<h2><strong>RESE\u00d1AS<\/strong><\/h2>\n\n\n\n<div class=\"alert alert-warning\" role=\"alert\"><p class=\"printonly\"><strong>Warning!<\/strong><\/p><\/p>\n<ul>\n<li><strong><strong><a href=\"http:\/\/revistaeco.cepcordoba.es\/index.php\/2023\/04\/07\/resena-5\/\" target=\"_blank\" rel=\"noopener\">La utilidad de lo in\u00fatil.. ORDINE, Nuccio<\/a>. <\/strong><\/strong><strong style=\"font-size: revert;\">Mar\u00eda de las Nieves Garc\u00eda Pareja<\/strong><\/li>\n<li><strong><strong><a href=\"http:\/\/revistaeco.cepcordoba.es\/index.php\/2023\/04\/07\/resena-6\/\" target=\"_blank\" rel=\"noopener\">Sin fines de lucro. C. NUSSBAUM, Martha<\/a>. <\/strong><\/strong><strong style=\"font-size: revert;\">Mar\u00eda de las Nieves Garc\u00eda Pareja<\/strong><\/li>\n<li><strong><a href=\"http:\/\/revistaeco.cepcordoba.es\/index.php\/2023\/04\/07\/resena-4\/\" target=\"_blank\" rel=\"noopener\">Proyecto ling\u00fc\u00edstico de centro. C\u00f3mo abordar la mejora de las habilidades comunicativas desde la instituci\u00f3n escolar. FABREGAT BARRIOS, Santiago<\/a>. Beatriz Mart\u00ednez Serrano<\/strong><\/li>\n<\/ul>\n<p class=\"first-p\"><\/div>\n","protected":false},"excerpt":{"rendered":"<p>EDITORIAL &nbsp; &nbsp; ART\u00cdCULOS EXPERIENCIAS EDUCATIVAS RESE\u00d1AS<\/p>\n","protected":false},"author":1,"featured_media":0,"parent":0,"menu_order":0,"comment_status":"closed","ping_status":"closed","template":"template-twocolumnsleft.php","meta":{"jetpack_post_was_ever_published":false,"footnotes":""},"class_list":["post-5395","page","type-page","status-publish","hentry","nodate","item-wrap"],"jetpack_sharing_enabled":true,"jetpack_shortlink":"https:\/\/wp.me\/P8j08t-1p1","_links":{"self":[{"href":"https:\/\/revistaeco.cepcordoba.es\/index.php\/wp-json\/wp\/v2\/pages\/5395","targetHints":{"allow":["GET"]}}],"collection":[{"href":"https:\/\/revistaeco.cepcordoba.es\/index.php\/wp-json\/wp\/v2\/pages"}],"about":[{"href":"https:\/\/revistaeco.cepcordoba.es\/index.php\/wp-json\/wp\/v2\/types\/page"}],"author":[{"embeddable":true,"href":"https:\/\/revistaeco.cepcordoba.es\/index.php\/wp-json\/wp\/v2\/users\/1"}],"replies":[{"embeddable":true,"href":"https:\/\/revistaeco.cepcordoba.es\/index.php\/wp-json\/wp\/v2\/comments?post=5395"}],"version-history":[{"count":30,"href":"https:\/\/revistaeco.cepcordoba.es\/index.php\/wp-json\/wp\/v2\/pages\/5395\/revisions"}],"predecessor-version":[{"id":5723,"href":"https:\/\/revistaeco.cepcordoba.es\/index.php\/wp-json\/wp\/v2\/pages\/5395\/revisions\/5723"}],"wp:attachment":[{"href":"https:\/\/revistaeco.cepcordoba.es\/index.php\/wp-json\/wp\/v2\/media?parent=5395"}],"curies":[{"name":"wp","href":"https:\/\/api.w.org\/{rel}","templated":true}]}}