{"id":5643,"date":"2024-04-13T15:38:26","date_gmt":"2024-04-13T14:38:26","guid":{"rendered":"https:\/\/revistaeco.cepcordoba.es\/?page_id=5643"},"modified":"2025-03-29T19:09:44","modified_gmt":"2025-03-29T18:09:44","slug":"sumario-revista-eco-no-21","status":"publish","type":"page","link":"https:\/\/revistaeco.cepcordoba.es\/index.php\/sumario-revista-eco-no-21\/","title":{"rendered":"Sumario Revista eCO N\u00ba 21"},"content":{"rendered":"<h2><strong>EDITORIAL<\/strong><\/h2>\n<div class=\"alert alert-success\" role=\"alert\"><p class=\"printonly\"><strong>Important!<\/strong><\/p><\/p>\n<p class=\"first-p\"><a href=\"https:\/\/revistaeco.cepcordoba.es\/index.php\/2024\/04\/13\/editorial-13\/\" target=\"_blank\" rel=\"noopener\"><b>Editorial del n\u00famero e-CO n\u00ba 21<\/b><\/a><\/p>\n<p><\/div>\n\n\n<h2 class=\"wp-block-heading\"><strong>ART\u00cdCULOS<\/strong><\/h2>\n\n\n\n<div class=\"alert alert-warning\" role=\"alert\"><p class=\"printonly\"><strong>Warning!<\/strong><\/p><\/p>\n<ul>\n<li><a href=\"https:\/\/revistaeco.cepcordoba.es\/?p=5649\" target=\"_blank\" rel=\"noopener\"><strong>Gesti\u00f3n estudiantil y las habilidades del trabajo aut\u00f3nomo en pandemia<\/strong><\/a>. <strong style=\"font-size: revert;\"><strong style=\"font-size: revert;\">Hern\u00e1n Humberto Caballero Vera y <\/strong><\/strong><strong style=\"font-size: revert;\">Francisco Omar Cede\u00f1o Loor<\/strong><\/li>\n<li><strong><a href=\"https:\/\/revistaeco.cepcordoba.es\/?p=5661\" target=\"_blank\" rel=\"noopener\">El tiempo como categor\u00eda para la vida y para la ense\u00f1anza. Contribuci\u00f3n desde la asignatura de Religi\u00f3n.<\/a> Miguel G\u00f3mez Mu\u00f1oz<\/strong><\/li>\n<li><a href=\"https:\/\/revistaeco.cepcordoba.es\/index.php\/2024\/04\/17\/percepcion-del-profesorado-sobre-la-inteligencia-emocional-autoestima-y-motivacion-del-alumnado-en-murcia\/\" target=\"_blank\" rel=\"noopener\"><strong>Percepci\u00f3n del profesorado sobre la Inteligencia Emocional, autoestima y motivaci\u00f3n del alumnado en Murcia<\/strong><\/a>. <strong style=\"font-size: revert;\"><strong style=\"font-size: revert;\">Gloria Mengual Mart\u00ednez, <\/strong><\/strong><strong style=\"font-size: revert;\">Norberto L\u00f3pez N\u00fa\u00f1ez y Olivia L\u00f3pez Mart\u00ednez<\/strong><\/li>\n<li><strong><a href=\"https:\/\/revistaeco.cepcordoba.es\/index.php\/2024\/04\/13\/evolucion-de-la-percepcion-del-alumnado-3-12-anos-sobre-la-participacion-de-la-familia-en-las-tareas-del-hogar-2016-2023\/\" target=\"_blank\" rel=\"noopener\">Evoluci\u00f3n de la percepci\u00f3n del alumnado (3-12 a\u00f1os) sobre la participaci\u00f3n de la familia en las tareas del hogar (2016-2023)<\/a>.<\/strong> <strong><strong>V\u00edctor Pablo Pardo Arquero y <\/strong><\/strong><strong style=\"font-size: revert;\">Manuela Servi\u00e1n Fern\u00e1ndez<\/strong><\/li>\n<li><strong><a href=\"https:\/\/revistaeco.cepcordoba.es\/index.php\/2024\/04\/13\/percepcion-por-los-docentes-de-la-coeducacion-en-un-colegio-3-12-anos\/\" target=\"_blank\" rel=\"noopener\">Percepci\u00f3n por los docentes de la Coeducaci\u00f3n en un colegio (3-12 a\u00f1os).<\/a> V\u00edctor Pablo Pardo Arquero<\/strong><\/li>\n<\/ul>\n<p class=\"first-p\"><\/div>\n\n\n\n<h2 class=\"wp-block-heading\"><strong>EXPERIENCIAS EDUCATIVAS<\/strong><\/h2>\n\n\n\n<div class=\"alert alert-warning\" role=\"alert\"><p class=\"printonly\"><strong>Warning!<\/strong><\/p><\/p>\n<ul>\n<li><strong><a href=\"https:\/\/revistaeco.cepcordoba.es\/index.php\/2024\/05\/20\/el-aula-divertida-con-el-aprendizaje-basado-en-juegos\/\" target=\"_blank\" rel=\"noopener\">El aula divertida con el aprendizaje basado en juegos<\/a>. Pedro Giraldo Granados<\/strong><\/li>\n<li><strong>&nbsp;<a href=\"https:\/\/revistaeco.cepcordoba.es\/index.php\/2024\/04\/13\/mi-cole-apuesta-por-un-mundo-mas-ecologico\/\" target=\"_blank\" rel=\"noopener\">Mi cole apuesta por un mundo m\u00e1s ecol\u00f3gico<\/a><\/strong>. <strong style=\"font-size: revert;\"><strong style=\"font-size: revert;\">Sara Lucena Lorenzo y <\/strong><\/strong><strong style=\"font-size: revert;\">V\u00edctor Pablo Pardo Arquero<\/strong><\/li>\n<li><a href=\"https:\/\/revistaeco.cepcordoba.es\/index.php\/2024\/04\/13\/ajedrez-educativo-experiencia-de-la-implantacion-del-programa-auladjaque-en-el-ies-medina-azahara-de-cordoba\/\" target=\"_blank\" rel=\"noopener\"><strong>Ajedrez educativo: Experiencia de la implantaci\u00f3n del programa <em>auladjaque<\/em> en el IES Medina Azahara de C\u00f3rdoba.<\/strong> <\/a><strong style=\"font-size: revert;\">Rafael Mendoza Yusta<\/strong><\/li>\n<li><strong><a href=\"https:\/\/revistaeco.cepcordoba.es\/index.php\/2024\/04\/13\/intercine-a-ver-roes-un-proyecto-cinematografico-departamental-en-ciencias-sociales\/\" target=\"_blank\" rel=\"noopener\">INTERCINE A-VER-ROES: un proyecto cinematogr\u00e1fico departamental en Ciencias Sociales<\/a>.&nbsp; Jos\u00e9 Ram\u00f3n Pedraza Serrano&nbsp;<\/strong><\/li>\n<li><strong><a href=\"https:\/\/revistaeco.cepcordoba.es\/index.php\/2024\/04\/13\/patrimonio-de-memoria-los-lugares-de-memoria-en-la-provincia-de-cordoba\/\" target=\"_blank\" rel=\"noopener\">Patrimonio de memoria: los lugares de memoria en la provincia de C\u00f3rdoba.<\/a> Miguel \u00c1ngel Pe\u00f1a Mu\u00f1oz<\/strong><\/li>\n<li><a href=\"https:\/\/revistaeco.cepcordoba.es\/index.php\/2024\/04\/13\/propuesta-de-intervencion-educativa-a-traves-de-la-comunicacion-no-violenta\/\" target=\"_blank\" rel=\"noopener\"><strong>Propuesta de intervenci\u00f3n educativa a trav\u00e9s de la comunicaci\u00f3n no violenta.<\/strong> <\/a><strong style=\"font-size: revert;\">Vanessa Rubio Camacho<\/strong><\/li>\n<li><strong><a href=\"https:\/\/revistaeco.cepcordoba.es\/index.php\/2024\/04\/16\/encyclopaideia-gamificacion-y-experiencias-interdisciplinares-a-partir-de-la-asignatura-de-griego-antiguo\/\" target=\"_blank\" rel=\"noopener\"><em>Encyclopaideia: G<\/em>amificaci\u00f3n y experiencias interdisciplinares a partir de la asignatura de Griego antiguo<\/a>. Alejandro Valverde Garc\u00eda<\/strong><\/li>\n<\/ul>\n<p class=\"first-p\"><\/div>\n\n\n\n<h2><strong>RESE\u00d1AS<\/strong><\/h2>\n\n\n\n<div class=\"alert alert-warning\" role=\"alert\"><p class=\"printonly\"><strong>Warning!<\/strong><\/p><\/p>\n<ul>\n<li><strong><a href=\"https:\/\/revistaeco.cepcordoba.es\/index.php\/2024\/06\/06\/resena-10\/\" target=\"_blank\" rel=\"noopener\">El valor de la atenci\u00f3n. Por qu\u00e9 nos la robaron y como recuperarla. Johann Hari<\/a>. Mar\u00eda de las Nieves Garc\u00eda Pareja.<\/strong><\/li>\n<li><strong><strong><a href=\"https:\/\/revistaeco.cepcordoba.es\/index.php\/2024\/04\/13\/resena-7\/\" target=\"_blank\" rel=\"noopener\">Manual de buen maestro. [abst\u00e9ngase los que creen que ya lo son].\u00a0 MONTBIO, John C<\/a>. <\/strong><\/strong><strong style=\"font-size: revert;\">Norberto L\u00f3pez N\u00fa\u00f1ez<\/strong><\/li>\n<li><a href=\"https:\/\/revistaeco.cepcordoba.es\/index.php\/2024\/04\/13\/resena-8\/\" target=\"_blank\" rel=\"noopener\"><strong><strong>Antonio Ja\u00e9n Morente. \u00a0Guerra y exilio. Manuel Toribio Garc\u00eda. <\/strong><\/strong><\/a><strong style=\"font-size: revert;\">Juan Mainer Baqu\u00e9<\/strong><\/li>\n<li><strong><strong><a href=\"https:\/\/revistaeco.cepcordoba.es\/index.php\/2024\/04\/13\/resena-9\/\" target=\"_blank\" rel=\"noopener\">Sanar desde adentro. Las 5 Leyes Biol\u00f3gicas y Mindfulness. Pardo, Cristina y Perea, Manuel.<\/a>\u00a0 <\/strong><\/strong><strong style=\"font-size: revert;\">Cristina Pardo Arquero y <\/strong><strong style=\"font-size: revert;\">Manuel Perea Blanco<\/strong><\/li>\n<\/ul>\n<p class=\"first-p\"><\/div>\n<h2><strong>ENTREVISTA<\/strong><\/h2>\n<div class=\"alert alert-warning\" role=\"alert\"><p class=\"printonly\"><strong>Warning!<\/strong><\/p><\/p>\n<ul>\n<li style=\"list-style-type: none;\">\n<ul>\n<li><a href=\"https:\/\/revistaeco.cepcordoba.es\/?p=5805\" target=\"_blank\" rel=\"noopener\"><b>Entrevista a Manuel A. Jim\u00e9nez G\u00f3mez<\/b><\/a><\/li>\n<\/ul>\n<\/li>\n<\/ul>\n<p class=\"first-p\">\u00a0<\/p>\n<p><\/div>\n","protected":false},"excerpt":{"rendered":"<p>EDITORIAL ART\u00cdCULOS EXPERIENCIAS EDUCATIVAS RESE\u00d1AS ENTREVISTA<\/p>\n","protected":false},"author":1,"featured_media":0,"parent":0,"menu_order":0,"comment_status":"closed","ping_status":"closed","template":"template-twocolumnsleft.php","meta":{"jetpack_post_was_ever_published":false,"footnotes":""},"class_list":["post-5643","page","type-page","status-publish","hentry","nodate","item-wrap"],"jetpack_sharing_enabled":true,"jetpack_shortlink":"https:\/\/wp.me\/P8j08t-1t1","_links":{"self":[{"href":"https:\/\/revistaeco.cepcordoba.es\/index.php\/wp-json\/wp\/v2\/pages\/5643","targetHints":{"allow":["GET"]}}],"collection":[{"href":"https:\/\/revistaeco.cepcordoba.es\/index.php\/wp-json\/wp\/v2\/pages"}],"about":[{"href":"https:\/\/revistaeco.cepcordoba.es\/index.php\/wp-json\/wp\/v2\/types\/page"}],"author":[{"embeddable":true,"href":"https:\/\/revistaeco.cepcordoba.es\/index.php\/wp-json\/wp\/v2\/users\/1"}],"replies":[{"embeddable":true,"href":"https:\/\/revistaeco.cepcordoba.es\/index.php\/wp-json\/wp\/v2\/comments?post=5643"}],"version-history":[{"count":31,"href":"https:\/\/revistaeco.cepcordoba.es\/index.php\/wp-json\/wp\/v2\/pages\/5643\/revisions"}],"predecessor-version":[{"id":5807,"href":"https:\/\/revistaeco.cepcordoba.es\/index.php\/wp-json\/wp\/v2\/pages\/5643\/revisions\/5807"}],"wp:attachment":[{"href":"https:\/\/revistaeco.cepcordoba.es\/index.php\/wp-json\/wp\/v2\/media?parent=5643"}],"curies":[{"name":"wp","href":"https:\/\/api.w.org\/{rel}","templated":true}]}}