{"id":5813,"date":"2025-03-24T16:45:49","date_gmt":"2025-03-24T15:45:49","guid":{"rendered":"https:\/\/revistaeco.cepcordoba.es\/?page_id=5813"},"modified":"2025-07-29T15:43:09","modified_gmt":"2025-07-29T14:43:09","slug":"sumario-revista-e-co-no-22","status":"publish","type":"page","link":"https:\/\/revistaeco.cepcordoba.es\/index.php\/sumario-revista-e-co-no-22\/","title":{"rendered":"Sumario Revista e-CO N\u00ba 22"},"content":{"rendered":"<h2><strong>EDITORIAL<\/strong><\/h2>\n<div class=\"alert alert-success\" role=\"alert\"><p class=\"printonly\"><strong>Important!<\/strong><\/p><\/p>\n<p class=\"first-p\"><a href=\"https:\/\/revistaeco.cepcordoba.es\/index.php\/2025\/04\/11\/editorial-22\/\" target=\"_blank\" rel=\"noopener\"><b>Editorial del n\u00famero e-CO n\u00ba 22<\/b><\/a><\/p>\n<p><a href=\"https:\/\/revistaeco.cepcordoba.es\/index.php\/2025\/06\/06\/para-elisa\/\" target=\"_blank\" rel=\"noopener\"><strong>Para Elisa. Antonio G\u00f3mez P\u00e9rez<\/strong><\/a><\/p>\n<p><\/div>\n\n\n<h2 class=\"wp-block-heading\"><strong>ART\u00cdCULOS<\/strong><\/h2>\n\n\n\n<div class=\"alert alert-warning\" role=\"alert\"><p class=\"printonly\"><strong>Warning!<\/strong><\/p><\/p>\n<ul>\n<li><a href=\"https:\/\/revistaeco.cepcordoba.es\/index.php\/2025\/04\/03\/himulitex-protocolo-de-analisis-para-libros-de-texto-de-educacion-secundaria-obligatoria-sobre-actividades-de-historia-de-la-musica\/\" target=\"_blank\" rel=\"noopener\"><strong>HiMuLiTex: Protocolo de an\u00e1lisis para libros de texto de Educaci\u00f3n Secundaria Obligatoria sobre actividades de Historia de la M\u00fasica.<\/strong><\/a> <strong style=\"font-size: revert;\"><strong style=\"font-size: revert;\">Mar\u00eda del Carmen De Gea Quir\u00f3s, <\/strong><\/strong><strong style=\"font-size: revert;\">Norberto L\u00f3pez N\u00fa\u00f1ez y <strong>Raimundo Antonio Rodr\u00edguez P\u00e9rez<\/strong><\/strong><\/li>\n<li><strong><a href=\"https:\/\/revistaeco.cepcordoba.es\/index.php\/2025\/03\/24\/el-parque-de-la-asomadilla-una-nueva-propuesta-didactica-siete-anos-despues\/\" target=\"_blank\" rel=\"noopener\">El Parque de la Asomadilla, una nueva propuesta did\u00e1ctica siete a\u00f1os despu\u00e9s<\/a>. Rafael Gonz\u00e1lez Requena<\/strong><\/li>\n<li><strong><a href=\"https:\/\/revistaeco.cepcordoba.es\/index.php\/2025\/03\/24\/explorando-el-mundo-a-traves-de-los-sonidos-ensenanza-de-los-paisajes-sonoros-en-secundaria\/\" target=\"_blank\" rel=\"noopener\">Explorando el mundo a trav\u00e9s de los sonidos: Ense\u00f1anza de los paisajes sonoros en Educaci\u00f3n Secundaria<\/a>. Jos\u00e9 Manuel Lara Fuillerat y Jos\u00e9 Moraga Campos<\/strong><\/li>\n<li><strong><a href=\"https:\/\/revistaeco.cepcordoba.es\/index.php\/2025\/03\/29\/de-los-deportes-extraescolares-a-las-actividades-fisicas-escolares\/\" target=\"_blank\" rel=\"noopener\">De los deportes extraescolares a las actividades f\u00edsicas escolares.<\/a> Rafael Padillo Urbano y <\/strong><strong><strong>V\u00edctor Pablo Pardo Arquero&nbsp;<\/strong><\/strong><\/li>\n<li><a href=\"https:\/\/revistaeco.cepcordoba.es\/index.php\/2025\/03\/29\/marco-legal-para-los-docentes-investigadores-en-educacion-primaria\/\" target=\"_blank\" rel=\"noopener\"><strong>Marco legal para los docentes investigadores en Educaci\u00f3n Primaria<\/strong><\/a>. <strong style=\"font-size: revert;\">David J. Pardo Arquero y <strong>V\u00edctor P. Pardo Arquero<\/strong><\/strong><\/li>\n<li><strong><a href=\"https:\/\/revistaeco.cepcordoba.es\/index.php\/2025\/03\/29\/percepcion-de-la-diversidad-de-generos-por-los-docentes\/\" target=\"_blank\" rel=\"noopener\">Percepci\u00f3n de la diversidad de g\u00e9neros por los docentes<\/a> . V\u00edctor Pablo Pardo Arquero<\/strong><\/li>\n<li><a href=\"https:\/\/revistaeco.cepcordoba.es\/index.php\/2025\/04\/09\/pantallas-pornografia-y-violencia-en-la-infancia-y-adolescencia-la-educacion-sexual-integral-y-el-sistema-de-ayuda-entre-iguales-como-respuesta\/\" target=\"_blank\" rel=\"noopener\"><strong>Pantallas, pornograf\u00eda y violencia en la infancia y adolescencia. La Educaci\u00f3n Sexual Integral y el Sistema de Ayuda entre Iguales como respuesta<\/strong><\/a>. <strong style=\"font-size: revert;\">Manuel R\u00edos Mac\u00edas y <strong>Violeta Veredas Mill\u00e1n<\/strong><\/strong><\/li>\n<\/ul>\n<p class=\"first-p\"><\/div>\n\n\n\n<h2 class=\"wp-block-heading\"><strong>EXPERIENCIAS EDUCATIVAS<\/strong><\/h2>\n\n\n\n<div class=\"alert alert-warning\" role=\"alert\"><p class=\"printonly\"><strong>Warning!<\/strong><\/p><\/p>\n<ul>\n<li><strong><a href=\"https:\/\/revistaeco.cepcordoba.es\/index.php\/2025\/06\/13\/edutubers-el-video-que-mato-a-la-estrella-del-estrado\/\" target=\"_blank\" rel=\"noopener\">Edutubers: el video que mat\u00f3 a la estrella del estrado (Diario docente en medio de una pandemia).<\/a> Jos\u00e9 Ram\u00f3n Pedraza Serrano<\/strong><\/li>\n<li><strong><a href=\"https:\/\/revistaeco.cepcordoba.es\/index.php\/2025\/04\/09\/recursos-para-el-trabajo-de-la-destreza-de-comprension-oral-en-lengua-espanola\/\" target=\"_blank\" rel=\"noopener\">Recursos para el trabajo de la destreza de la compresi\u00f3n oral en Lengua espa\u00f1ola<\/a><\/strong>. <strong>Estrella Ram\u00edrez Quesada<\/strong><\/li>\n<\/ul>\n<p class=\"first-p\"><\/div>\n\n\n\n<h2><strong>RESE\u00d1AS<\/strong><\/h2>\n\n\n\n<div class=\"alert alert-warning\" role=\"alert\"><p class=\"printonly\"><strong>Warning!<\/strong><\/p><\/p>\n<ul>\n<li><strong><a href=\"https:\/\/revistaeco.cepcordoba.es\/index.php\/2025\/04\/01\/resena-13\/\" target=\"_blank\" rel=\"noopener\">M\u00fasica para la Educaci\u00f3n Infantil: Elementos did\u00e1cticos, te\u00f3ricos y pr\u00e1cticos.<\/a> L\u00f3pez Melgarejo, A. M., L\u00f3pez N\u00fa\u00f1ez, N. y Montoya Rubio, J. C.\u00a0 Autora de la Rese\u00f1a: Dolores Fuensanta Buend\u00eda Vivo<\/strong><\/li>\n<li><strong><strong><a href=\"https:\/\/revistaeco.cepcordoba.es\/index.php\/2025\/03\/29\/resena-11\/\" target=\"_blank\" rel=\"noopener\">Del elitismo a la masificaci\u00f3n. Historia y memorias del bachillerato en el Ram\u00f3n y Cajal de Huesca (1931-1990).<\/a>\u00a0 <\/strong><\/strong><strong style=\"font-size: revert;\">Juan Mainer Baqu\u00e9. Autor de la rese\u00f1a: Manuel Toribio Garc\u00eda.<\/strong><\/li>\n<li><strong><a href=\"http:\/\/revistaeco.cepcordoba.es\/wp-content\/uploads\/2025\/03\/Toribio2.pdf\" target=\"_blank\" rel=\"noopener\">Rep\u00fablica, exilio y poes\u00eda. La memoria rescatada de Gonzalo Mart\u00ednez Sadoc<\/a>. Jos\u00e9 Jurado Morales.\u00a0 Autor de la rese\u00f1a: Manuel Toribio Garc\u00eda.<\/strong><\/li>\n<\/ul>\n<p class=\"first-p\"><\/div>\n<h2><strong>ENTREVISTA<\/strong><\/h2>\n<div class=\"alert alert-warning\" role=\"alert\"><p class=\"printonly\"><strong>Warning!<\/strong><\/p><\/p>\n<ul>\n<li style=\"list-style-type: none;\">\n<ul>\n<li><b><a href=\"https:\/\/revistaeco.cepcordoba.es\/index.php\/2025\/03\/29\/entrevista-a-juan-carlos-montoya-rubio\/\" target=\"_blank\" rel=\"noopener\">Entrevista a Juan Carlos Montoya Rubio<\/a>. Por Norberto L\u00f3pez N\u00fa\u00f1ez<\/b><\/li>\n<li><strong><a href=\"https:\/\/revistaeco.cepcordoba.es\/index.php\/2025\/04\/11\/entrvista-a-cristobal-baena-sanchez\/\" target=\"_blank\" rel=\"noopener\">Entrevista a Crist\u00f3bal Baena S\u00e1nchez<\/a>. Equipo de redacci\u00f3n<\/strong><\/li>\n<li><a href=\"https:\/\/revistaeco.cepcordoba.es\/index.php\/2025\/06\/23\/entrevista-a-beatriz-martinez-serrano\/\" target=\"_blank\" rel=\"noopener\"><strong>Entrevista a Beatriz Mart\u00ednez Serrano<\/strong><\/a>. <strong>Equipo de redacci\u00f3n<\/strong><\/li>\n<li><strong><a href=\"https:\/\/revistaeco.cepcordoba.es\/index.php\/2025\/04\/21\/entrevista-a-margarita-tejederas-dorado\/\" target=\"_blank\" rel=\"noopener\">Entrevista a Margarita Tejederas Dorado<\/a>. Equipo de redacci\u00f3n<\/strong><\/li>\n<\/ul>\n<\/li>\n<\/ul>\n<p class=\"first-p\">\u00a0<\/p>\n<p><\/div>\n","protected":false},"excerpt":{"rendered":"<p>EDITORIAL ART\u00cdCULOS EXPERIENCIAS EDUCATIVAS RESE\u00d1AS ENTREVISTA<\/p>\n","protected":false},"author":1,"featured_media":0,"parent":0,"menu_order":0,"comment_status":"closed","ping_status":"closed","template":"template-twocolumnsleft.php","meta":{"jetpack_post_was_ever_published":false,"footnotes":""},"class_list":["post-5813","page","type-page","status-publish","hentry","nodate","item-wrap"],"jetpack_sharing_enabled":true,"jetpack_shortlink":"https:\/\/wp.me\/P8j08t-1vL","_links":{"self":[{"href":"https:\/\/revistaeco.cepcordoba.es\/index.php\/wp-json\/wp\/v2\/pages\/5813","targetHints":{"allow":["GET"]}}],"collection":[{"href":"https:\/\/revistaeco.cepcordoba.es\/index.php\/wp-json\/wp\/v2\/pages"}],"about":[{"href":"https:\/\/revistaeco.cepcordoba.es\/index.php\/wp-json\/wp\/v2\/types\/page"}],"author":[{"embeddable":true,"href":"https:\/\/revistaeco.cepcordoba.es\/index.php\/wp-json\/wp\/v2\/users\/1"}],"replies":[{"embeddable":true,"href":"https:\/\/revistaeco.cepcordoba.es\/index.php\/wp-json\/wp\/v2\/comments?post=5813"}],"version-history":[{"count":27,"href":"https:\/\/revistaeco.cepcordoba.es\/index.php\/wp-json\/wp\/v2\/pages\/5813\/revisions"}],"predecessor-version":[{"id":6070,"href":"https:\/\/revistaeco.cepcordoba.es\/index.php\/wp-json\/wp\/v2\/pages\/5813\/revisions\/6070"}],"wp:attachment":[{"href":"https:\/\/revistaeco.cepcordoba.es\/index.php\/wp-json\/wp\/v2\/media?parent=5813"}],"curies":[{"name":"wp","href":"https:\/\/api.w.org\/{rel}","templated":true}]}}