{"id":6067,"date":"2026-03-28T17:18:58","date_gmt":"2026-03-28T16:18:58","guid":{"rendered":"https:\/\/revistaeco.cepcordoba.es\/?page_id=6067"},"modified":"2026-04-17T17:12:21","modified_gmt":"2026-04-17T16:12:21","slug":"sumario-revista-e-co-no-23","status":"publish","type":"page","link":"https:\/\/revistaeco.cepcordoba.es\/","title":{"rendered":"Sumario Revista eCO N\u00ba 23"},"content":{"rendered":"\n<h2 class=\"wp-block-heading\"><strong>EDITORIAL<\/strong><\/h2>\n\n\n<div class=\"alert alert-success\" role=\"alert\"><p class=\"printonly\"><strong>Important!<\/strong><\/p><\/p>\n<p class=\"first-p\"><a href=\"https:\/\/revistaeco.cepcordoba.es\/index.php\/2026\/04\/01\/editorial-23\/\" target=\"_blank\" rel=\"noopener\"><b>Editorial del n\u00famero eCO n\u00ba 23<\/b><\/a><\/p>\n<p><\/div>\n\n\n<h2 class=\"wp-block-heading\"><strong>ART\u00cdCULOS<\/strong><\/h2>\n\n\n\n<div class=\"alert alert-warning\" role=\"alert\"><p class=\"printonly\"><strong>Warning!<\/strong><\/p><\/p>\n<ul>\n<li><strong><a href=\"https:\/\/revistaeco.cepcordoba.es\/index.php\/2026\/03\/28\/la-gramatica-de-construcciones-gxc-como-herramienta-pedagogica-en-el-aula-de-lengua-extranjera-ingles\/\" target=\"_blank\" rel=\"noopener\">La Gram\u00e1tica de Construcciones (GxC) como herramienta pedag\u00f3gica en el aula de lengua extranjera (ingl\u00e9s)<\/a>.<\/strong>&nbsp;<b>Francisco Rafael Alcal\u00e1 Moreno<\/b><\/li>\n<li><strong><a href=\"https:\/\/revistaeco.cepcordoba.es\/index.php\/2026\/03\/29\/la-educacion-musical-frente-a-las-metodologias-activas-generales\/\" target=\"_blank\" rel=\"noopener\">La educaci\u00f3n musical frente a las metodolog\u00edas activas generales<\/a>. P<\/strong><strong style=\"font-size: revert;\">edro Giraldo Granados<\/strong><\/li>\n<li><strong><a href=\"https:\/\/revistaeco.cepcordoba.es\/index.php\/2026\/03\/29\/pinturas-murales-del-camarin-de-la-virgen-del-carmenen-el-convento-de-los-pp-carmelitasde-hinojosa-del-duque\/\" target=\"_blank\" rel=\"noopener\">Pinturas murales del Camar\u00edn de la Virgen del Carmen en el convento de los PP. Carmelitas de Hinojosa del Duque<\/a>. Miguel Gomez Mu\u00f1oz<\/strong><\/li>\n<li><a href=\"https:\/\/revistaeco.cepcordoba.es\/index.php\/2026\/04\/01\/la-noche-de-los-tambores-de-mula-perspectiva-docente-desde-el-aula-de-primaria\/\" target=\"_blank\" rel=\"noopener\"><strong>La <em>Noche de los Tambores <\/em>de Mula: perspectiva docente desde el aula de Primaria<\/strong><\/a>. <strong style=\"font-size: revert;\">Alba Mar\u00eda L\u00f3pez Melgarejo y&nbsp;<\/strong><strong style=\"font-size: revert;\">Norberto L\u00f3pez N\u00fa\u00f1ez<\/strong><\/li>\n<li><strong><a href=\"https:\/\/revistaeco.cepcordoba.es\/index.php\/2026\/03\/29\/filosofia-y-crisis-medioambiental\/\" target=\"_blank\" rel=\"noopener\">Filosof\u00eda y crisis medioambiental<\/a>. Jos\u00e9 Antonio P\u00e9rez Sequeiros<\/strong><\/li>\n<\/ul>\n<p class=\"first-p\"><\/div>\n<p> <\/p>\n<p>&nbsp;<\/p>\n\n\n\n<h2><strong>RESE\u00d1AS<\/strong><\/h2>\n\n\n<div class=\"alert alert-warning\" role=\"alert\"><p class=\"printonly\"><strong>Warning!<\/strong><\/p><\/p>\n<ul>\n<li><strong><strong><a href=\"https:\/\/revistaeco.cepcordoba.es\/index.php\/2026\/03\/29\/resena-14\/\" target=\"_blank\" rel=\"noopener\">L\u00f3pez Melgarejo, A. M., L\u00f3pez N\u00fa\u00f1ez, N. y Montoya Rubio, J. C. (2024). M\u00fasica para la Educaci\u00f3n Primaria: Planteamientos hist\u00f3ricos y metodol\u00f3gicos para abordar las Situaciones de Aprendizaje<\/a>.\u00a0 Autor de la Rese\u00f1a: <\/strong><\/strong><strong style=\"font-size: revert;\">Jos\u00e9 Luis Ju\u00e1rez Garc\u00eda<\/strong><\/li>\n<li><a href=\"https:\/\/revistaeco.cepcordoba.es\/index.php\/2026\/03\/29\/resena-15\/\" target=\"_blank\" rel=\"noopener\"><strong>Pascual Mej\u00eda, P. Did\u00e1ctica de la M\u00fasica para Primaria<\/strong><\/a>.\u00a0<strong> Autor de la rese\u00f1a:<\/strong> <strong style=\"font-size: revert;\">Mauro Mira Mart\u00ednez<\/strong><\/li>\n<li><a href=\"https:\/\/revistaeco.cepcordoba.es\/index.php\/2026\/03\/29\/resena-16\/\" target=\"_blank\" rel=\"noopener\"><strong>Capistr\u00e1n Gracia, R. W., Mu\u00f1oz Mac\u00edas, P. S., Rodr\u00edguez Ruiz, S., &amp; Couti\u00f1o Guti\u00e9rrez, A. M. (2020). Educaci\u00f3n musical para preescolar, primaria y secundaria<\/strong><\/a>. <strong>Autora de la Rese\u00f1a:<\/strong> <strong style=\"font-size: revert;\">Laura Navarro Mart\u00ednez<\/strong><\/li>\n<li><strong><a href=\"https:\/\/revistaeco.cepcordoba.es\/index.php\/2026\/03\/29\/resena-17\/\" target=\"_blank\" rel=\"noopener\">Oficio de historiador. A prop\u00f3sito de dos libros de Antonio Barrag\u00e1n Moriana<\/a>. Autor de la rese\u00f1a: Manuel Toribio Garc\u00eda.<\/strong><\/li>\n<\/ul>\n<p class=\"first-p\"><\/div>\n<h2><strong>ENTREVISTA<\/strong><\/h2>\n<div class=\"alert alert-warning\" role=\"alert\"><p class=\"printonly\"><strong>Warning!<\/strong><\/p><\/p>\n<ul>\n<li style=\"list-style-type: none;\">\n<ul>\n<li><a href=\"https:\/\/revistaeco.cepcordoba.es\/index.php\/2026\/04\/14\/entrevista-a-francisco-ramon-merino-mesa\/\" target=\"_blank\" rel=\"noopener\"><strong>Entrevista a Francisco Ram\u00f3n Merino Mesa. Equipo de redacci\u00f3n<\/strong><\/a><\/li>\n<\/ul>\n<\/li>\n<\/ul>\n<p class=\"first-p\"><\/div>","protected":false},"excerpt":{"rendered":"<p>EDITORIAL ART\u00cdCULOS &nbsp; RESE\u00d1AS ENTREVISTA<\/p>\n","protected":false},"author":1,"featured_media":0,"parent":0,"menu_order":0,"comment_status":"closed","ping_status":"closed","template":"template-twocolumnsleft.php","meta":{"jetpack_post_was_ever_published":false,"footnotes":""},"class_list":["post-6067","page","type-page","status-publish","hentry","nodate","item-wrap"],"jetpack_sharing_enabled":true,"jetpack_shortlink":"https:\/\/wp.me\/P8j08t-1zR","_links":{"self":[{"href":"https:\/\/revistaeco.cepcordoba.es\/index.php\/wp-json\/wp\/v2\/pages\/6067","targetHints":{"allow":["GET"]}}],"collection":[{"href":"https:\/\/revistaeco.cepcordoba.es\/index.php\/wp-json\/wp\/v2\/pages"}],"about":[{"href":"https:\/\/revistaeco.cepcordoba.es\/index.php\/wp-json\/wp\/v2\/types\/page"}],"author":[{"embeddable":true,"href":"https:\/\/revistaeco.cepcordoba.es\/index.php\/wp-json\/wp\/v2\/users\/1"}],"replies":[{"embeddable":true,"href":"https:\/\/revistaeco.cepcordoba.es\/index.php\/wp-json\/wp\/v2\/comments?post=6067"}],"version-history":[{"count":33,"href":"https:\/\/revistaeco.cepcordoba.es\/index.php\/wp-json\/wp\/v2\/pages\/6067\/revisions"}],"predecessor-version":[{"id":6335,"href":"https:\/\/revistaeco.cepcordoba.es\/index.php\/wp-json\/wp\/v2\/pages\/6067\/revisions\/6335"}],"wp:attachment":[{"href":"https:\/\/revistaeco.cepcordoba.es\/index.php\/wp-json\/wp\/v2\/media?parent=6067"}],"curies":[{"name":"wp","href":"https:\/\/api.w.org\/{rel}","templated":true}]}}